{"id":35187,"date":"2026-02-27T00:28:53","date_gmt":"2026-02-27T00:28:53","guid":{"rendered":"https:\/\/nordicmart.andreevmaster.com\/product\/songmics-kenkalaatikot-3-kpl-koko-46-asti-musta\/"},"modified":"2026-02-27T09:47:42","modified_gmt":"2026-02-27T09:47:42","slug":"songmics-kenkalaatikot-3-kpl-koko-46-asti-musta","status":"publish","type":"product","link":"https:\/\/nordicmart.andreevmaster.com\/fi\/tuote\/songmics-kenkalaatikot-3-kpl-koko-46-asti-musta\/","title":{"rendered":"SONGMICS kenk\u00e4laatikot 3 kpl, koko 46 asti, musta"},"content":{"rendered":"<p>Sopii kengille kokoon 46 asti: Suurikapasiteettiset kenk\u00e4laatikot (sis\u00e4mitat: 25,5 x 33,5 x 19 cm P\/L\/K) tarjoavat runsaasti tilaa kenkien s\u00e4ilytt\u00e4miseen. Jopa erityisen suuret koripallokeng\u00e4t mahtuvat niihin! N\u00e4it\u00e4 laatikoita voi k\u00e4ytt\u00e4\u00e4 my\u00f6s lelujen, vaatteiden jne. s\u00e4ilytykseen. S\u00e4ilyt\u00e4 kenk\u00e4si laatikoissa ja siivoa eteinen. N\u00e4in v\u00e4lt\u00e4t kompastumisen. \u00c4l\u00e4 missaa t\u00e4t\u00e4 k\u00e4yt\u00e4nn\u00f6llist\u00e4 SONGMICS-muovilaatikkosarjaa! Tuotetiedot: V\u00e4ri: musta Materiaali: PP, PS Mitat per kenk\u00e4laatikko: 28 x 36 x 22 cm (P x L x K) Sis\u00e4mitat per kenk\u00e4laatikko: 25,5 x 33,5 x 19 cm (P x L x K) Kokonaispaino: 3,5 kg Toimitus sis\u00e4lt\u00e4\u00e4: 3 x kenk\u00e4laatikko 1 x ohjeet (DE, EN, FR, IT, ES) SONGMICS-ohjeet:Kokoa tuote tarkasti asennusvideon ja ohjeiden mukaisesti. Mittaa kenk\u00e4si ennen ostamista ja tarkista, ett\u00e4 ne mahtuvat n\u00e4ihin kenk\u00e4laatikoihin.<\/p>\n","protected":false},"excerpt":{"rendered":"<p>SONGMICS kenk\u00e4laatikko, 3 kpl, pinottava kenk\u00e4organisaattori, muovilaatikko l\u00e4pin\u00e4kyv\u00e4ll\u00e4 ovella, kenkien s\u00e4ilytys, kengille kokoihin 46 asti, 36 x 28 x 22 cm, l\u00e4pin\u00e4kyv\u00e4 LSP03CW<\/p>\n","protected":false},"featured_media":43777,"comment_status":"open","ping_status":"closed","template":"","meta":[],"product_brand":[],"product_cat":[32],"product_tag":[],"class_list":{"0":"post-35187","1":"product","2":"type-product","3":"status-publish","4":"has-post-thumbnail","6":"product_cat-uncategorized-fi","8":"first","9":"instock","10":"shipping-taxable","11":"purchasable","12":"product-type-simple"},"_links":{"self":[{"href":"https:\/\/nordicmart.andreevmaster.com\/fi\/wp-json\/wp\/v2\/product\/35187","targetHints":{"allow":["GET"]}}],"collection":[{"href":"https:\/\/nordicmart.andreevmaster.com\/fi\/wp-json\/wp\/v2\/product"}],"about":[{"href":"https:\/\/nordicmart.andreevmaster.com\/fi\/wp-json\/wp\/v2\/types\/product"}],"replies":[{"embeddable":true,"href":"https:\/\/nordicmart.andreevmaster.com\/fi\/wp-json\/wp\/v2\/comments?post=35187"}],"wp:featuredmedia":[{"embeddable":true,"href":"https:\/\/nordicmart.andreevmaster.com\/fi\/wp-json\/wp\/v2\/media\/43777"}],"wp:attachment":[{"href":"https:\/\/nordicmart.andreevmaster.com\/fi\/wp-json\/wp\/v2\/media?parent=35187"}],"wp:term":[{"taxonomy":"product_brand","embeddable":true,"href":"https:\/\/nordicmart.andreevmaster.com\/fi\/wp-json\/wp\/v2\/product_brand?post=35187"},{"taxonomy":"product_cat","embeddable":true,"href":"https:\/\/nordicmart.andreevmaster.com\/fi\/wp-json\/wp\/v2\/product_cat?post=35187"},{"taxonomy":"product_tag","embeddable":true,"href":"https:\/\/nordicmart.andreevmaster.com\/fi\/wp-json\/wp\/v2\/product_tag?post=35187"}],"curies":[{"name":"wp","href":"https:\/\/api.w.org\/{rel}","templated":true}]}}