{"id":35182,"date":"2026-02-27T00:28:52","date_gmt":"2026-02-27T00:28:52","guid":{"rendered":"https:\/\/nordicmart.andreevmaster.com\/product\/12-kappaleen-kenkalaatikkosetti-jossa-kansi\/"},"modified":"2026-02-27T09:47:41","modified_gmt":"2026-02-27T09:47:41","slug":"12-kappaleen-kenkalaatikkosetti-jossa-kansi","status":"publish","type":"product","link":"https:\/\/nordicmart.andreevmaster.com\/fi\/tuote\/12-kappaleen-kenkalaatikkosetti-jossa-kansi\/","title":{"rendered":"12 kappaleen kenk\u00e4laatikkosetti, jossa kansi"},"content":{"rendered":"<p>Tuotetiedot:V\u00e4ri: MustaMateriaali: PP-muovi (polypropeeni), ABS-muoviUlkomitat per laatikko: 27 x 34,5 x 19 cm (P x L x K)Sis\u00e4mitat per laatikko: 25,5 x 33 x 17,5 cm (P x L x K) Paino per laatikko: 0,74 kg Toimitus sis\u00e4lt\u00e4\u00e4: 12 x kenk\u00e4laatikko 1 x ohjeet (DE, EN, FR, IT, ES) SONGMICS Huomautukset: Kokoa tuote ohjeiden mukaisesti. Mittaa kenk\u00e4si ennen ostamista ja tarkista, ett\u00e4 ne mahtuvat n\u00e4ihin kenk\u00e4laatikoihin.<\/p>\n","protected":false},"excerpt":{"rendered":"<p>Tuotetiedot:V\u00e4ri: MustaMateriaali: PP-muovi (polypropeeni), ABS-muoviUlkomitat per laatikko: 27 x 34,5 x 19 cm (P x L x K)Sis\u00e4mitat per laatikko: 25,5 x 33 x 17,5 cm (P x L x K) Paino per laatikko: 0,74 kg Toimitus sis\u00e4lt\u00e4\u00e4: 12 x kenk\u00e4laatikko 1 x ohjeet (DE, EN, FR, IT, ES) SONGMICS Huomautukset: Kokoa tuote ohjeiden mukaisesti. [&hellip;]<\/p>\n","protected":false},"featured_media":0,"comment_status":"open","ping_status":"closed","template":"","meta":[],"product_brand":[],"product_cat":[32],"product_tag":[],"class_list":{"0":"post-35182","1":"product","2":"type-product","3":"status-publish","5":"product_cat-uncategorized-fi","7":"first","8":"instock","9":"shipping-taxable","10":"product-type-simple"},"_links":{"self":[{"href":"https:\/\/nordicmart.andreevmaster.com\/fi\/wp-json\/wp\/v2\/product\/35182","targetHints":{"allow":["GET"]}}],"collection":[{"href":"https:\/\/nordicmart.andreevmaster.com\/fi\/wp-json\/wp\/v2\/product"}],"about":[{"href":"https:\/\/nordicmart.andreevmaster.com\/fi\/wp-json\/wp\/v2\/types\/product"}],"replies":[{"embeddable":true,"href":"https:\/\/nordicmart.andreevmaster.com\/fi\/wp-json\/wp\/v2\/comments?post=35182"}],"wp:attachment":[{"href":"https:\/\/nordicmart.andreevmaster.com\/fi\/wp-json\/wp\/v2\/media?parent=35182"}],"wp:term":[{"taxonomy":"product_brand","embeddable":true,"href":"https:\/\/nordicmart.andreevmaster.com\/fi\/wp-json\/wp\/v2\/product_brand?post=35182"},{"taxonomy":"product_cat","embeddable":true,"href":"https:\/\/nordicmart.andreevmaster.com\/fi\/wp-json\/wp\/v2\/product_cat?post=35182"},{"taxonomy":"product_tag","embeddable":true,"href":"https:\/\/nordicmart.andreevmaster.com\/fi\/wp-json\/wp\/v2\/product_tag?post=35182"}],"curies":[{"name":"wp","href":"https:\/\/api.w.org\/{rel}","templated":true}]}}