{"id":35181,"date":"2026-02-27T00:28:52","date_gmt":"2026-02-27T00:28:52","guid":{"rendered":"https:\/\/nordicmart.andreevmaster.com\/product\/songmics-lapinakyva-musta-kenkalaatikko\/"},"modified":"2026-02-27T09:47:41","modified_gmt":"2026-02-27T09:47:41","slug":"songmics-lapinakyva-musta-kenkalaatikko","status":"publish","type":"product","link":"https:\/\/nordicmart.andreevmaster.com\/fi\/tuote\/songmics-lapinakyva-musta-kenkalaatikko\/","title":{"rendered":"SONGMICS l\u00e4pin\u00e4kyv\u00e4 musta kenk\u00e4laatikko"},"content":{"rendered":"<p>SONGMICS:n pinottavat muoviset kenk\u00e4laatikot \u2013 pienet tarvikkeet, suuri vaikutus! N\u00e4m\u00e4 l\u00e4pin\u00e4kyv\u00e4t laatikot eiv\u00e4t vain poista kenk\u00e4kaosta kodistasi. Niiden avulla l\u00f6yd\u00e4t my\u00f6s yhdell\u00e4 silm\u00e4yksell\u00e4 keng\u00e4t, jotka sopivat p\u00e4iv\u00e4n asuusi. K\u00e4yt\u00e4nn\u00f6llinen ovi helpottaa kenkien ottamista esille. Kest\u00e4v\u00e4 ja pinottava: Kenk\u00e4organisaattorimme on valmistettu kest\u00e4v\u00e4st\u00e4 muovista, mik\u00e4 takaa pitk\u00e4n k\u00e4ytt\u00f6i\u00e4n. Laatikko suojaa kenk\u00e4si p\u00f6lylt\u00e4. Lis\u00e4ksi useita laatikoita voidaan yhdist\u00e4\u00e4 toisiinsa mukana toimitettujen pienten liitososien avulla. N\u00e4in voit luoda kokonaisen kenk\u00e4kaapin ja s\u00e4\u00e4st\u00e4\u00e4 tilaa.Sopii kengille kokoon 45 asti: Suurikapasiteettiset kenk\u00e4laatikot (sis\u00e4mitat: 25,5 x 33 x 17,5 cm P\/L\/K) tarjoavat runsaasti tilaa kenkien s\u00e4ilytt\u00e4miseen. Tuotetiedot: V\u00e4ri: musta Materiaali: PP-muovi (polypropeeni), ABS-muovi Ulkomitat per laatikko: 27 x 34,5 x 19 cm (P x L x K) Sis\u00e4mitat per laatikko: 25,5 x 33 x 17,5 cm (P x L x K) Paino per laatikko: 0,74 kg Toimitus sis\u00e4lt\u00e4\u00e4: 6 x kenk\u00e4laatikko 1 x ohjeet (DE, EN, FR, IT, ES) SONGMICS-huomautukset:Kokoa tuote tarkasti ohjeiden mukaisesti. Mittaa kenk\u00e4si ennen ostamista ja tarkista, ett\u00e4 ne mahtuvat n\u00e4ihin kenk\u00e4laatikoihin.<\/p>\n","protected":false},"excerpt":{"rendered":"<p>SONGMICS kenk\u00e4laatikot, muoviset kenk\u00e4organisaattorit, ovella, l\u00e4pin\u00e4kyv\u00e4t, muovilaatikot, 6 kpl:n sarja, pinottavat, helppo asentaa, 27 x 34,5 x 19 cm, kengille kokoon 45 asti, musta LSP032B06<\/p>\n","protected":false},"featured_media":43773,"comment_status":"open","ping_status":"closed","template":"","meta":[],"product_brand":[],"product_cat":[32],"product_tag":[],"class_list":{"0":"post-35181","1":"product","2":"type-product","3":"status-publish","4":"has-post-thumbnail","6":"product_cat-uncategorized-fi","8":"first","9":"instock","10":"shipping-taxable","11":"purchasable","12":"product-type-simple"},"_links":{"self":[{"href":"https:\/\/nordicmart.andreevmaster.com\/fi\/wp-json\/wp\/v2\/product\/35181","targetHints":{"allow":["GET"]}}],"collection":[{"href":"https:\/\/nordicmart.andreevmaster.com\/fi\/wp-json\/wp\/v2\/product"}],"about":[{"href":"https:\/\/nordicmart.andreevmaster.com\/fi\/wp-json\/wp\/v2\/types\/product"}],"replies":[{"embeddable":true,"href":"https:\/\/nordicmart.andreevmaster.com\/fi\/wp-json\/wp\/v2\/comments?post=35181"}],"wp:featuredmedia":[{"embeddable":true,"href":"https:\/\/nordicmart.andreevmaster.com\/fi\/wp-json\/wp\/v2\/media\/43773"}],"wp:attachment":[{"href":"https:\/\/nordicmart.andreevmaster.com\/fi\/wp-json\/wp\/v2\/media?parent=35181"}],"wp:term":[{"taxonomy":"product_brand","embeddable":true,"href":"https:\/\/nordicmart.andreevmaster.com\/fi\/wp-json\/wp\/v2\/product_brand?post=35181"},{"taxonomy":"product_cat","embeddable":true,"href":"https:\/\/nordicmart.andreevmaster.com\/fi\/wp-json\/wp\/v2\/product_cat?post=35181"},{"taxonomy":"product_tag","embeddable":true,"href":"https:\/\/nordicmart.andreevmaster.com\/fi\/wp-json\/wp\/v2\/product_tag?post=35181"}],"curies":[{"name":"wp","href":"https:\/\/api.w.org\/{rel}","templated":true}]}}