{"id":35180,"date":"2026-02-27T00:28:51","date_gmt":"2026-02-27T00:28:51","guid":{"rendered":"https:\/\/nordicmart.andreevmaster.com\/product\/songmics-kenkalaatikot-harmaat\/"},"modified":"2026-02-27T09:47:40","modified_gmt":"2026-02-27T09:47:40","slug":"songmics-kenkalaatikot-harmaat","status":"publish","type":"product","link":"https:\/\/nordicmart.andreevmaster.com\/fi\/tuote\/songmics-kenkalaatikot-harmaat\/","title":{"rendered":"SONGMICS kenk\u00e4laatikot, harmaat"},"content":{"rendered":"<p>Sopii erilaisille kengille Keng\u00e4t kokoon 46 asti, olivatpa ne sitten lenkkareita, korkokenki\u00e4 tai saappaita, mahtuvat t\u00e4ydellisesti n\u00e4ihin muovilaatikoihin ja ovat tyylikk\u00e4\u00e4sti esill\u00e4. Pinottava\u00c4lykk\u00e4\u00e4n muotoilun ansiosta laatikoiden yl\u00e4- ja alaosat sopivat tarkasti toisiinsa, joten useita muovilaatikoita voidaan pinota vakaasti p\u00e4\u00e4llekk\u00e4in. N\u00e4in luot t\u00e4ydellisen kenk\u00e4kaapin ja s\u00e4\u00e4st\u00e4t tilaa. Lis\u00e4ksi vahvistettu materiaali takaa pitk\u00e4n k\u00e4ytt\u00f6i\u00e4n. Tuotetiedot:- V\u00e4ri: harmaa &#8211; Materiaali: runko PP:t\u00e4 (polypropeenia), ovi PS:\u00e4\u00e4 (polystyreeni\u00e4) &#8211; Kotelon koko: 36 x 28 x 22 cm (P x L x K) &#8211; Kotelon sis\u00e4mitat: 33,5 x 25,5 x 19 cm (P x L x K) &#8211; Paino: 6,1 kg Toimitus sis\u00e4lt\u00e4\u00e4:- 6 x kenk\u00e4laatikko &#8211; 1 x ohjeet (DE, EN, FR, IT, ES) SONGMICS-ohjeet: &#8211; Kokoa tuote tarkasti ohjeiden mukaisesti. &#8211; Mittaa kenk\u00e4si ennen ostamista ja tarkista, ett\u00e4 ne mahtuvat n\u00e4ihin kenk\u00e4laatikoihin.<\/p>\n","protected":false},"excerpt":{"rendered":"<p>SONGMICS kenk\u00e4laatikot, 6 kpl:n sarja, pinottavat kenk\u00e4organisaattorit, muovilaatikot l\u00e4pin\u00e4kyv\u00e4ll\u00e4 ovella, kenkien s\u00e4ilytys, kengille kokoon 46 asti, 36 x 28 x 22 cm, harmaa LSP031B06<\/p>\n","protected":false},"featured_media":43772,"comment_status":"open","ping_status":"closed","template":"","meta":[],"product_brand":[],"product_cat":[32],"product_tag":[],"class_list":{"0":"post-35180","1":"product","2":"type-product","3":"status-publish","4":"has-post-thumbnail","6":"product_cat-uncategorized-fi","8":"first","9":"instock","10":"shipping-taxable","11":"purchasable","12":"product-type-simple"},"_links":{"self":[{"href":"https:\/\/nordicmart.andreevmaster.com\/fi\/wp-json\/wp\/v2\/product\/35180","targetHints":{"allow":["GET"]}}],"collection":[{"href":"https:\/\/nordicmart.andreevmaster.com\/fi\/wp-json\/wp\/v2\/product"}],"about":[{"href":"https:\/\/nordicmart.andreevmaster.com\/fi\/wp-json\/wp\/v2\/types\/product"}],"replies":[{"embeddable":true,"href":"https:\/\/nordicmart.andreevmaster.com\/fi\/wp-json\/wp\/v2\/comments?post=35180"}],"wp:featuredmedia":[{"embeddable":true,"href":"https:\/\/nordicmart.andreevmaster.com\/fi\/wp-json\/wp\/v2\/media\/43772"}],"wp:attachment":[{"href":"https:\/\/nordicmart.andreevmaster.com\/fi\/wp-json\/wp\/v2\/media?parent=35180"}],"wp:term":[{"taxonomy":"product_brand","embeddable":true,"href":"https:\/\/nordicmart.andreevmaster.com\/fi\/wp-json\/wp\/v2\/product_brand?post=35180"},{"taxonomy":"product_cat","embeddable":true,"href":"https:\/\/nordicmart.andreevmaster.com\/fi\/wp-json\/wp\/v2\/product_cat?post=35180"},{"taxonomy":"product_tag","embeddable":true,"href":"https:\/\/nordicmart.andreevmaster.com\/fi\/wp-json\/wp\/v2\/product_tag?post=35180"}],"curies":[{"name":"wp","href":"https:\/\/api.w.org\/{rel}","templated":true}]}}