{"id":35179,"date":"2026-02-27T00:28:51","date_gmt":"2026-02-27T00:28:51","guid":{"rendered":"https:\/\/nordicmart.andreevmaster.com\/product\/songmics-kenkalaatikot-lapinakyva-valkoinen\/"},"modified":"2026-02-27T09:47:40","modified_gmt":"2026-02-27T09:47:40","slug":"songmics-kenkalaatikot-lapinakyva-valkoinen","status":"publish","type":"product","link":"https:\/\/nordicmart.andreevmaster.com\/fi\/tuote\/songmics-kenkalaatikot-lapinakyva-valkoinen\/","title":{"rendered":"SONGMICS kenk\u00e4laatikot, l\u00e4pin\u00e4kyv\u00e4 valkoinen"},"content":{"rendered":"<p>SONGMICS kenk\u00e4laatikot, 18 kpl:n sarja, s\u00e4ilytyslaatikot kengille, kenk\u00e4organisaattori, muovilaatikot, taitettavat ja pinottavat, kengille kokoon 44 asti, l\u00e4pin\u00e4kyv\u00e4-valkoinen LSP017W01<\/p>\n","protected":false},"excerpt":{"rendered":"<p>SONGMICS kenk\u00e4laatikot, 18 kpl:n sarja, s\u00e4ilytyslaatikot kengille, kenk\u00e4organisaattori, muovilaatikot, taitettavat ja pinottavat, kengille kokoon 44 asti, l\u00e4pin\u00e4kyv\u00e4-valkoinen LSP017W01<\/p>\n","protected":false},"featured_media":43771,"comment_status":"open","ping_status":"closed","template":"","meta":[],"product_brand":[],"product_cat":[32],"product_tag":[],"class_list":{"0":"post-35179","1":"product","2":"type-product","3":"status-publish","4":"has-post-thumbnail","6":"product_cat-uncategorized-fi","8":"first","9":"instock","10":"shipping-taxable","11":"purchasable","12":"product-type-simple"},"_links":{"self":[{"href":"https:\/\/nordicmart.andreevmaster.com\/fi\/wp-json\/wp\/v2\/product\/35179","targetHints":{"allow":["GET"]}}],"collection":[{"href":"https:\/\/nordicmart.andreevmaster.com\/fi\/wp-json\/wp\/v2\/product"}],"about":[{"href":"https:\/\/nordicmart.andreevmaster.com\/fi\/wp-json\/wp\/v2\/types\/product"}],"replies":[{"embeddable":true,"href":"https:\/\/nordicmart.andreevmaster.com\/fi\/wp-json\/wp\/v2\/comments?post=35179"}],"wp:featuredmedia":[{"embeddable":true,"href":"https:\/\/nordicmart.andreevmaster.com\/fi\/wp-json\/wp\/v2\/media\/43771"}],"wp:attachment":[{"href":"https:\/\/nordicmart.andreevmaster.com\/fi\/wp-json\/wp\/v2\/media?parent=35179"}],"wp:term":[{"taxonomy":"product_brand","embeddable":true,"href":"https:\/\/nordicmart.andreevmaster.com\/fi\/wp-json\/wp\/v2\/product_brand?post=35179"},{"taxonomy":"product_cat","embeddable":true,"href":"https:\/\/nordicmart.andreevmaster.com\/fi\/wp-json\/wp\/v2\/product_cat?post=35179"},{"taxonomy":"product_tag","embeddable":true,"href":"https:\/\/nordicmart.andreevmaster.com\/fi\/wp-json\/wp\/v2\/product_tag?post=35179"}],"curies":[{"name":"wp","href":"https:\/\/api.w.org\/{rel}","templated":true}]}}