{"id":35178,"date":"2026-02-27T00:28:51","date_gmt":"2026-02-27T00:28:51","guid":{"rendered":"https:\/\/nordicmart.andreevmaster.com\/product\/songmics-lapinakyvat-kenkalaatikot\/"},"modified":"2026-02-27T09:47:40","modified_gmt":"2026-02-27T09:47:40","slug":"songmics-lapinakyvat-kenkalaatikot","status":"publish","type":"product","link":"https:\/\/nordicmart.andreevmaster.com\/fi\/tuote\/songmics-lapinakyvat-kenkalaatikot\/","title":{"rendered":"SONGMICS l\u00e4pin\u00e4kyv\u00e4t kenk\u00e4laatikot"},"content":{"rendered":"<p>Keng\u00e4t j\u00e4rjestyksess\u00e4 Heit\u00e4tk\u00f6 kenk\u00e4si joka kerta kaappiin, jolloin ne muodostavat ajan mittaan sekavan kenk\u00e4kasaan? Sinun pit\u00e4isi p\u00e4\u00e4st\u00e4 eroon t\u00e4st\u00e4 huonosta tavasta! Hanki n\u00e4m\u00e4 10 kenk\u00e4laatikkoa ja s\u00e4ilyt\u00e4 kaikki kenk\u00e4si tyypin mukaan siististi ja j\u00e4rjestyksess\u00e4. Koti kaikille kengillesi Eri tyyppiset ja kokoiset keng\u00e4t mahtuvat n\u00e4ihin laatikoihin, joissa ne voidaan s\u00e4ilytt\u00e4\u00e4 p\u00f6lytt\u00f6min\u00e4. Olivatpa keng\u00e4t miesten tai naisten, sandaaleja tai juoksukenki\u00e4, t\u00e4m\u00e4 10 kappaleen kenk\u00e4laatikkosetti (4 pient\u00e4 ja 6 isoa) mahtuu kaikki. Viel\u00e4 parempaa on, ett\u00e4 useita n\u00e4ist\u00e4 laatikoista voidaan pinota p\u00e4\u00e4llekk\u00e4in tilaa s\u00e4\u00e4st\u00e4en, joten ne sopivat hyvin eteiseen, vaatekaappiin tai s\u00e4ilytyshyllylle. Tuotetiedot: &#8211; V\u00e4ri: l\u00e4pin\u00e4kyv\u00e4 &#8211; Materiaali: runko PP:t\u00e4 (polypropeenia), ovi PS:\u00e4\u00e4 (polystyreeni\u00e4) &#8211; Pienen laatikon mitat: 23 x 36 x 14 cm (P x L x K) &#8211; Suuren laatikon mitat: 28 x 36 x 21 cm (P x L x K) &#8211; Pienen laatikon sis\u00e4mitat: 22,5 x 32,5 x 13,5 cm (P x L x K) &#8211; Suuren laatikon sis\u00e4mitat: 27,5 x 32,5 x 20 cm (P x L x K) &#8211; Kokonaispaino: 3,8 kg Toimitus sis\u00e4lt\u00e4\u00e4:- 6 x pieni kenk\u00e4laatikko &#8211; 4 x iso kenk\u00e4laatikko &#8211; 1 x ohjeet (DE, EN, FR, ES, IT) SONGMICS-ohjeet: &#8211; Noudata ohjeiden ja videon asennusohjeita tuotteen kokoamisessa. \u00c4l\u00e4 pura tuotetta v\u00e4kisin. &#8211; Mittaa kenk\u00e4si ennen ostamista ja tarkista, ett\u00e4 ne mahtuvat n\u00e4ihin kenk\u00e4laatikoihin.<\/p>\n","protected":false},"excerpt":{"rendered":"<p>SONGMICS kenk\u00e4laatikot, 10 kpl:n sarja, s\u00e4ilytyslaatikot kengille, kenk\u00e4organisaattori, jossa 6 pient\u00e4 ja 4 isoa laatikkoa, pinottava, eri kokoisille ja tyyppisille kengille, l\u00e4pin\u00e4kyv\u00e4 LSP010W01<\/p>\n","protected":false},"featured_media":43770,"comment_status":"open","ping_status":"closed","template":"","meta":[],"product_brand":[],"product_cat":[32],"product_tag":[],"class_list":{"0":"post-35178","1":"product","2":"type-product","3":"status-publish","4":"has-post-thumbnail","6":"product_cat-uncategorized-fi","8":"first","9":"instock","10":"shipping-taxable","11":"purchasable","12":"product-type-simple"},"_links":{"self":[{"href":"https:\/\/nordicmart.andreevmaster.com\/fi\/wp-json\/wp\/v2\/product\/35178","targetHints":{"allow":["GET"]}}],"collection":[{"href":"https:\/\/nordicmart.andreevmaster.com\/fi\/wp-json\/wp\/v2\/product"}],"about":[{"href":"https:\/\/nordicmart.andreevmaster.com\/fi\/wp-json\/wp\/v2\/types\/product"}],"replies":[{"embeddable":true,"href":"https:\/\/nordicmart.andreevmaster.com\/fi\/wp-json\/wp\/v2\/comments?post=35178"}],"wp:featuredmedia":[{"embeddable":true,"href":"https:\/\/nordicmart.andreevmaster.com\/fi\/wp-json\/wp\/v2\/media\/43770"}],"wp:attachment":[{"href":"https:\/\/nordicmart.andreevmaster.com\/fi\/wp-json\/wp\/v2\/media?parent=35178"}],"wp:term":[{"taxonomy":"product_brand","embeddable":true,"href":"https:\/\/nordicmart.andreevmaster.com\/fi\/wp-json\/wp\/v2\/product_brand?post=35178"},{"taxonomy":"product_cat","embeddable":true,"href":"https:\/\/nordicmart.andreevmaster.com\/fi\/wp-json\/wp\/v2\/product_cat?post=35178"},{"taxonomy":"product_tag","embeddable":true,"href":"https:\/\/nordicmart.andreevmaster.com\/fi\/wp-json\/wp\/v2\/product_tag?post=35178"}],"curies":[{"name":"wp","href":"https:\/\/api.w.org\/{rel}","templated":true}]}}