{"id":35176,"date":"2026-02-27T00:28:50","date_gmt":"2026-02-27T00:28:50","guid":{"rendered":"https:\/\/nordicmart.andreevmaster.com\/product\/songmics-kenkalaatikot-18-kpln-sarja-lapinakyva-harmaa\/"},"modified":"2026-02-27T09:47:40","modified_gmt":"2026-02-27T09:47:40","slug":"songmics-kenkalaatikot-18-kpln-sarja-lapinakyva-harmaa","status":"publish","type":"product","link":"https:\/\/nordicmart.andreevmaster.com\/fi\/tuote\/songmics-kenkalaatikot-18-kpln-sarja-lapinakyva-harmaa\/","title":{"rendered":"SONGMICS kenk\u00e4laatikot, 18 kpl:n sarja, l\u00e4pin\u00e4kyv\u00e4 harmaa"},"content":{"rendered":"<p>SONGMICS kenk\u00e4laatikot, 18 kpl:n sarja, s\u00e4ilytyslaatikot kengille, kenk\u00e4organisaattori, muovilaatikot, taitettavat ja pinottavat, kengille kokoon 44 asti, musta LSP007H18<br \/>\nV\u00e4ri: l\u00e4pin\u00e4kyv\u00e4 harmaa<br \/>\nMateriaali: runko PP:t\u00e4 (polypropeenia), ovi PP:t\u00e4 (polypropeenia), kehys ABS-muovia<br \/>\nKoko per laatikko: 35 x 25,2 x 19 cm (P x L x K)<br \/>\nSis\u00e4koko per laatikko: 32,7 x 24,5 x 17,8 cm (P x L x K)<br \/>\nKokonaispaino: 7,7 kg<\/p>\n","protected":false},"excerpt":{"rendered":"<p>SONGMICS kenk\u00e4laatikot, 18 kpl:n sarja, s\u00e4ilytyslaatikot kengille, kenk\u00e4organisaattori, muovilaatikot, taitettavat ja pinottavat, kengille kokoon 44 asti, musta LSP007H18<\/p>\n","protected":false},"featured_media":43768,"comment_status":"open","ping_status":"closed","template":"","meta":[],"product_brand":[],"product_cat":[32],"product_tag":[],"class_list":{"0":"post-35176","1":"product","2":"type-product","3":"status-publish","4":"has-post-thumbnail","6":"product_cat-uncategorized-fi","8":"first","9":"instock","10":"shipping-taxable","11":"purchasable","12":"product-type-simple"},"_links":{"self":[{"href":"https:\/\/nordicmart.andreevmaster.com\/fi\/wp-json\/wp\/v2\/product\/35176","targetHints":{"allow":["GET"]}}],"collection":[{"href":"https:\/\/nordicmart.andreevmaster.com\/fi\/wp-json\/wp\/v2\/product"}],"about":[{"href":"https:\/\/nordicmart.andreevmaster.com\/fi\/wp-json\/wp\/v2\/types\/product"}],"replies":[{"embeddable":true,"href":"https:\/\/nordicmart.andreevmaster.com\/fi\/wp-json\/wp\/v2\/comments?post=35176"}],"wp:featuredmedia":[{"embeddable":true,"href":"https:\/\/nordicmart.andreevmaster.com\/fi\/wp-json\/wp\/v2\/media\/43768"}],"wp:attachment":[{"href":"https:\/\/nordicmart.andreevmaster.com\/fi\/wp-json\/wp\/v2\/media?parent=35176"}],"wp:term":[{"taxonomy":"product_brand","embeddable":true,"href":"https:\/\/nordicmart.andreevmaster.com\/fi\/wp-json\/wp\/v2\/product_brand?post=35176"},{"taxonomy":"product_cat","embeddable":true,"href":"https:\/\/nordicmart.andreevmaster.com\/fi\/wp-json\/wp\/v2\/product_cat?post=35176"},{"taxonomy":"product_tag","embeddable":true,"href":"https:\/\/nordicmart.andreevmaster.com\/fi\/wp-json\/wp\/v2\/product_tag?post=35176"}],"curies":[{"name":"wp","href":"https:\/\/api.w.org\/{rel}","templated":true}]}}