{"id":35175,"date":"2026-02-27T00:28:50","date_gmt":"2026-02-27T00:28:50","guid":{"rendered":"https:\/\/nordicmart.andreevmaster.com\/product\/songmics-18-osainen-kenkalaatikkosetti-kengille-joiden-koko-on-enintaan-46\/"},"modified":"2026-02-27T09:47:40","modified_gmt":"2026-02-27T09:47:40","slug":"songmics-18-osainen-kenkalaatikkosetti-kengille-joiden-koko-on-enintaan-46","status":"publish","type":"product","link":"https:\/\/nordicmart.andreevmaster.com\/fi\/tuote\/songmics-18-osainen-kenkalaatikkosetti-kengille-joiden-koko-on-enintaan-46\/","title":{"rendered":"SONGMICS 18-osainen kenk\u00e4laatikkosetti kengille, joiden koko on enint\u00e4\u00e4n 46"},"content":{"rendered":"<p>Lopeta sotku Oletko sellainen henkil\u00f6, joka heitt\u00e4\u00e4 kenk\u00e4ns\u00e4 kaappiin ja j\u00e4tt\u00e4\u00e4 ne kasoiksi olohuoneeseen ja makuuhuoneeseen? Vanhat tavat eiv\u00e4t saisi olla esteen\u00e4. S\u00e4ilyt\u00e4 keng\u00e4t puhtaina ja kuivina n\u00e4iss\u00e4 18 kenk\u00e4laatikossa, kunnes tarvitset niit\u00e4 seuraavan kerran. Korkea organisointitehokkuus Jokainen j\u00e4rjestelij\u00e4 mahtuu kengille, joiden koko on enint\u00e4\u00e4n 46, ja suojaa niit\u00e4 p\u00f6lylt\u00e4. L\u00f6yd\u00e4t heti parin, jonka haluat pukea jalkaasi, avaat ulko-oven ja otat sen helposti mukaan aloittaaksesi p\u00e4iv\u00e4si. Parasta on, ett\u00e4 n\u00e4m\u00e4 laatikot ovat pinottavia ja mahtuvat eteiseen, vaatekaappiin tai hyllylle. Tuotetiedot: &#8211; V\u00e4ri: l\u00e4pin\u00e4kyv\u00e4-musta &#8211; Materiaali: PP-kotelo (polypropeeni), PP-etuluukku (polypropeeni), ABS-muovikehys &#8211; Kunkin laatikon mitat: 35 x 25,0 x 18,5 cm (S x L x K) &#8211; Jokaisen laatikon sis\u00e4mitat: 31 x 24,5 x 17,5 cm (S x L x K) &#8211; Paino: 7,5 kg Toimitus sis\u00e4lt\u00e4\u00e4: &#8211; 18 x kenk\u00e4laatikko &#8211; 1 x ohjeet SONGMICS Huomautukset:- Noudata tuotteen kokoamisessa ohjeiden ja asennusvideon ohjeita. \u00c4l\u00e4 pura tuotetta v\u00e4kisin. &#8211; Mittaa kenk\u00e4si ja tarkista sopivien laatikoiden koko ennen ostamista.<\/p>\n","protected":false},"excerpt":{"rendered":"<p>SONGMICS kenk\u00e4laatikot, 18 kpl:n sarja, s\u00e4ilytyslaatikot kengille, kenk\u00e4organisaattori, muovilaatikot, taitettavat ja pinottavat, kengille kokoon 44 asti, musta LSP007H18<\/p>\n","protected":false},"featured_media":43767,"comment_status":"open","ping_status":"closed","template":"","meta":[],"product_brand":[],"product_cat":[32],"product_tag":[],"class_list":{"0":"post-35175","1":"product","2":"type-product","3":"status-publish","4":"has-post-thumbnail","6":"product_cat-uncategorized-fi","8":"first","9":"instock","10":"shipping-taxable","11":"purchasable","12":"product-type-simple"},"_links":{"self":[{"href":"https:\/\/nordicmart.andreevmaster.com\/fi\/wp-json\/wp\/v2\/product\/35175","targetHints":{"allow":["GET"]}}],"collection":[{"href":"https:\/\/nordicmart.andreevmaster.com\/fi\/wp-json\/wp\/v2\/product"}],"about":[{"href":"https:\/\/nordicmart.andreevmaster.com\/fi\/wp-json\/wp\/v2\/types\/product"}],"replies":[{"embeddable":true,"href":"https:\/\/nordicmart.andreevmaster.com\/fi\/wp-json\/wp\/v2\/comments?post=35175"}],"wp:featuredmedia":[{"embeddable":true,"href":"https:\/\/nordicmart.andreevmaster.com\/fi\/wp-json\/wp\/v2\/media\/43767"}],"wp:attachment":[{"href":"https:\/\/nordicmart.andreevmaster.com\/fi\/wp-json\/wp\/v2\/media?parent=35175"}],"wp:term":[{"taxonomy":"product_brand","embeddable":true,"href":"https:\/\/nordicmart.andreevmaster.com\/fi\/wp-json\/wp\/v2\/product_brand?post=35175"},{"taxonomy":"product_cat","embeddable":true,"href":"https:\/\/nordicmart.andreevmaster.com\/fi\/wp-json\/wp\/v2\/product_cat?post=35175"},{"taxonomy":"product_tag","embeddable":true,"href":"https:\/\/nordicmart.andreevmaster.com\/fi\/wp-json\/wp\/v2\/product_tag?post=35175"}],"curies":[{"name":"wp","href":"https:\/\/api.w.org\/{rel}","templated":true}]}}