{"id":35173,"date":"2026-02-27T00:28:49","date_gmt":"2026-02-27T00:28:49","guid":{"rendered":"https:\/\/nordicmart.andreevmaster.com\/product\/songmics-18-kappaleen-kenkalaatikkosetti\/"},"modified":"2026-02-27T09:47:39","modified_gmt":"2026-02-27T09:47:39","slug":"songmics-18-kappaleen-kenkalaatikkosetti","status":"publish","type":"product","link":"https:\/\/nordicmart.andreevmaster.com\/fi\/tuote\/songmics-18-kappaleen-kenkalaatikkosetti\/","title":{"rendered":"SONGMICS 18 kappaleen kenk\u00e4laatikkosetti"},"content":{"rendered":"<p>SONGMICS kenk\u00e4laatikot, 18 kpl:n sarja, s\u00e4ilytyslaatikot kengille, kenk\u00e4organisaattori, muovilaatikot, taitettavat ja pinottavat, kengille kokoon 44 asti, musta LSP007H18<br \/>\nV\u00e4ri: l\u00e4pin\u00e4kyv\u00e4 harmaa<br \/>\nMateriaali: runko PP:t\u00e4 (polypropeenia), ovi PP:t\u00e4 (polypropeenia), kehys ABS-muovia<br \/>\nKoko per laatikko: 33,5 x 23,2 x 14,3 cm (P x L x K)<br \/>\nSis\u00e4koko per laatikko: 31,2 x 22,5 x 13,5 cm (P x L x K)<br \/>\nKokonaispaino: 5,3 kg<\/p>\n","protected":false},"excerpt":{"rendered":"<p>SONGMICS kenk\u00e4laatikot, 18 kpl:n sarja, s\u00e4ilytyslaatikot kengille, kenk\u00e4organisaattori, muovilaatikot, taitettavat ja pinottavat, kengille kokoon 44 asti, musta LSP007H18<\/p>\n","protected":false},"featured_media":43765,"comment_status":"open","ping_status":"closed","template":"","meta":[],"product_brand":[],"product_cat":[32],"product_tag":[],"class_list":{"0":"post-35173","1":"product","2":"type-product","3":"status-publish","4":"has-post-thumbnail","6":"product_cat-uncategorized-fi","8":"first","9":"instock","10":"shipping-taxable","11":"purchasable","12":"product-type-simple"},"_links":{"self":[{"href":"https:\/\/nordicmart.andreevmaster.com\/fi\/wp-json\/wp\/v2\/product\/35173","targetHints":{"allow":["GET"]}}],"collection":[{"href":"https:\/\/nordicmart.andreevmaster.com\/fi\/wp-json\/wp\/v2\/product"}],"about":[{"href":"https:\/\/nordicmart.andreevmaster.com\/fi\/wp-json\/wp\/v2\/types\/product"}],"replies":[{"embeddable":true,"href":"https:\/\/nordicmart.andreevmaster.com\/fi\/wp-json\/wp\/v2\/comments?post=35173"}],"wp:featuredmedia":[{"embeddable":true,"href":"https:\/\/nordicmart.andreevmaster.com\/fi\/wp-json\/wp\/v2\/media\/43765"}],"wp:attachment":[{"href":"https:\/\/nordicmart.andreevmaster.com\/fi\/wp-json\/wp\/v2\/media?parent=35173"}],"wp:term":[{"taxonomy":"product_brand","embeddable":true,"href":"https:\/\/nordicmart.andreevmaster.com\/fi\/wp-json\/wp\/v2\/product_brand?post=35173"},{"taxonomy":"product_cat","embeddable":true,"href":"https:\/\/nordicmart.andreevmaster.com\/fi\/wp-json\/wp\/v2\/product_cat?post=35173"},{"taxonomy":"product_tag","embeddable":true,"href":"https:\/\/nordicmart.andreevmaster.com\/fi\/wp-json\/wp\/v2\/product_tag?post=35173"}],"curies":[{"name":"wp","href":"https:\/\/api.w.org\/{rel}","templated":true}]}}