{"id":35170,"date":"2026-02-27T00:28:49","date_gmt":"2026-02-27T00:28:49","guid":{"rendered":"https:\/\/nordicmart.andreevmaster.com\/product\/songmics-kenkalaatikot-korkokengille-musta\/"},"modified":"2026-02-27T09:47:39","modified_gmt":"2026-02-27T09:47:39","slug":"songmics-kenkalaatikot-korkokengille-musta","status":"publish","type":"product","link":"https:\/\/nordicmart.andreevmaster.com\/fi\/tuote\/songmics-kenkalaatikot-korkokengille-musta\/","title":{"rendered":"SONGMICS kenk\u00e4laatikot korkokengille, musta"},"content":{"rendered":"<p>Lopeta kaoottinen kenk\u00e4kasojen muodostaminen: Heit\u00e4tk\u00f6 korkokeng\u00e4t joka kerta kaappiin, jolloin jonkin ajan kuluttua muodostuu kaoottinen kenk\u00e4kasojen muodostuma? Sinun pit\u00e4isi p\u00e4\u00e4st\u00e4 eroon t\u00e4st\u00e4 huonosta tavasta! Hanki n\u00e4m\u00e4 10 kenk\u00e4laatikkoa ja s\u00e4ilyt\u00e4 kaikki korkokeng\u00e4t siististi ja j\u00e4rjestyksess\u00e4, kunnes seuraava tilaisuus niiden k\u00e4ytt\u00e4miseen tulee. J\u00e4rjest\u00e4 keng\u00e4t tehokkaasti: Kaikki korkokeng\u00e4t, saappaat ja korkeavartiset keng\u00e4t mahtuvat n\u00e4ihin laatikoihin, joissa ne voidaan s\u00e4ilytt\u00e4\u00e4 p\u00f6lytt\u00f6m\u00e4n\u00e4. Tarvitsetko valkoiset saappaasi? L\u00f6yd\u00e4t ne yhdell\u00e4 silm\u00e4yksell\u00e4, avaa vain laatikon ovi ja ota keng\u00e4t ulos \u2013 t\u00e4ydellinen ratkaisu, kun sinulla on kiire aamulla! Viel\u00e4 parempi on kuitenkin se, ett\u00e4 useita n\u00e4it\u00e4 laatikoita voidaan pinota p\u00e4\u00e4llekk\u00e4in tilaa s\u00e4\u00e4st\u00e4en, joten ne sopivat hyvin eteiseen, vaatekaappiin tai s\u00e4ilytyshyllylle. Tuotetiedot: &#8211; V\u00e4ri: musta &#8211; Materiaali: runko PP:t\u00e4 (polypropeenia), ovet PS:\u00e4\u00e4 (polystyreeni\u00e4) &#8211; Laatikon ulkomitat: 21 x 33,4 x 22,5 cm (P x L x K) &#8211; Sis\u00e4mitat per laatikko: 20,5 x 28 x 21,5 cm (P x L x K) &#8211; Paino: 4,2 kg Toimitus sis\u00e4lt\u00e4\u00e4: &#8211; 10 x kenk\u00e4laatikko &#8211; 1 x ohjeet SONGMICS Huomautukset:- Noudata ohjeissa ja videossa annettuja asennusohjeita tuotteen kokoamiseksi. \u00c4l\u00e4 pura tuotetta v\u00e4kisin. &#8211; Mittaa kenk\u00e4si ennen ostamista ja tarkista, ett\u00e4 ne mahtuvat n\u00e4ihin kenk\u00e4laatikoihin.<\/p>\n","protected":false},"excerpt":{"rendered":"<p>SONGMICS kenk\u00e4laatikot korkokengille, 10 kpl:n sarja, kenk\u00e4organisaattori, muovia korkokengille, nilkkurille, avokkaille, korkeavartisille kengille, pinottava, l\u00e4pin\u00e4kyv\u00e4 etuluukku, l\u00e4pin\u00e4kyv\u00e4 LSP001W01<\/p>\n","protected":false},"featured_media":43762,"comment_status":"open","ping_status":"closed","template":"","meta":[],"product_brand":[],"product_cat":[32],"product_tag":[],"class_list":{"0":"post-35170","1":"product","2":"type-product","3":"status-publish","4":"has-post-thumbnail","6":"product_cat-uncategorized-fi","8":"first","9":"instock","10":"shipping-taxable","11":"purchasable","12":"product-type-simple"},"_links":{"self":[{"href":"https:\/\/nordicmart.andreevmaster.com\/fi\/wp-json\/wp\/v2\/product\/35170","targetHints":{"allow":["GET"]}}],"collection":[{"href":"https:\/\/nordicmart.andreevmaster.com\/fi\/wp-json\/wp\/v2\/product"}],"about":[{"href":"https:\/\/nordicmart.andreevmaster.com\/fi\/wp-json\/wp\/v2\/types\/product"}],"replies":[{"embeddable":true,"href":"https:\/\/nordicmart.andreevmaster.com\/fi\/wp-json\/wp\/v2\/comments?post=35170"}],"wp:featuredmedia":[{"embeddable":true,"href":"https:\/\/nordicmart.andreevmaster.com\/fi\/wp-json\/wp\/v2\/media\/43762"}],"wp:attachment":[{"href":"https:\/\/nordicmart.andreevmaster.com\/fi\/wp-json\/wp\/v2\/media?parent=35170"}],"wp:term":[{"taxonomy":"product_brand","embeddable":true,"href":"https:\/\/nordicmart.andreevmaster.com\/fi\/wp-json\/wp\/v2\/product_brand?post=35170"},{"taxonomy":"product_cat","embeddable":true,"href":"https:\/\/nordicmart.andreevmaster.com\/fi\/wp-json\/wp\/v2\/product_cat?post=35170"},{"taxonomy":"product_tag","embeddable":true,"href":"https:\/\/nordicmart.andreevmaster.com\/fi\/wp-json\/wp\/v2\/product_tag?post=35170"}],"curies":[{"name":"wp","href":"https:\/\/api.w.org\/{rel}","templated":true}]}}