{"id":35169,"date":"2026-02-27T00:28:48","date_gmt":"2026-02-27T00:28:48","guid":{"rendered":"https:\/\/nordicmart.andreevmaster.com\/product\/songmics-kenkahylly-4-hyllya\/"},"modified":"2026-02-27T09:47:39","modified_gmt":"2026-02-27T09:47:39","slug":"songmics-kenkahylly-4-hyllya","status":"publish","type":"product","link":"https:\/\/nordicmart.andreevmaster.com\/fi\/tuote\/songmics-kenkahylly-4-hyllya\/","title":{"rendered":"SONGMICS kenk\u00e4hylly 4 hylly\u00e4"},"content":{"rendered":"<p>Materiaali: jauhemaalattu rauta, 600 D Oxford-kangas Tuotteen koko: 68 x 31,5 x 72 cm (L x S x K) Paino: 4,15 kg Maks. kantavuus: 20 kg Maks. kantavuus jokaisella hyllyll\u00e4: 5 kg Pakkauksen sis\u00e4lt\u00f6: 1 x kenk\u00e4hylly 1 x ohjeet (EN, DE, FR, ES, IT)<\/p>\n","protected":false},"excerpt":{"rendered":"<p>SONGMICS kenk\u00e4hylly, 4 tasoa, s\u00e4\u00e4dett\u00e4v\u00e4t hyllyt Oxford-kankaasta, DIY-metallinen j\u00e4rjestelij\u00e4 eteiseen, pinottava ja laajennettava, helppo asentaa, musta, 68 x 72 x 31,5 cm LSO04BK<\/p>\n","protected":false},"featured_media":43761,"comment_status":"open","ping_status":"closed","template":"","meta":[],"product_brand":[],"product_cat":[32],"product_tag":[],"class_list":{"0":"post-35169","1":"product","2":"type-product","3":"status-publish","4":"has-post-thumbnail","6":"product_cat-uncategorized-fi","8":"first","9":"instock","10":"shipping-taxable","11":"purchasable","12":"product-type-simple"},"_links":{"self":[{"href":"https:\/\/nordicmart.andreevmaster.com\/fi\/wp-json\/wp\/v2\/product\/35169","targetHints":{"allow":["GET"]}}],"collection":[{"href":"https:\/\/nordicmart.andreevmaster.com\/fi\/wp-json\/wp\/v2\/product"}],"about":[{"href":"https:\/\/nordicmart.andreevmaster.com\/fi\/wp-json\/wp\/v2\/types\/product"}],"replies":[{"embeddable":true,"href":"https:\/\/nordicmart.andreevmaster.com\/fi\/wp-json\/wp\/v2\/comments?post=35169"}],"wp:featuredmedia":[{"embeddable":true,"href":"https:\/\/nordicmart.andreevmaster.com\/fi\/wp-json\/wp\/v2\/media\/43761"}],"wp:attachment":[{"href":"https:\/\/nordicmart.andreevmaster.com\/fi\/wp-json\/wp\/v2\/media?parent=35169"}],"wp:term":[{"taxonomy":"product_brand","embeddable":true,"href":"https:\/\/nordicmart.andreevmaster.com\/fi\/wp-json\/wp\/v2\/product_brand?post=35169"},{"taxonomy":"product_cat","embeddable":true,"href":"https:\/\/nordicmart.andreevmaster.com\/fi\/wp-json\/wp\/v2\/product_cat?post=35169"},{"taxonomy":"product_tag","embeddable":true,"href":"https:\/\/nordicmart.andreevmaster.com\/fi\/wp-json\/wp\/v2\/product_tag?post=35169"}],"curies":[{"name":"wp","href":"https:\/\/api.w.org\/{rel}","templated":true}]}}