{"id":35168,"date":"2026-02-27T00:28:48","date_gmt":"2026-02-27T00:28:48","guid":{"rendered":"https:\/\/nordicmart.andreevmaster.com\/product\/songmics-kuutiohylly-5-kangaskotelolla-musta\/"},"modified":"2026-02-27T09:47:38","modified_gmt":"2026-02-27T09:47:38","slug":"songmics-kuutiohylly-5-kangaskotelolla-musta","status":"publish","type":"product","link":"https:\/\/nordicmart.andreevmaster.com\/fi\/tuote\/songmics-kuutiohylly-5-kangaskotelolla-musta\/","title":{"rendered":"SONGMICS kuutiohylly 5 kangaskotelolla, musta"},"content":{"rendered":"<p>Tuotetiedot: V\u00e4ri: Musta Materiaali: Kuitukangas, rautaputket, muoviset liitoskappaleet Koko: 105 x 30 x 105 cm (P x L x K) Paino: 7,2 kg Maks. kantavuus kuutiota kohti: 8 kg Maks. kantavuus koko hyllylle: 72 kg Toimitus sis\u00e4lt\u00e4\u00e4: 1 x kuutiohylly 5 x s\u00e4ilytyslaatikko 1 x vasara 1 x ohjeet (DE, EN, FR, ES, IT) SONGMICS Huomautukset:\u00c4l\u00e4 k\u00e4yt\u00e4 tuotetta ulkona. Kiinnit\u00e4 hylly sein\u00e4\u00e4n mukana toimitetulla kaatumissuojalla tuotteen turvallisuuden varmistamiseksi.<\/p>\n","protected":false},"excerpt":{"rendered":"<p>SONGMICS kuutiohylly, 9 kuutioinen kirjahylly, portaikkohylly 5 s\u00e4ilytyslaatikolla, DIY-s\u00e4ilytys vaatteille, tukeva metallirunko, mukana kumivasara, 105 x 30 x 105 cm, musta LSN95BK<\/p>\n","protected":false},"featured_media":43760,"comment_status":"open","ping_status":"closed","template":"","meta":[],"product_brand":[],"product_cat":[32],"product_tag":[],"class_list":{"0":"post-35168","1":"product","2":"type-product","3":"status-publish","4":"has-post-thumbnail","6":"product_cat-uncategorized-fi","8":"first","9":"instock","10":"shipping-taxable","11":"purchasable","12":"product-type-simple"},"_links":{"self":[{"href":"https:\/\/nordicmart.andreevmaster.com\/fi\/wp-json\/wp\/v2\/product\/35168","targetHints":{"allow":["GET"]}}],"collection":[{"href":"https:\/\/nordicmart.andreevmaster.com\/fi\/wp-json\/wp\/v2\/product"}],"about":[{"href":"https:\/\/nordicmart.andreevmaster.com\/fi\/wp-json\/wp\/v2\/types\/product"}],"replies":[{"embeddable":true,"href":"https:\/\/nordicmart.andreevmaster.com\/fi\/wp-json\/wp\/v2\/comments?post=35168"}],"wp:featuredmedia":[{"embeddable":true,"href":"https:\/\/nordicmart.andreevmaster.com\/fi\/wp-json\/wp\/v2\/media\/43760"}],"wp:attachment":[{"href":"https:\/\/nordicmart.andreevmaster.com\/fi\/wp-json\/wp\/v2\/media?parent=35168"}],"wp:term":[{"taxonomy":"product_brand","embeddable":true,"href":"https:\/\/nordicmart.andreevmaster.com\/fi\/wp-json\/wp\/v2\/product_brand?post=35168"},{"taxonomy":"product_cat","embeddable":true,"href":"https:\/\/nordicmart.andreevmaster.com\/fi\/wp-json\/wp\/v2\/product_cat?post=35168"},{"taxonomy":"product_tag","embeddable":true,"href":"https:\/\/nordicmart.andreevmaster.com\/fi\/wp-json\/wp\/v2\/product_tag?post=35168"}],"curies":[{"name":"wp","href":"https:\/\/api.w.org\/{rel}","templated":true}]}}