{"id":35167,"date":"2026-02-27T00:28:48","date_gmt":"2026-02-27T00:28:48","guid":{"rendered":"https:\/\/nordicmart.andreevmaster.com\/product\/songmics-6-kuutioinen-hyllykko-harmaa\/"},"modified":"2026-02-27T09:47:38","modified_gmt":"2026-02-27T09:47:38","slug":"songmics-6-kuutioinen-hyllykko-harmaa","status":"publish","type":"product","link":"https:\/\/nordicmart.andreevmaster.com\/fi\/tuote\/songmics-6-kuutioinen-hyllykko-harmaa\/","title":{"rendered":"SONGMICS 6-kuutioinen hyllykk\u00f6, harmaa"},"content":{"rendered":"<p>Liikaa tavaraa, mutta liian v\u00e4h\u00e4n s\u00e4ilytystilaa? Ratkaisu: 6 kuution hylly 6 sopivalla kangaskotelolla \u2013 n\u00e4in sotku katoaa kuin taikaiskusta ja esineet eiv\u00e4t en\u00e4\u00e4 loju h\u00e4iritsev\u00e4sti ymp\u00e4ri huonetta. Kirjahylly: kuitukankaasta valmistettu pohja ja 4 putkea alaosassa antavat jokaiselle lokerolle hyv\u00e4n tuen, joten voit laittaa sinne jopa painavia esineit\u00e4. hylly on my\u00f6s kokonaisuudessaan vakaa, vaikka se olisi t\u00e4ynn\u00e4 kirjoja. Kangaslaatikoita voi k\u00e4ytt\u00e4\u00e4 erikseen ja taittaa kasaan, kun niit\u00e4 ei tarvita. Kenk\u00e4hylly Avoimen rakenteensa ansiosta voit s\u00e4ilytt\u00e4\u00e4 kenk\u00e4si k\u00e4tev\u00e4sti hyllyll\u00e4 ja kenk\u00e4lusikat, keng\u00e4nnauhat jne. kangaslaatikoissa.Lelujen s\u00e4ilytysj\u00e4rjestelm\u00e4 Kiinnit\u00e4 hylly sein\u00e4\u00e4n turvallisuuden vuoksi. T\u00e4m\u00e4n huonekalun avulla lapsesi lelut voidaan siivota nopeasti pois, jotta lapsesi l\u00f6yt\u00e4\u00e4 helposti kaiken tarvitsemansa. Lis\u00e4ksi h\u00e4n oppii j\u00e4rjest\u00e4m\u00e4\u00e4n aarteensa. Vaatehylly K\u00e4yt\u00e4nn\u00f6llisen\u00e4 lis\u00e4varusteena pukeutumishuoneessa hylly auttaa sinua pit\u00e4m\u00e4\u00e4n vaatteesi j\u00e4rjestyksess\u00e4. Tuotetiedot:- V\u00e4ri: musta &#8211; Materiaali: rautaputket, muoviliitokset, kuitukangas &#8211; Mitat: 105 x 105 x 30 cm (L x K x S) &#8211; Paino: 6,5 kg &#8211; Maks. kantavuus: 48 kg &#8211; Maks. kuutio: 8 kgToimitus sis\u00e4lt\u00e4\u00e4:- 1 x s\u00e4ilytyshylly- 6 x kuitukankaista laatikkoa- 1 x kumivasara- 2 x kaatumissuoja- 1 x ohjeet (DE, EN, FR, ES, IT)SONGMICS-ohje- Kiinnit\u00e4 tuote sein\u00e4\u00e4n mukana toimitetulla kaatumissuojalla turvallisuuden takaamiseksi.- \u00c4l\u00e4 altista tuotetta suoralle auringonvalolle, jotta s\u00e4\u00e4olosuhteet eiv\u00e4t vahingoita sit\u00e4. &#8211; Puhdista kuitukangas kostealla liinalla.<\/p>\n","protected":false},"excerpt":{"rendered":"<p>SONGMICS-pistokehikko 6 kuution s\u00e4ilytysj\u00e4rjestelm\u00e4 6 kangaskotelolla DIY-kaappi monik\u00e4ytt\u00f6inen, tukeva metallirunko Kumivasara 105 x 105 x 30 (L x K x S) Musta LSN66BK<\/p>\n","protected":false},"featured_media":43759,"comment_status":"open","ping_status":"closed","template":"","meta":[],"product_brand":[],"product_cat":[32],"product_tag":[],"class_list":{"0":"post-35167","1":"product","2":"type-product","3":"status-publish","4":"has-post-thumbnail","6":"product_cat-uncategorized-fi","8":"first","9":"instock","10":"shipping-taxable","11":"purchasable","12":"product-type-simple"},"_links":{"self":[{"href":"https:\/\/nordicmart.andreevmaster.com\/fi\/wp-json\/wp\/v2\/product\/35167","targetHints":{"allow":["GET"]}}],"collection":[{"href":"https:\/\/nordicmart.andreevmaster.com\/fi\/wp-json\/wp\/v2\/product"}],"about":[{"href":"https:\/\/nordicmart.andreevmaster.com\/fi\/wp-json\/wp\/v2\/types\/product"}],"replies":[{"embeddable":true,"href":"https:\/\/nordicmart.andreevmaster.com\/fi\/wp-json\/wp\/v2\/comments?post=35167"}],"wp:featuredmedia":[{"embeddable":true,"href":"https:\/\/nordicmart.andreevmaster.com\/fi\/wp-json\/wp\/v2\/media\/43759"}],"wp:attachment":[{"href":"https:\/\/nordicmart.andreevmaster.com\/fi\/wp-json\/wp\/v2\/media?parent=35167"}],"wp:term":[{"taxonomy":"product_brand","embeddable":true,"href":"https:\/\/nordicmart.andreevmaster.com\/fi\/wp-json\/wp\/v2\/product_brand?post=35167"},{"taxonomy":"product_cat","embeddable":true,"href":"https:\/\/nordicmart.andreevmaster.com\/fi\/wp-json\/wp\/v2\/product_cat?post=35167"},{"taxonomy":"product_tag","embeddable":true,"href":"https:\/\/nordicmart.andreevmaster.com\/fi\/wp-json\/wp\/v2\/product_tag?post=35167"}],"curies":[{"name":"wp","href":"https:\/\/api.w.org\/{rel}","templated":true}]}}