{"id":35166,"date":"2026-02-27T00:28:48","date_gmt":"2026-02-27T00:28:48","guid":{"rendered":"https:\/\/nordicmart.andreevmaster.com\/product\/songmics-6-kuution-hyllykko-musta\/"},"modified":"2026-02-27T09:47:38","modified_gmt":"2026-02-27T09:47:38","slug":"songmics-6-kuution-hyllykko-musta","status":"publish","type":"product","link":"https:\/\/nordicmart.andreevmaster.com\/fi\/tuote\/songmics-6-kuution-hyllykko-musta\/","title":{"rendered":"SONGMICS 6 kuution hyllykk\u00f6, musta"},"content":{"rendered":"<p>Erilainen s\u00e4ilytystila Makuuhuoneessa s\u00e4ngyn vastap\u00e4\u00e4t\u00e4? Tai mihin haluat sijoittaa t\u00e4m\u00e4n s\u00e4ilytyshyllyn? Olipa kyseess\u00e4 ty\u00f6huoneen kirjahylly, lastenhuoneen lelujen s\u00e4ilytyspaikka, varasto tai autotalli, vain mielikuvituksesi asettaa rajat! Ent\u00e4 jos kangashylly likaantuu? \u00c4l\u00e4 huoli! Kuitukangas on helppohoitoinen ja vett\u00e4 hylkiv\u00e4. Sen puhdistamiseen riitt\u00e4\u00e4 kostealla liinalla pyyhkiminen. Tuotetiedot: V\u00e4ri: musta, harmaa (muoviliittimet) Materiaali: kuitukangas (100 g\/m\u00b2), ter\u00e4sputket (\u00d8 12 mm), muoviliittimet Koko: 105 x 30 x 105 cm (P x L x K) Paino: 1,7 kg Maks. staattinen kantavuus per hylly: 8 kg Maks. staattinen kantavuus yhteens\u00e4: 48 kg Toimitus sis\u00e4lt\u00e4\u00e4: 1 x s\u00e4ilytyshylly 1 x ohjeet (DE, EN, FR, ES, IT) SONGMICS-ohjeet:- Aseta hylly sein\u00e4\u00e4 vasten ja s\u00e4ilyt\u00e4 raskaat esineet alemmissa hyllyiss\u00e4. &#8211; \u00c4l\u00e4 k\u00e4yt\u00e4 t\u00e4t\u00e4 tuotetta ulkona.<\/p>\n","protected":false},"excerpt":{"rendered":"<p>SONGMICS Kirjahylly, 6 kuution hylly, DIY, portaikkohylly, j\u00e4rjestelij\u00e4 olohuoneeseen, s\u00e4ilytyshylly makuuhuoneeseen, lastenhuoneeseen, kylpyhuoneeseen, leluihin, tilanjakaja, musta LSN63H<\/p>\n","protected":false},"featured_media":43758,"comment_status":"open","ping_status":"closed","template":"","meta":[],"product_brand":[],"product_cat":[32],"product_tag":[],"class_list":{"0":"post-35166","1":"product","2":"type-product","3":"status-publish","4":"has-post-thumbnail","6":"product_cat-uncategorized-fi","8":"first","9":"instock","10":"shipping-taxable","11":"purchasable","12":"product-type-simple"},"_links":{"self":[{"href":"https:\/\/nordicmart.andreevmaster.com\/fi\/wp-json\/wp\/v2\/product\/35166","targetHints":{"allow":["GET"]}}],"collection":[{"href":"https:\/\/nordicmart.andreevmaster.com\/fi\/wp-json\/wp\/v2\/product"}],"about":[{"href":"https:\/\/nordicmart.andreevmaster.com\/fi\/wp-json\/wp\/v2\/types\/product"}],"replies":[{"embeddable":true,"href":"https:\/\/nordicmart.andreevmaster.com\/fi\/wp-json\/wp\/v2\/comments?post=35166"}],"wp:featuredmedia":[{"embeddable":true,"href":"https:\/\/nordicmart.andreevmaster.com\/fi\/wp-json\/wp\/v2\/media\/43758"}],"wp:attachment":[{"href":"https:\/\/nordicmart.andreevmaster.com\/fi\/wp-json\/wp\/v2\/media?parent=35166"}],"wp:term":[{"taxonomy":"product_brand","embeddable":true,"href":"https:\/\/nordicmart.andreevmaster.com\/fi\/wp-json\/wp\/v2\/product_brand?post=35166"},{"taxonomy":"product_cat","embeddable":true,"href":"https:\/\/nordicmart.andreevmaster.com\/fi\/wp-json\/wp\/v2\/product_cat?post=35166"},{"taxonomy":"product_tag","embeddable":true,"href":"https:\/\/nordicmart.andreevmaster.com\/fi\/wp-json\/wp\/v2\/product_tag?post=35166"}],"curies":[{"name":"wp","href":"https:\/\/api.w.org\/{rel}","templated":true}]}}