{"id":35164,"date":"2026-02-27T00:28:47","date_gmt":"2026-02-27T00:28:47","guid":{"rendered":"https:\/\/nordicmart.andreevmaster.com\/product\/muovihylly-6-kuutiota-musta\/"},"modified":"2026-02-27T09:47:37","modified_gmt":"2026-02-27T09:47:37","slug":"muovihylly-6-kuutiota-musta","status":"publish","type":"product","link":"https:\/\/nordicmart.andreevmaster.com\/fi\/tuote\/muovihylly-6-kuutiota-musta\/","title":{"rendered":"Muovihylly 6 kuutiota musta"},"content":{"rendered":"<p>Erilainen s\u00e4ilytystila: makuuhuoneessa s\u00e4ngyn vastap\u00e4\u00e4t\u00e4? Tai mihin haluat sijoittaa t\u00e4m\u00e4n s\u00e4ilytyshyllyn? Ty\u00f6huoneessa kirjahyllyn\u00e4, lastenhuoneessa lelujen s\u00e4ilytykseen, varastossa tai autotallissa \u2013 vain mielikuvitus asettaa rajat! Mit\u00e4 tehd\u00e4, jos kangashylly likaantuu? \u00c4l\u00e4 huoli siit\u00e4! Kuitukangas on helppo huoltaa ja vett\u00e4 hylkiv\u00e4, joten sen puhdistamiseen tarvitset vain kostean liinan. Tuotetiedot: V\u00e4ri: Musta Materiaali: Kuitukangas (100 g\/m\u00b2), ter\u00e4sputki (\u00d8 12 mm), muoviliittimet Koko: 105 x 30 x 105 cm (P x L x K) Paino: 1,7 kg Hyllyn maks. staattinen kantavuus: 8 kg Hyllyn maks. staattinen kuormituskapasiteetti: 48 kgToimitus sis\u00e4lt\u00e4\u00e4:1 x s\u00e4ilytyshylly1 x k\u00e4ytt\u00f6ohje (DE, EN, FR, ES, IT)SONGMICS Huomautukset:Kun k\u00e4yt\u00e4t hylly\u00e4, aseta se sein\u00e4\u00e4 vasten ja s\u00e4ilyt\u00e4 raskaat esineet alimmissa osastoissa.\u00c4l\u00e4 k\u00e4yt\u00e4 t\u00e4t\u00e4 tuotetta ulkona.<\/p>\n","protected":false},"excerpt":{"rendered":"<p>Erilainen s\u00e4ilytystila: makuuhuoneessa s\u00e4ngyn vastap\u00e4\u00e4t\u00e4? Tai mihin haluat sijoittaa t\u00e4m\u00e4n s\u00e4ilytyshyllyn? Ty\u00f6huoneessa kirjahyllyn\u00e4, lastenhuoneessa lelujen s\u00e4ilytykseen, varastossa tai autotallissa \u2013 vain mielikuvitus asettaa rajat! Mit\u00e4 tehd\u00e4, jos kangashylly likaantuu? \u00c4l\u00e4 huoli siit\u00e4! Kuitukangas on helppo huoltaa ja vett\u00e4 hylkiv\u00e4, joten sen puhdistamiseen tarvitset vain kostean liinan. Tuotetiedot: V\u00e4ri: Musta Materiaali: Kuitukangas (100 g\/m\u00b2), ter\u00e4sputki (\u00d8 [&hellip;]<\/p>\n","protected":false},"featured_media":0,"comment_status":"open","ping_status":"closed","template":"","meta":[],"product_brand":[],"product_cat":[32],"product_tag":[],"class_list":{"0":"post-35164","1":"product","2":"type-product","3":"status-publish","5":"product_cat-uncategorized-fi","7":"first","8":"instock","9":"shipping-taxable","10":"product-type-simple"},"_links":{"self":[{"href":"https:\/\/nordicmart.andreevmaster.com\/fi\/wp-json\/wp\/v2\/product\/35164","targetHints":{"allow":["GET"]}}],"collection":[{"href":"https:\/\/nordicmart.andreevmaster.com\/fi\/wp-json\/wp\/v2\/product"}],"about":[{"href":"https:\/\/nordicmart.andreevmaster.com\/fi\/wp-json\/wp\/v2\/types\/product"}],"replies":[{"embeddable":true,"href":"https:\/\/nordicmart.andreevmaster.com\/fi\/wp-json\/wp\/v2\/comments?post=35164"}],"wp:attachment":[{"href":"https:\/\/nordicmart.andreevmaster.com\/fi\/wp-json\/wp\/v2\/media?parent=35164"}],"wp:term":[{"taxonomy":"product_brand","embeddable":true,"href":"https:\/\/nordicmart.andreevmaster.com\/fi\/wp-json\/wp\/v2\/product_brand?post=35164"},{"taxonomy":"product_cat","embeddable":true,"href":"https:\/\/nordicmart.andreevmaster.com\/fi\/wp-json\/wp\/v2\/product_cat?post=35164"},{"taxonomy":"product_tag","embeddable":true,"href":"https:\/\/nordicmart.andreevmaster.com\/fi\/wp-json\/wp\/v2\/product_tag?post=35164"}],"curies":[{"name":"wp","href":"https:\/\/api.w.org\/{rel}","templated":true}]}}