{"id":35162,"date":"2026-02-27T00:28:47","date_gmt":"2026-02-27T00:28:47","guid":{"rendered":"https:\/\/nordicmart.andreevmaster.com\/product\/songmics-muovihylly-9-kuutiota-harmaa\/"},"modified":"2026-02-27T09:47:37","modified_gmt":"2026-02-27T09:47:37","slug":"songmics-muovihylly-9-kuutiota-harmaa","status":"publish","type":"product","link":"https:\/\/nordicmart.andreevmaster.com\/fi\/tuote\/songmics-muovihylly-9-kuutiota-harmaa\/","title":{"rendered":"SONGMICS muovihylly 9 kuutiota, harmaa"},"content":{"rendered":"<p>Kaksisuuntaiset muoviosat helpottavat yksil\u00f6llist\u00e4 kokoamistaVett\u00e4 hylkiv\u00e4 ja p\u00f6lyt\u00f6n, helppo puhdistaaJokainen lokero on kiinnitetty pohjasta nelj\u00e4ll\u00e4 ter\u00e4sputkella, vakaa ja kest\u00e4v\u00e4Tuotetiedot:V\u00e4ri: harmaa Materiaali: 100 g\/m2 fleece-kangas, rautaputket, muoviliittimet Mitat: 105 x 105 x 30 cm (L x K x S) Jokaisen lokeron sis\u00e4mitat: 32 x 32 x 30 cm (L x K x S)Hyllyn enimm\u00e4iskuormitus: 80 kgHyllyjen enimm\u00e4iskuormitus: 8 kgPaino: 3,7 kgToimitus sis\u00e4lt\u00e4\u00e4:1 x s\u00e4ilytyshylly1 x vasara1 x ohjeet (DE, EN, FR, ES, IT)SONGMICS-ohjeet:Kiinnit\u00e4 tuote sein\u00e4\u00e4n mukana toimitetulla kaatumissuojalla.<\/p>\n","protected":false},"excerpt":{"rendered":"<p>SONGMICS DIY-s\u00e4ilytyshylly, 9 lokeroa, avoin kirjahylly kotitoimistoon, j\u00e4rjestelij\u00e4 olohuoneeseen, musta LSN45BK<\/p>\n","protected":false},"featured_media":43755,"comment_status":"open","ping_status":"closed","template":"","meta":[],"product_brand":[],"product_cat":[32],"product_tag":[],"class_list":{"0":"post-35162","1":"product","2":"type-product","3":"status-publish","4":"has-post-thumbnail","6":"product_cat-uncategorized-fi","8":"first","9":"instock","10":"shipping-taxable","11":"purchasable","12":"product-type-simple"},"_links":{"self":[{"href":"https:\/\/nordicmart.andreevmaster.com\/fi\/wp-json\/wp\/v2\/product\/35162","targetHints":{"allow":["GET"]}}],"collection":[{"href":"https:\/\/nordicmart.andreevmaster.com\/fi\/wp-json\/wp\/v2\/product"}],"about":[{"href":"https:\/\/nordicmart.andreevmaster.com\/fi\/wp-json\/wp\/v2\/types\/product"}],"replies":[{"embeddable":true,"href":"https:\/\/nordicmart.andreevmaster.com\/fi\/wp-json\/wp\/v2\/comments?post=35162"}],"wp:featuredmedia":[{"embeddable":true,"href":"https:\/\/nordicmart.andreevmaster.com\/fi\/wp-json\/wp\/v2\/media\/43755"}],"wp:attachment":[{"href":"https:\/\/nordicmart.andreevmaster.com\/fi\/wp-json\/wp\/v2\/media?parent=35162"}],"wp:term":[{"taxonomy":"product_brand","embeddable":true,"href":"https:\/\/nordicmart.andreevmaster.com\/fi\/wp-json\/wp\/v2\/product_brand?post=35162"},{"taxonomy":"product_cat","embeddable":true,"href":"https:\/\/nordicmart.andreevmaster.com\/fi\/wp-json\/wp\/v2\/product_cat?post=35162"},{"taxonomy":"product_tag","embeddable":true,"href":"https:\/\/nordicmart.andreevmaster.com\/fi\/wp-json\/wp\/v2\/product_tag?post=35162"}],"curies":[{"name":"wp","href":"https:\/\/api.w.org\/{rel}","templated":true}]}}