{"id":35160,"date":"2026-02-27T00:28:46","date_gmt":"2026-02-27T00:28:46","guid":{"rendered":"https:\/\/nordicmart.andreevmaster.com\/product\/songmics-12-kuution-ja-4-laatikon-hyllykko-harmaa\/"},"modified":"2026-02-27T09:47:36","modified_gmt":"2026-02-27T09:47:36","slug":"songmics-12-kuution-ja-4-laatikon-hyllykko-harmaa","status":"publish","type":"product","link":"https:\/\/nordicmart.andreevmaster.com\/fi\/tuote\/songmics-12-kuution-ja-4-laatikon-hyllykko-harmaa\/","title":{"rendered":"SONGMICS 12 kuution ja 4 laatikon hyllykk\u00f6, harmaa"},"content":{"rendered":"<p>Tuotetiedot: V\u00e4ri: musta Materiaali: rautaputket, muoviliitokset, kuitukangas Mitat: 105 x 140 x 30 cm (L x K x S) Paino: 7,2 kg Maks. kantavuus: 100 kg Maks. kuormituskyky kuutiota kohti: 8 kg Toimitus sis\u00e4lt\u00e4\u00e4: 1 x s\u00e4ilytyshylly 4 x kuitukankaista laatikkoa 1 x kumivasara 2 x kaatumissuoja 1 x ohjeet (DE, EN, FR, ES, IT) SONGMICS Huomautukset: Kiinnit\u00e4 tuote sein\u00e4\u00e4n mukana toimitetulla kaatumissuojalla turvallisuuden takaamiseksi.<\/p>\n","protected":false},"excerpt":{"rendered":"<p>SONGMICS DIY-hyllykk\u00f6, jossa 4 kangaskoria, 12 kuutiota, s\u00e4ilytysj\u00e4rjestelm\u00e4, monik\u00e4ytt\u00f6inen kirjahylly, kenk\u00e4hylly, tukeva metallirunko, kumivasara, 105 x 140 x 30 (L x K x S), musta LSN34BK<\/p>\n","protected":false},"featured_media":43753,"comment_status":"open","ping_status":"closed","template":"","meta":[],"product_brand":[],"product_cat":[32],"product_tag":[],"class_list":{"0":"post-35160","1":"product","2":"type-product","3":"status-publish","4":"has-post-thumbnail","6":"product_cat-uncategorized-fi","8":"first","9":"instock","10":"shipping-taxable","11":"purchasable","12":"product-type-simple"},"_links":{"self":[{"href":"https:\/\/nordicmart.andreevmaster.com\/fi\/wp-json\/wp\/v2\/product\/35160","targetHints":{"allow":["GET"]}}],"collection":[{"href":"https:\/\/nordicmart.andreevmaster.com\/fi\/wp-json\/wp\/v2\/product"}],"about":[{"href":"https:\/\/nordicmart.andreevmaster.com\/fi\/wp-json\/wp\/v2\/types\/product"}],"replies":[{"embeddable":true,"href":"https:\/\/nordicmart.andreevmaster.com\/fi\/wp-json\/wp\/v2\/comments?post=35160"}],"wp:featuredmedia":[{"embeddable":true,"href":"https:\/\/nordicmart.andreevmaster.com\/fi\/wp-json\/wp\/v2\/media\/43753"}],"wp:attachment":[{"href":"https:\/\/nordicmart.andreevmaster.com\/fi\/wp-json\/wp\/v2\/media?parent=35160"}],"wp:term":[{"taxonomy":"product_brand","embeddable":true,"href":"https:\/\/nordicmart.andreevmaster.com\/fi\/wp-json\/wp\/v2\/product_brand?post=35160"},{"taxonomy":"product_cat","embeddable":true,"href":"https:\/\/nordicmart.andreevmaster.com\/fi\/wp-json\/wp\/v2\/product_cat?post=35160"},{"taxonomy":"product_tag","embeddable":true,"href":"https:\/\/nordicmart.andreevmaster.com\/fi\/wp-json\/wp\/v2\/product_tag?post=35160"}],"curies":[{"name":"wp","href":"https:\/\/api.w.org\/{rel}","templated":true}]}}