{"id":35159,"date":"2026-02-27T00:28:46","date_gmt":"2026-02-27T00:28:46","guid":{"rendered":"https:\/\/nordicmart.andreevmaster.com\/product\/songmics-6-kuution-3-laatikon-hyllykko-musta\/"},"modified":"2026-02-27T09:47:36","modified_gmt":"2026-02-27T09:47:36","slug":"songmics-6-kuution-3-laatikon-hyllykko-musta","status":"publish","type":"product","link":"https:\/\/nordicmart.andreevmaster.com\/fi\/tuote\/songmics-6-kuution-3-laatikon-hyllykko-musta\/","title":{"rendered":"SONGMICS 6 kuution 3 laatikon hyllykk\u00f6, musta"},"content":{"rendered":"<p>Tuotetiedot: V\u00e4ri: musta Materiaali: kuitukangas, rautaputket, muoviset liitoskappaleet Koko: 105 x 30 x 105 cm (P x L x K) Paino: 5,2 kg Maks. kantavuus kuutiota kohti: 8 kg Maks. kantavuus koko hyllyll\u00e4: 48 kg Toimitus sis\u00e4lt\u00e4\u00e4: 1 x kuutiohylly 3 x s\u00e4ilytyslaatikko 1 x vasara 1 x ohjeet (DE, EN, FR, ES, IT) SONGMICS Huomautukset:\u00c4l\u00e4 k\u00e4yt\u00e4 tuotetta ulkona. Kiinnit\u00e4 hylly sein\u00e4\u00e4n mukana toimitetulla kaatumissuojalla tuotteen turvallisuuden varmistamiseksi.<\/p>\n","protected":false},"excerpt":{"rendered":"<p>SONGMICS Kuutiohylly, 6 kuutioinen kirjahylly, portaikkohylly 3 kangaskotelolla, DIY-s\u00e4ilytys vaatteille, tukeva metallirunko, mukana kumivasara, 105 x 30 x 105 cm, musta LSN23BK<\/p>\n","protected":false},"featured_media":43752,"comment_status":"open","ping_status":"closed","template":"","meta":[],"product_brand":[],"product_cat":[32],"product_tag":[],"class_list":{"0":"post-35159","1":"product","2":"type-product","3":"status-publish","4":"has-post-thumbnail","6":"product_cat-uncategorized-fi","8":"first","9":"instock","10":"shipping-taxable","11":"purchasable","12":"product-type-simple"},"_links":{"self":[{"href":"https:\/\/nordicmart.andreevmaster.com\/fi\/wp-json\/wp\/v2\/product\/35159","targetHints":{"allow":["GET"]}}],"collection":[{"href":"https:\/\/nordicmart.andreevmaster.com\/fi\/wp-json\/wp\/v2\/product"}],"about":[{"href":"https:\/\/nordicmart.andreevmaster.com\/fi\/wp-json\/wp\/v2\/types\/product"}],"replies":[{"embeddable":true,"href":"https:\/\/nordicmart.andreevmaster.com\/fi\/wp-json\/wp\/v2\/comments?post=35159"}],"wp:featuredmedia":[{"embeddable":true,"href":"https:\/\/nordicmart.andreevmaster.com\/fi\/wp-json\/wp\/v2\/media\/43752"}],"wp:attachment":[{"href":"https:\/\/nordicmart.andreevmaster.com\/fi\/wp-json\/wp\/v2\/media?parent=35159"}],"wp:term":[{"taxonomy":"product_brand","embeddable":true,"href":"https:\/\/nordicmart.andreevmaster.com\/fi\/wp-json\/wp\/v2\/product_brand?post=35159"},{"taxonomy":"product_cat","embeddable":true,"href":"https:\/\/nordicmart.andreevmaster.com\/fi\/wp-json\/wp\/v2\/product_cat?post=35159"},{"taxonomy":"product_tag","embeddable":true,"href":"https:\/\/nordicmart.andreevmaster.com\/fi\/wp-json\/wp\/v2\/product_tag?post=35159"}],"curies":[{"name":"wp","href":"https:\/\/api.w.org\/{rel}","templated":true}]}}