{"id":35158,"date":"2026-02-27T00:28:46","date_gmt":"2026-02-27T00:28:46","guid":{"rendered":"https:\/\/nordicmart.andreevmaster.com\/product\/songmics-kangashylly-kirjoille-musta\/"},"modified":"2026-02-27T09:47:36","modified_gmt":"2026-02-27T09:47:36","slug":"songmics-kangashylly-kirjoille-musta","status":"publish","type":"product","link":"https:\/\/nordicmart.andreevmaster.com\/fi\/tuote\/songmics-kangashylly-kirjoille-musta\/","title":{"rendered":"SONGMICS kangashylly kirjoille, musta"},"content":{"rendered":"<p>Oletko ep\u00e4ilev\u00e4inen siit\u00e4, onko ter\u00e4sputken ja muoviosien yhdistelm\u00e4 tarpeeksi kest\u00e4v\u00e4? Vankkan rakenteensa ansiosta voit unohtaa t\u00e4m\u00e4n huolen. Materiaalin keveydest\u00e4 huolimatta hylly on eritt\u00e4in vakaa. Lis\u00e4ksi sen kokoaminen on lasten leikki\u00e4. Ilman ty\u00f6kaluja voit koota k\u00e4yt\u00e4nn\u00f6llisen hyllyn nopeasti kuvallisten ohjeiden avulla. Viidell\u00e4 tasolla on runsaasti tilaa. Sit\u00e4 voi k\u00e4ytt\u00e4\u00e4 miss\u00e4 tahansa, olohuoneessa leluhyllyn\u00e4, toimistossa kansiohyllyn\u00e4, varastossa elintarvikkeiden s\u00e4ilytykseen tai vaatehuoneen s\u00e4ilytystilana. Tuotetiedot: V\u00e4ri: musta Mitat: 50 x 180 x 30 cm (L x K x S) Materiaali: kuitukangas + ter\u00e4sputki + muoviosatToimitus sis\u00e4lt\u00e4\u00e4:1 x kotitaloushylly1 x ohjeetHuomautukset:Hylly\u00e4 suositellaan nojaamaan sein\u00e4\u00e4 vasten. Aseta raskaat esineet mieluummin alempiin hyllyihin. Muuten hylly menett\u00e4\u00e4 vakauden ja voi lopulta kaatua.<\/p>\n","protected":false},"excerpt":{"rendered":"<p>SONGMICS hyllykk\u00f6 Kirjahylly Varastohylly Hyllyt, kunkin hyllyn kantavuus 5 kg, keitti\u00f6\u00f6n, eteiseen, kellariin tai ty\u00f6huoneeseen 50 x 180 x 30 cm Musta LSN15H<\/p>\n","protected":false},"featured_media":43751,"comment_status":"open","ping_status":"closed","template":"","meta":[],"product_brand":[],"product_cat":[32],"product_tag":[],"class_list":{"0":"post-35158","1":"product","2":"type-product","3":"status-publish","4":"has-post-thumbnail","6":"product_cat-uncategorized-fi","8":"first","9":"instock","10":"shipping-taxable","11":"purchasable","12":"product-type-simple"},"_links":{"self":[{"href":"https:\/\/nordicmart.andreevmaster.com\/fi\/wp-json\/wp\/v2\/product\/35158","targetHints":{"allow":["GET"]}}],"collection":[{"href":"https:\/\/nordicmart.andreevmaster.com\/fi\/wp-json\/wp\/v2\/product"}],"about":[{"href":"https:\/\/nordicmart.andreevmaster.com\/fi\/wp-json\/wp\/v2\/types\/product"}],"replies":[{"embeddable":true,"href":"https:\/\/nordicmart.andreevmaster.com\/fi\/wp-json\/wp\/v2\/comments?post=35158"}],"wp:featuredmedia":[{"embeddable":true,"href":"https:\/\/nordicmart.andreevmaster.com\/fi\/wp-json\/wp\/v2\/media\/43751"}],"wp:attachment":[{"href":"https:\/\/nordicmart.andreevmaster.com\/fi\/wp-json\/wp\/v2\/media?parent=35158"}],"wp:term":[{"taxonomy":"product_brand","embeddable":true,"href":"https:\/\/nordicmart.andreevmaster.com\/fi\/wp-json\/wp\/v2\/product_brand?post=35158"},{"taxonomy":"product_cat","embeddable":true,"href":"https:\/\/nordicmart.andreevmaster.com\/fi\/wp-json\/wp\/v2\/product_cat?post=35158"},{"taxonomy":"product_tag","embeddable":true,"href":"https:\/\/nordicmart.andreevmaster.com\/fi\/wp-json\/wp\/v2\/product_tag?post=35158"}],"curies":[{"name":"wp","href":"https:\/\/api.w.org\/{rel}","templated":true}]}}