{"id":35155,"date":"2026-02-27T00:28:45","date_gmt":"2026-02-27T00:28:45","guid":{"rendered":"https:\/\/nordicmart.andreevmaster.com\/product\/songmics-muovihylly-12-kuutiota-musta\/"},"modified":"2026-02-27T09:47:36","modified_gmt":"2026-02-27T09:47:36","slug":"songmics-muovihylly-12-kuutiota-musta","status":"publish","type":"product","link":"https:\/\/nordicmart.andreevmaster.com\/fi\/tuote\/songmics-muovihylly-12-kuutiota-musta\/","title":{"rendered":"SONGMICS muovihylly 12 kuutiota musta"},"content":{"rendered":"<p>Tuotetiedot: V\u00e4ri: musta Materiaali: kuitukangas, rautaputket, muoviset liitoskappaleet Koko: 105 x 30 x 140 cm (P x L x K) Paino: 4 kg Hyllyn enimm\u00e4iskuormitus: 100 kg Kunkin hyllyk\u00f6n enimm\u00e4iskuormitus: 8 kgToimitus sis\u00e4lt\u00e4\u00e4:1 x s\u00e4ilytyshylly1 x kumivasara2 x kaatumissuoja1 x ohjeet (DE, EN, FR, ES, IT)SONGMICS-huomautukset:\u00c4l\u00e4 k\u00e4yt\u00e4 tuotetta ulkona.Kiinnit\u00e4 hylly sein\u00e4\u00e4n mukana toimitetulla kaatumissuojalla tuotteen turvallisuuden varmistamiseksi.<\/p>\n","protected":false},"excerpt":{"rendered":"<p>SONGMICS kuutiohylly, 12 kuution kirjahylly, DIY-j\u00e4rjestelij\u00e4 pukuhuoneeseen, s\u00e4ilytyshylly olohuoneeseen, lastenhuoneeseen, kylpyhuoneeseen, 105 x 30 x 140 cm, mukana kumivasara, musta LSN12BK<\/p>\n","protected":false},"featured_media":43748,"comment_status":"open","ping_status":"closed","template":"","meta":[],"product_brand":[],"product_cat":[32],"product_tag":[],"class_list":{"0":"post-35155","1":"product","2":"type-product","3":"status-publish","4":"has-post-thumbnail","6":"product_cat-uncategorized-fi","8":"first","9":"instock","10":"shipping-taxable","11":"purchasable","12":"product-type-simple"},"_links":{"self":[{"href":"https:\/\/nordicmart.andreevmaster.com\/fi\/wp-json\/wp\/v2\/product\/35155","targetHints":{"allow":["GET"]}}],"collection":[{"href":"https:\/\/nordicmart.andreevmaster.com\/fi\/wp-json\/wp\/v2\/product"}],"about":[{"href":"https:\/\/nordicmart.andreevmaster.com\/fi\/wp-json\/wp\/v2\/types\/product"}],"replies":[{"embeddable":true,"href":"https:\/\/nordicmart.andreevmaster.com\/fi\/wp-json\/wp\/v2\/comments?post=35155"}],"wp:featuredmedia":[{"embeddable":true,"href":"https:\/\/nordicmart.andreevmaster.com\/fi\/wp-json\/wp\/v2\/media\/43748"}],"wp:attachment":[{"href":"https:\/\/nordicmart.andreevmaster.com\/fi\/wp-json\/wp\/v2\/media?parent=35155"}],"wp:term":[{"taxonomy":"product_brand","embeddable":true,"href":"https:\/\/nordicmart.andreevmaster.com\/fi\/wp-json\/wp\/v2\/product_brand?post=35155"},{"taxonomy":"product_cat","embeddable":true,"href":"https:\/\/nordicmart.andreevmaster.com\/fi\/wp-json\/wp\/v2\/product_cat?post=35155"},{"taxonomy":"product_tag","embeddable":true,"href":"https:\/\/nordicmart.andreevmaster.com\/fi\/wp-json\/wp\/v2\/product_tag?post=35155"}],"curies":[{"name":"wp","href":"https:\/\/api.w.org\/{rel}","templated":true}]}}