{"id":35154,"date":"2026-02-27T00:28:44","date_gmt":"2026-02-27T00:28:44","guid":{"rendered":"https:\/\/nordicmart.andreevmaster.com\/product\/songmics-6-kuutioinen-hylly-harmaa-melange\/"},"modified":"2026-02-27T09:47:35","modified_gmt":"2026-02-27T09:47:35","slug":"songmics-6-kuutioinen-hylly-harmaa-melange","status":"publish","type":"product","link":"https:\/\/nordicmart.andreevmaster.com\/fi\/tuote\/songmics-6-kuutioinen-hylly-harmaa-melange\/","title":{"rendered":"SONGMICS 6-kuutioinen hylly, harmaa melange"},"content":{"rendered":"<p>Erilainen s\u00e4ilytystila: makuuhuoneessa s\u00e4ngyn vastap\u00e4\u00e4t\u00e4? Tai mihin haluat sijoittaa t\u00e4m\u00e4n s\u00e4ilytyshyllyn? Olipa se ty\u00f6huoneessa kirjahyllyn\u00e4, lastenhuoneessa lelujen s\u00e4ilytt\u00e4miseen, varastossa tai autotallissa, mielikuvituksellesi ei ole rajoja! Mit\u00e4 tehd\u00e4, jos kangasp\u00e4\u00e4llinen likaantuu? \u00c4l\u00e4 huoli! Kuitukangas on helppohoitoinen ja vett\u00e4 hylkiv\u00e4, joten sen puhdistamiseen riitt\u00e4\u00e4 kostealla liinalla pyyhkiminen. Tuotetiedot: &#8211; V\u00e4ri: harmaa &#8211; Materiaali: kuitukangas (100 g\/m\u00b2), ter\u00e4sputket (\u00d8 12 mm), muoviset liitoskappaleet &#8211; Koko: 105 x 30 x 105 cm (P x L x K) &#8211; Paino: 1,7 kg &#8211; Maks. staattinen kantavuus per hylly: 5 kg &#8211; Maks. staattinen kantavuus: 30 kg Toimitus sis\u00e4lt\u00e4\u00e4:- 1 x s\u00e4ilytyshylly &#8211; 1 x lis\u00e4varustepaketti &#8211; 1 x ohjeet SONGMICSin ohjeet: &#8211; Aseta hylly sein\u00e4\u00e4 vasten k\u00e4yt\u00f6n ajaksi ja s\u00e4ilyt\u00e4 raskaat esineet alemmissa hyllyiss\u00e4. &#8211; \u00c4l\u00e4 k\u00e4yt\u00e4 t\u00e4t\u00e4 tuotetta ulkona.<\/p>\n","protected":false},"excerpt":{"rendered":"<p>SONGMICS Kirjahylly, 6-kuutioinen hylly, DIY, portaikkohylly, j\u00e4rjestelij\u00e4 olohuoneeseen, s\u00e4ilytyshylly makuuhuoneeseen, lastenhuoneeseen, kylpyhuoneeseen, leluille, tilanjakaja, harmaa melange LSN063G12<\/p>\n","protected":false},"featured_media":43747,"comment_status":"open","ping_status":"closed","template":"","meta":[],"product_brand":[],"product_cat":[32],"product_tag":[],"class_list":{"0":"post-35154","1":"product","2":"type-product","3":"status-publish","4":"has-post-thumbnail","6":"product_cat-uncategorized-fi","8":"first","9":"instock","10":"shipping-taxable","11":"purchasable","12":"product-type-simple"},"_links":{"self":[{"href":"https:\/\/nordicmart.andreevmaster.com\/fi\/wp-json\/wp\/v2\/product\/35154","targetHints":{"allow":["GET"]}}],"collection":[{"href":"https:\/\/nordicmart.andreevmaster.com\/fi\/wp-json\/wp\/v2\/product"}],"about":[{"href":"https:\/\/nordicmart.andreevmaster.com\/fi\/wp-json\/wp\/v2\/types\/product"}],"replies":[{"embeddable":true,"href":"https:\/\/nordicmart.andreevmaster.com\/fi\/wp-json\/wp\/v2\/comments?post=35154"}],"wp:featuredmedia":[{"embeddable":true,"href":"https:\/\/nordicmart.andreevmaster.com\/fi\/wp-json\/wp\/v2\/media\/43747"}],"wp:attachment":[{"href":"https:\/\/nordicmart.andreevmaster.com\/fi\/wp-json\/wp\/v2\/media?parent=35154"}],"wp:term":[{"taxonomy":"product_brand","embeddable":true,"href":"https:\/\/nordicmart.andreevmaster.com\/fi\/wp-json\/wp\/v2\/product_brand?post=35154"},{"taxonomy":"product_cat","embeddable":true,"href":"https:\/\/nordicmart.andreevmaster.com\/fi\/wp-json\/wp\/v2\/product_cat?post=35154"},{"taxonomy":"product_tag","embeddable":true,"href":"https:\/\/nordicmart.andreevmaster.com\/fi\/wp-json\/wp\/v2\/product_tag?post=35154"}],"curies":[{"name":"wp","href":"https:\/\/api.w.org\/{rel}","templated":true}]}}