{"id":35153,"date":"2026-02-27T00:28:44","date_gmt":"2026-02-27T00:28:44","guid":{"rendered":"https:\/\/nordicmart.andreevmaster.com\/product\/songmics-saadettava-seinahylly-puun-nakoinen\/"},"modified":"2026-02-27T09:47:35","modified_gmt":"2026-02-27T09:47:35","slug":"songmics-saadettava-seinahylly-puun-nakoinen","status":"publish","type":"product","link":"https:\/\/nordicmart.andreevmaster.com\/fi\/tuote\/songmics-saadettava-seinahylly-puun-nakoinen\/","title":{"rendered":"SONGMICS S\u00e4\u00e4dett\u00e4v\u00e4 sein\u00e4hylly puun n\u00e4k\u00f6inen"},"content":{"rendered":"<p>S\u00e4\u00e4st\u00e4 enemm\u00e4n tilaa  Luo lis\u00e4\u00e4 s\u00e4ilytystilaa huoneisiisi muuttamalla k\u00e4ytt\u00e4m\u00e4tt\u00f6m\u00e4t sein\u00e4alueet toimiviksi s\u00e4ilytystiloiksi t\u00e4ll\u00e4 rustiikkisella massiivipuusta ja metallista valmistetulla kulmahyllyll\u00e4. Poltetut puuhyllyt ja jauhemaalattu metallirunko tekev\u00e4t t\u00e4st\u00e4 SONGMICS-hyllyst\u00e4 t\u00e4ydellisen lis\u00e4yksen makuuhuoneesi, studiosi, olohuoneesi tai keitti\u00f6si jokaiseen nurkkaan. Monipuolisuus on v\u00e4ltt\u00e4m\u00e4t\u00f6nt\u00e4 Kun hyllyt asetetaan tasaisesti p\u00e4\u00e4llekk\u00e4in, hyllyjen v\u00e4linen et\u00e4isyys on 20 cm. T\u00e4m\u00e4 on ihanteellinen korkeus valokuvakehyksille tai pienille koriste-esineille. Hyllyjen vastakkaissuuntainen asettelu puolestaan luo paljon tilaa yl\u00e4osaan, jotta voit sijoittaa my\u00f6s suurempia esineit\u00e4 hyllyille. Jokainen hylly kest\u00e4\u00e4 jopa 5 kg suosikkikoristeitasi (eli noin keskikokoisen kissan painon). S\u00e4\u00e4st\u00e4 aikaa asennuksessa SONGMICS-kulmasein\u00e4hylly toimitetaan yksityiskohtaisten ohjeiden, esiporattujen reikien ja 10 ruuvin kanssa, mik\u00e4 helpottaa asennusta. Tuotetiedot: &#8211; V\u00e4ri: musta kehys ja liekitetty puu &#8211; Materiaali: rautakehys, m\u00e4ntypuuta &#8211; Tuotteen koko: 26 x 13 x 42,5 cm (L x S x K) &#8211; Hyllyjen v\u00e4linen et\u00e4isyys: 20 cm &#8211; Paino: 1,4 kg &#8211; Maks. kuormituskyky: 5 kg (yhteens\u00e4 15 kg) Toimitus sis\u00e4lt\u00e4\u00e4: &#8211; 2 x metallikehys &#8211; 3 x puulevy &#8211; 1 x lis\u00e4varustepussi SONGMICS Huomautukset: &#8211; Ei sovellu k\u00e4ytett\u00e4v\u00e4ksi kylpyhuoneessa. &#8211; Pid\u00e4 tuote poissa veden l\u00e4heisyydest\u00e4, kun k\u00e4yt\u00e4t sit\u00e4 keitti\u00f6ss\u00e4.<\/p>\n","protected":false},"excerpt":{"rendered":"<p>SONGMICS sein\u00e4kulmahylly, 3 tasoa, sein\u00e4hylly, massiivipuuta ja metallia, rustiikkinen ja liekitetty pinta, makuuhuoneeseen, olohuoneeseen, toimistoon, keitti\u00f6\u00f6n, LSN04CB<\/p>\n","protected":false},"featured_media":43746,"comment_status":"open","ping_status":"closed","template":"","meta":[],"product_brand":[],"product_cat":[32],"product_tag":[],"class_list":{"0":"post-35153","1":"product","2":"type-product","3":"status-publish","4":"has-post-thumbnail","6":"product_cat-uncategorized-fi","8":"first","9":"instock","10":"shipping-taxable","11":"purchasable","12":"product-type-simple"},"_links":{"self":[{"href":"https:\/\/nordicmart.andreevmaster.com\/fi\/wp-json\/wp\/v2\/product\/35153","targetHints":{"allow":["GET"]}}],"collection":[{"href":"https:\/\/nordicmart.andreevmaster.com\/fi\/wp-json\/wp\/v2\/product"}],"about":[{"href":"https:\/\/nordicmart.andreevmaster.com\/fi\/wp-json\/wp\/v2\/types\/product"}],"replies":[{"embeddable":true,"href":"https:\/\/nordicmart.andreevmaster.com\/fi\/wp-json\/wp\/v2\/comments?post=35153"}],"wp:featuredmedia":[{"embeddable":true,"href":"https:\/\/nordicmart.andreevmaster.com\/fi\/wp-json\/wp\/v2\/media\/43746"}],"wp:attachment":[{"href":"https:\/\/nordicmart.andreevmaster.com\/fi\/wp-json\/wp\/v2\/media?parent=35153"}],"wp:term":[{"taxonomy":"product_brand","embeddable":true,"href":"https:\/\/nordicmart.andreevmaster.com\/fi\/wp-json\/wp\/v2\/product_brand?post=35153"},{"taxonomy":"product_cat","embeddable":true,"href":"https:\/\/nordicmart.andreevmaster.com\/fi\/wp-json\/wp\/v2\/product_cat?post=35153"},{"taxonomy":"product_tag","embeddable":true,"href":"https:\/\/nordicmart.andreevmaster.com\/fi\/wp-json\/wp\/v2\/product_tag?post=35153"}],"curies":[{"name":"wp","href":"https:\/\/api.w.org\/{rel}","templated":true}]}}