{"id":35151,"date":"2026-02-27T00:28:44","date_gmt":"2026-02-27T00:28:44","guid":{"rendered":"https:\/\/nordicmart.andreevmaster.com\/product\/songmics-koristeellinen-kasvihylly-musta\/"},"modified":"2026-02-27T09:47:35","modified_gmt":"2026-02-27T09:47:35","slug":"songmics-koristeellinen-kasvihylly-musta","status":"publish","type":"product","link":"https:\/\/nordicmart.andreevmaster.com\/fi\/tuote\/songmics-koristeellinen-kasvihylly-musta\/","title":{"rendered":"SONGMICS Koristeellinen kasvihylly, musta"},"content":{"rendered":"<p>Songmicsin sein\u00e4hylly tekee vaikutuksen nostalgisella charmillaan. Eksklusiiviset kierrekoristeet tekev\u00e4t siit\u00e4 todellisen katseenvangitsijan! T\u00e4m\u00e4 k\u00e4sintehty sein\u00e4hylly on valmistettu tukevasta raudasta, jonka pinta on jauhemaalattu, kest\u00e4v\u00e4 ja vakaa. Kolmen yl\u00f6s nostettavan hyllylevyn ansiosta se on ihanteellinen ratkaisu tavaroiden j\u00e4rjest\u00e4miseen ja s\u00e4ilytt\u00e4miseen. Jokainen hyllylevy on kiinnitetty kahteen koukkuun, jotka on hitsattu sivupalkkien vasemmalle ja oikealle puolelle, joten kaikki pysyy turvallisesti paikoillaan. Kierteiset koristeet toimivat sivupalkkeina, jotka est\u00e4v\u00e4t esineiden putoamisen. Sen voi j\u00e4tt\u00e4\u00e4 p\u00f6yd\u00e4lle tai ripustaa sein\u00e4lle kahden ruuvin avulla. Kun sit\u00e4 ei k\u00e4ytet\u00e4, se on helppo taittaa kokoon ja s\u00e4ilytt\u00e4\u00e4 tilaa s\u00e4\u00e4st\u00e4en. Tuotetiedot:  &#8211; Materiaali: rauta &#8211; V\u00e4ri: musta &#8211; Tuotteen mitat: 50 x 78 x 25 cm (L x K x S) &#8211; Et\u00e4isyys alimmasta hyllyst\u00e4 keskimm\u00e4iseen hyllyyn: 25 cm &#8211; Et\u00e4isyys keskimm\u00e4isest\u00e4 hyllyst\u00e4 ylimp\u00e4\u00e4n hyllyyn: 21 cm Toimitus sis\u00e4lt\u00e4\u00e4:  &#8211; 1 x sein\u00e4hylly<\/p>\n","protected":false},"excerpt":{"rendered":"<p>SONGMICS taitettava kylpyhuonehylly, kenk\u00e4hylly, sein\u00e4hylly, kirjahylly, kukkiteline, maalaistyylihylly LSN03B<\/p>\n","protected":false},"featured_media":43744,"comment_status":"open","ping_status":"closed","template":"","meta":[],"product_brand":[],"product_cat":[32],"product_tag":[],"class_list":{"0":"post-35151","1":"product","2":"type-product","3":"status-publish","4":"has-post-thumbnail","6":"product_cat-uncategorized-fi","8":"first","9":"instock","10":"shipping-taxable","11":"purchasable","12":"product-type-simple"},"_links":{"self":[{"href":"https:\/\/nordicmart.andreevmaster.com\/fi\/wp-json\/wp\/v2\/product\/35151","targetHints":{"allow":["GET"]}}],"collection":[{"href":"https:\/\/nordicmart.andreevmaster.com\/fi\/wp-json\/wp\/v2\/product"}],"about":[{"href":"https:\/\/nordicmart.andreevmaster.com\/fi\/wp-json\/wp\/v2\/types\/product"}],"replies":[{"embeddable":true,"href":"https:\/\/nordicmart.andreevmaster.com\/fi\/wp-json\/wp\/v2\/comments?post=35151"}],"wp:featuredmedia":[{"embeddable":true,"href":"https:\/\/nordicmart.andreevmaster.com\/fi\/wp-json\/wp\/v2\/media\/43744"}],"wp:attachment":[{"href":"https:\/\/nordicmart.andreevmaster.com\/fi\/wp-json\/wp\/v2\/media?parent=35151"}],"wp:term":[{"taxonomy":"product_brand","embeddable":true,"href":"https:\/\/nordicmart.andreevmaster.com\/fi\/wp-json\/wp\/v2\/product_brand?post=35151"},{"taxonomy":"product_cat","embeddable":true,"href":"https:\/\/nordicmart.andreevmaster.com\/fi\/wp-json\/wp\/v2\/product_cat?post=35151"},{"taxonomy":"product_tag","embeddable":true,"href":"https:\/\/nordicmart.andreevmaster.com\/fi\/wp-json\/wp\/v2\/product_tag?post=35151"}],"curies":[{"name":"wp","href":"https:\/\/api.w.org\/{rel}","templated":true}]}}