{"id":35150,"date":"2026-02-27T00:28:43","date_gmt":"2026-02-27T00:28:43","guid":{"rendered":"https:\/\/nordicmart.andreevmaster.com\/product\/songmics-kenkahylly-5-ritilahyllya-musta\/"},"modified":"2026-02-27T09:47:35","modified_gmt":"2026-02-27T09:47:35","slug":"songmics-kenkahylly-5-ritilahyllya-musta","status":"publish","type":"product","link":"https:\/\/nordicmart.andreevmaster.com\/fi\/tuote\/songmics-kenkahylly-5-ritilahyllya-musta\/","title":{"rendered":"SONGMICS kenk\u00e4hylly 5 ritil\u00e4hylly\u00e4 musta"},"content":{"rendered":"<p>Jos sinulla on vain pieni budjetti sopivan kenk\u00e4kaapin hankkimiseen, t\u00e4m\u00e4 yksinkertainen mutta toimiva kenk\u00e4hylly on sinulle kuin luotu. 5 hylly\u00e4 riitt\u00e4\u00e4 mainiosti kenkien s\u00e4ilytykseen, ja \u00e4l\u00e4 unohda, ett\u00e4 hyllyn voi my\u00f6s k\u00e4\u00e4nt\u00e4\u00e4 yl\u00f6salaisin, jolloin saat lis\u00e4\u00e4 s\u00e4ilytystilaa. Haluatko s\u00e4ilytt\u00e4\u00e4 saappaita? Ei h\u00e4t\u00e4\u00e4! T\u00e4m\u00e4 kenk\u00e4hylly on helppo koota ja s\u00e4\u00e4t\u00e4\u00e4. Voit j\u00e4tt\u00e4\u00e4 yhden tai kaksi hylly\u00e4 pois asennuksen yhteydess\u00e4, jotta saat tilaa uusille saappaille! Mihin t\u00e4m\u00e4 kenk\u00e4hylly kannattaa sijoittaa? Eteiseen \u2013 lis\u00e4\u00e4 mukavuutta Olohuoneeseen \u2013 lis\u00e4\u00e4 j\u00e4rjestyst\u00e4 Pukeutumishuoneeseen \u2013 lis\u00e4\u00e4 s\u00e4ilytystilaa Tuotetiedot: V\u00e4ri: musta Materiaali: metalliputki, metalliritil\u00e4levy, muovinen liitoskappale Mitat: 91,5 x 28,5 x 96 cm (P x L x K) Hyllyjen v\u00e4linen et\u00e4isyys: 20 cm Paino: 3,5 kg Hyllyn enimm\u00e4iskuormitus: 5 kg Hyllyn enimm\u00e4iskuormitus: 25 kg Toimitus sis\u00e4lt\u00e4\u00e4: 1 x kenk\u00e4hylly 1 x ohjeet (DE, EN, FR, ES, IT) SONGMICS-huomautukset:Tekstiss\u00e4 mainittu maks. kantavuus viittaa staattiseen maksimipainoon.<\/p>\n","protected":false},"excerpt":{"rendered":"<p>SONGMICS 5-tasoinen kenk\u00e4hylly, metallinen kenk\u00e4s\u00e4ilytys, jopa 25 parille kenki\u00e4, kenk\u00e4j\u00e4rjestelij\u00e4 olohuoneeseen, eteiseen ja pukuhuoneeseen, 91,5 x 28,5 x 96 cm, musta LSM05BK<\/p>\n","protected":false},"featured_media":43743,"comment_status":"open","ping_status":"closed","template":"","meta":[],"product_brand":[],"product_cat":[32],"product_tag":[],"class_list":{"0":"post-35150","1":"product","2":"type-product","3":"status-publish","4":"has-post-thumbnail","6":"product_cat-uncategorized-fi","8":"first","9":"instock","10":"shipping-taxable","11":"purchasable","12":"product-type-simple"},"_links":{"self":[{"href":"https:\/\/nordicmart.andreevmaster.com\/fi\/wp-json\/wp\/v2\/product\/35150","targetHints":{"allow":["GET"]}}],"collection":[{"href":"https:\/\/nordicmart.andreevmaster.com\/fi\/wp-json\/wp\/v2\/product"}],"about":[{"href":"https:\/\/nordicmart.andreevmaster.com\/fi\/wp-json\/wp\/v2\/types\/product"}],"replies":[{"embeddable":true,"href":"https:\/\/nordicmart.andreevmaster.com\/fi\/wp-json\/wp\/v2\/comments?post=35150"}],"wp:featuredmedia":[{"embeddable":true,"href":"https:\/\/nordicmart.andreevmaster.com\/fi\/wp-json\/wp\/v2\/media\/43743"}],"wp:attachment":[{"href":"https:\/\/nordicmart.andreevmaster.com\/fi\/wp-json\/wp\/v2\/media?parent=35150"}],"wp:term":[{"taxonomy":"product_brand","embeddable":true,"href":"https:\/\/nordicmart.andreevmaster.com\/fi\/wp-json\/wp\/v2\/product_brand?post=35150"},{"taxonomy":"product_cat","embeddable":true,"href":"https:\/\/nordicmart.andreevmaster.com\/fi\/wp-json\/wp\/v2\/product_cat?post=35150"},{"taxonomy":"product_tag","embeddable":true,"href":"https:\/\/nordicmart.andreevmaster.com\/fi\/wp-json\/wp\/v2\/product_tag?post=35150"}],"curies":[{"name":"wp","href":"https:\/\/api.w.org\/{rel}","templated":true}]}}