{"id":35144,"date":"2026-02-27T00:28:42","date_gmt":"2026-02-27T00:28:42","guid":{"rendered":"https:\/\/nordicmart.andreevmaster.com\/product\/songmics-kapea-kenkahylly-hyllyt-huovasta-harmaa\/"},"modified":"2026-02-27T09:47:33","modified_gmt":"2026-02-27T09:47:33","slug":"songmics-kapea-kenkahylly-hyllyt-huovasta-harmaa","status":"publish","type":"product","link":"https:\/\/nordicmart.andreevmaster.com\/fi\/tuote\/songmics-kapea-kenkahylly-hyllyt-huovasta-harmaa\/","title":{"rendered":"SONGMICS kapea kenk\u00e4hylly, hyllyt huovasta, harmaa"},"content":{"rendered":"<p>SONGMICS kenk\u00e4hylly, kenk\u00e4teline, 10 tasoa, avoin kenk\u00e4kaappi, kenkien s\u00e4ilytys, kapea, 45 x 28 x 173 cm, metallirunko, huopakankaiset hyllyt, eteiseen, makuuhuoneeseen, musta LSH010B02<br \/>\nV\u00e4ri: harmaa<br \/>\nMateriaali: hyllyt kuitukankaasta, metalliputket, muoviset liitoskappaleet<br \/>\nKoko: 28 x 45 x 173 cm (S x L x K)<br \/>\nHyllyjen v\u00e4linen et\u00e4isyys: 17 cm<br \/>\nPaino: 1,6 kg<br \/>\nHyllyjen maks. staattinen kantavuus: 5 kg<\/p>\n","protected":false},"excerpt":{"rendered":"<p>SONGMICS kenk\u00e4hylly, kenk\u00e4teline, 10 tasoa, avoin kenk\u00e4kaappi, kenkien s\u00e4ilytys, kapea, 45 x 28 x 173 cm, metallirunko, huopakankaiset hyllyt, eteiseen, makuuhuoneeseen, musta LSH010B02<\/p>\n","protected":false},"featured_media":43737,"comment_status":"open","ping_status":"closed","template":"","meta":[],"product_brand":[],"product_cat":[32],"product_tag":[],"class_list":{"0":"post-35144","1":"product","2":"type-product","3":"status-publish","4":"has-post-thumbnail","6":"product_cat-uncategorized-fi","8":"first","9":"instock","10":"shipping-taxable","11":"purchasable","12":"product-type-simple"},"_links":{"self":[{"href":"https:\/\/nordicmart.andreevmaster.com\/fi\/wp-json\/wp\/v2\/product\/35144","targetHints":{"allow":["GET"]}}],"collection":[{"href":"https:\/\/nordicmart.andreevmaster.com\/fi\/wp-json\/wp\/v2\/product"}],"about":[{"href":"https:\/\/nordicmart.andreevmaster.com\/fi\/wp-json\/wp\/v2\/types\/product"}],"replies":[{"embeddable":true,"href":"https:\/\/nordicmart.andreevmaster.com\/fi\/wp-json\/wp\/v2\/comments?post=35144"}],"wp:featuredmedia":[{"embeddable":true,"href":"https:\/\/nordicmart.andreevmaster.com\/fi\/wp-json\/wp\/v2\/media\/43737"}],"wp:attachment":[{"href":"https:\/\/nordicmart.andreevmaster.com\/fi\/wp-json\/wp\/v2\/media?parent=35144"}],"wp:term":[{"taxonomy":"product_brand","embeddable":true,"href":"https:\/\/nordicmart.andreevmaster.com\/fi\/wp-json\/wp\/v2\/product_brand?post=35144"},{"taxonomy":"product_cat","embeddable":true,"href":"https:\/\/nordicmart.andreevmaster.com\/fi\/wp-json\/wp\/v2\/product_cat?post=35144"},{"taxonomy":"product_tag","embeddable":true,"href":"https:\/\/nordicmart.andreevmaster.com\/fi\/wp-json\/wp\/v2\/product_tag?post=35144"}],"curies":[{"name":"wp","href":"https:\/\/api.w.org\/{rel}","templated":true}]}}