{"id":35143,"date":"2026-02-27T00:28:42","date_gmt":"2026-02-27T00:28:42","guid":{"rendered":"https:\/\/nordicmart.andreevmaster.com\/product\/songmics-10-tasoinen-kenkahylly\/"},"modified":"2026-02-27T09:47:33","modified_gmt":"2026-02-27T09:47:33","slug":"songmics-10-tasoinen-kenkahylly","status":"publish","type":"product","link":"https:\/\/nordicmart.andreevmaster.com\/fi\/tuote\/songmics-10-tasoinen-kenkahylly\/","title":{"rendered":"SONGMICS 10-tasoinen kenk\u00e4hylly"},"content":{"rendered":"<p>Etsitk\u00f6 ratkaisua koko perheen kenkien s\u00e4ilytt\u00e4miseen? \u00c4rsytt\u00e4\u00e4k\u00f6 sinua, ett\u00e4 kenk\u00e4kokoelmasi on aina sekaisin? T\u00e4m\u00e4 10-tasoinen s\u00e4ilytyshylly tulee apuun!T\u00e4m\u00e4n kenk\u00e4hyllyn parhaat puolet yhdell\u00e4 silm\u00e4yksell\u00e4: &#8211; Valmistettu tukevista metalliputkista ja kest\u00e4vist\u00e4 kuitukankaista hyllyist\u00e4, jotka kest\u00e4v\u00e4t pitk\u00e4\u00e4n. &#8211; Vie v\u00e4h\u00e4n tilaa kapean muodonsa ansiosta, mutta tarjoaa silti riitt\u00e4v\u00e4sti s\u00e4ilytystilaa kenk\u00e4kokoelmallesi. &#8211; Voidaan helposti jakaa kahdeksi pieneksi hyllyksi ja k\u00e4ytt\u00e4\u00e4 erikseen eri huoneissa.- Asennuksen yhteydess\u00e4 voit j\u00e4tt\u00e4\u00e4 yhden hyllyn pois, jotta saat tilaa uusille saappaille. &#8211; Helppo koota selkeiden ohjeiden ja selv\u00e4sti merkittyjen osien ansiosta. &#8211; Sopii t\u00e4ydellisesti eri tiloihin, kuten eteiseen, olohuoneeseen, makuuhuoneeseen tai pukeutumishuoneeseen. Tuotetiedot:- V\u00e4ri: musta &#8211; Materiaali: hyllyt kuitukankaasta, metalliputket, muoviset liitoskappaleet &#8211; Koko: 45 x 28 x 173 cm (P x L x K) &#8211; Hyllyjen v\u00e4linen et\u00e4isyys: 17 cm &#8211; Paino: 1,6 kg &#8211; Hyllyn maks. staattinen kantavuus: 5 kg Toimitus sis\u00e4lt\u00e4\u00e4:- 1 x kenk\u00e4hylly &#8211; 1 x lis\u00e4varustepaketti &#8211; 2 x kaatumissuoja &#8211; 1 x ohjeet SONGMICS-ohjeet: &#8211; Turvallisuussyist\u00e4 lapset eiv\u00e4t saa kiivet\u00e4 tuotteelle tai leikki\u00e4 sill\u00e4. &#8211; Kiinnit\u00e4 t\u00e4m\u00e4 tuote sein\u00e4\u00e4n mukana toimitetulla kaatumissuojalla turvallisen k\u00e4yt\u00f6n varmistamiseksi.<\/p>\n","protected":false},"excerpt":{"rendered":"<p>SONGMICS kenk\u00e4hylly, kenk\u00e4teline, 10 tasoa, avoin kenk\u00e4kaappi, kenkien s\u00e4ilytys, kapea, 45 x 28 x 173 cm, metallirunko, huopakankaiset hyllyt, eteiseen, makuuhuoneeseen, musta LSH010B02<\/p>\n","protected":false},"featured_media":43736,"comment_status":"open","ping_status":"closed","template":"","meta":[],"product_brand":[],"product_cat":[32],"product_tag":[],"class_list":{"0":"post-35143","1":"product","2":"type-product","3":"status-publish","4":"has-post-thumbnail","6":"product_cat-uncategorized-fi","8":"first","9":"instock","10":"shipping-taxable","11":"purchasable","12":"product-type-simple"},"_links":{"self":[{"href":"https:\/\/nordicmart.andreevmaster.com\/fi\/wp-json\/wp\/v2\/product\/35143","targetHints":{"allow":["GET"]}}],"collection":[{"href":"https:\/\/nordicmart.andreevmaster.com\/fi\/wp-json\/wp\/v2\/product"}],"about":[{"href":"https:\/\/nordicmart.andreevmaster.com\/fi\/wp-json\/wp\/v2\/types\/product"}],"replies":[{"embeddable":true,"href":"https:\/\/nordicmart.andreevmaster.com\/fi\/wp-json\/wp\/v2\/comments?post=35143"}],"wp:featuredmedia":[{"embeddable":true,"href":"https:\/\/nordicmart.andreevmaster.com\/fi\/wp-json\/wp\/v2\/media\/43736"}],"wp:attachment":[{"href":"https:\/\/nordicmart.andreevmaster.com\/fi\/wp-json\/wp\/v2\/media?parent=35143"}],"wp:term":[{"taxonomy":"product_brand","embeddable":true,"href":"https:\/\/nordicmart.andreevmaster.com\/fi\/wp-json\/wp\/v2\/product_brand?post=35143"},{"taxonomy":"product_cat","embeddable":true,"href":"https:\/\/nordicmart.andreevmaster.com\/fi\/wp-json\/wp\/v2\/product_cat?post=35143"},{"taxonomy":"product_tag","embeddable":true,"href":"https:\/\/nordicmart.andreevmaster.com\/fi\/wp-json\/wp\/v2\/product_tag?post=35143"}],"curies":[{"name":"wp","href":"https:\/\/api.w.org\/{rel}","templated":true}]}}