{"id":35142,"date":"2026-02-27T00:28:42","date_gmt":"2026-02-27T00:28:42","guid":{"rendered":"https:\/\/nordicmart.andreevmaster.com\/product\/songmics-kenkahylly-5-hyllya-kuitukangasta\/"},"modified":"2026-02-27T09:47:33","modified_gmt":"2026-02-27T09:47:33","slug":"songmics-kenkahylly-5-hyllya-kuitukangasta","status":"publish","type":"product","link":"https:\/\/nordicmart.andreevmaster.com\/fi\/tuote\/songmics-kenkahylly-5-hyllya-kuitukangasta\/","title":{"rendered":"SONGMICS kenk\u00e4hylly, 5 hylly\u00e4, kuitukangasta"},"content":{"rendered":"<p>Tuotetiedot: V\u00e4ri: musta Materiaali: metalliputki, kuitukangas, muoviliitin Koko: 45 x 28 x 89 cm (P x L x K)Hyllyjen v\u00e4linen et\u00e4isyys: 17 cmPaino: 0,7 kgMaks. staattinen kantavuus hylly\u00e4 kohti: 5 kgToimitus sis\u00e4lt\u00e4\u00e4:1 x kenk\u00e4hylly, 5 tasoa1 x lis\u00e4varustepaketti2 x kaatumissuoja1 x ohjeSONGMICS-ohjeet:Turvallisuussyist\u00e4 lapset eiv\u00e4t saa kiivet\u00e4 tuotteelle tai leikki\u00e4 sill\u00e4. Kiinnit\u00e4 t\u00e4m\u00e4 tuote sein\u00e4\u00e4n mukana toimitetulla kaatumissuojalla turvallisen k\u00e4yt\u00f6n varmistamiseksi.<\/p>\n","protected":false},"excerpt":{"rendered":"<p>SONGMICS kenk\u00e4hylly, kenk\u00e4teline, 5 tasoa, avoin kenk\u00e4kaappi, kenkien s\u00e4ilytys, kapea, 45 x 28 x 89 cm, metallirunko, hyllyt kuitukankaasta, eteiseen, makuuhuoneeseen, musta LSH005B02<\/p>\n","protected":false},"featured_media":43735,"comment_status":"open","ping_status":"closed","template":"","meta":[],"product_brand":[],"product_cat":[32],"product_tag":[],"class_list":{"0":"post-35142","1":"product","2":"type-product","3":"status-publish","4":"has-post-thumbnail","6":"product_cat-uncategorized-fi","8":"first","9":"instock","10":"shipping-taxable","11":"purchasable","12":"product-type-simple"},"_links":{"self":[{"href":"https:\/\/nordicmart.andreevmaster.com\/fi\/wp-json\/wp\/v2\/product\/35142","targetHints":{"allow":["GET"]}}],"collection":[{"href":"https:\/\/nordicmart.andreevmaster.com\/fi\/wp-json\/wp\/v2\/product"}],"about":[{"href":"https:\/\/nordicmart.andreevmaster.com\/fi\/wp-json\/wp\/v2\/types\/product"}],"replies":[{"embeddable":true,"href":"https:\/\/nordicmart.andreevmaster.com\/fi\/wp-json\/wp\/v2\/comments?post=35142"}],"wp:featuredmedia":[{"embeddable":true,"href":"https:\/\/nordicmart.andreevmaster.com\/fi\/wp-json\/wp\/v2\/media\/43735"}],"wp:attachment":[{"href":"https:\/\/nordicmart.andreevmaster.com\/fi\/wp-json\/wp\/v2\/media?parent=35142"}],"wp:term":[{"taxonomy":"product_brand","embeddable":true,"href":"https:\/\/nordicmart.andreevmaster.com\/fi\/wp-json\/wp\/v2\/product_brand?post=35142"},{"taxonomy":"product_cat","embeddable":true,"href":"https:\/\/nordicmart.andreevmaster.com\/fi\/wp-json\/wp\/v2\/product_cat?post=35142"},{"taxonomy":"product_tag","embeddable":true,"href":"https:\/\/nordicmart.andreevmaster.com\/fi\/wp-json\/wp\/v2\/product_tag?post=35142"}],"curies":[{"name":"wp","href":"https:\/\/api.w.org\/{rel}","templated":true}]}}