{"id":35123,"date":"2026-02-27T00:28:37","date_gmt":"2026-02-27T00:28:37","guid":{"rendered":"https:\/\/nordicmart.andreevmaster.com\/product\/songmics-sailytystilalla-varustettu-samettinen-penkki-38-x-76-x-38-cm-taitettava-sailytysarkku\/"},"modified":"2026-02-27T09:47:29","modified_gmt":"2026-02-27T09:47:29","slug":"songmics-sailytystilalla-varustettu-samettinen-penkki-38-x-76-x-38-cm-taitettava-sailytysarkku","status":"publish","type":"product","link":"https:\/\/nordicmart.andreevmaster.com\/fi\/tuote\/songmics-sailytystilalla-varustettu-samettinen-penkki-38-x-76-x-38-cm-taitettava-sailytysarkku\/","title":{"rendered":"SONGMICS s\u00e4ilytystilalla varustettu samettinen penkki, 38 x 76 x 38 cm, taitettava s\u00e4ilytysarkku"},"content":{"rendered":"<p>S\u00e4ilytystilalla varustettu jakkara, penkki, 38 x 110 x 38 cm, taitettava, jalkatuki, kantavuus 300 kg, olohuoneeseen, makuuhuoneeseen, eteiseen, liuskekiviharmaa<br \/>\nTekniset tiedot:<br \/>\n&#8211; Mitat: 38 x 76 x 38 cm (S x L x K)<br \/>\n&#8211; Paino: 5,6 kg<br \/>\n&#8211; Maks. staattinen kantavuus: 300 kg<br \/>\n&#8211; Tilavuus: 89 litraa<br \/>\n&#8211; Materiaali: MDF (keskitihe\u00e4 kuitulevy), sametti, vaahtomuovi<br \/>\n&#8211; V\u00e4ri: musta<\/p>\n","protected":false},"excerpt":{"rendered":"<p>S\u00e4ilytystilalla varustettu jakkara, penkki, 38 x 110 x 38 cm, taitettava, jalkatuki, kantavuus 300 kg, olohuoneeseen, makuuhuoneeseen, eteiseen, liuskekiviharmaa<\/p>\n","protected":false},"featured_media":43718,"comment_status":"open","ping_status":"closed","template":"","meta":[],"product_brand":[],"product_cat":[32],"product_tag":[],"class_list":{"0":"post-35123","1":"product","2":"type-product","3":"status-publish","4":"has-post-thumbnail","6":"product_cat-uncategorized-fi","8":"first","9":"instock","10":"shipping-taxable","11":"purchasable","12":"product-type-simple"},"_links":{"self":[{"href":"https:\/\/nordicmart.andreevmaster.com\/fi\/wp-json\/wp\/v2\/product\/35123","targetHints":{"allow":["GET"]}}],"collection":[{"href":"https:\/\/nordicmart.andreevmaster.com\/fi\/wp-json\/wp\/v2\/product"}],"about":[{"href":"https:\/\/nordicmart.andreevmaster.com\/fi\/wp-json\/wp\/v2\/types\/product"}],"replies":[{"embeddable":true,"href":"https:\/\/nordicmart.andreevmaster.com\/fi\/wp-json\/wp\/v2\/comments?post=35123"}],"wp:featuredmedia":[{"embeddable":true,"href":"https:\/\/nordicmart.andreevmaster.com\/fi\/wp-json\/wp\/v2\/media\/43718"}],"wp:attachment":[{"href":"https:\/\/nordicmart.andreevmaster.com\/fi\/wp-json\/wp\/v2\/media?parent=35123"}],"wp:term":[{"taxonomy":"product_brand","embeddable":true,"href":"https:\/\/nordicmart.andreevmaster.com\/fi\/wp-json\/wp\/v2\/product_brand?post=35123"},{"taxonomy":"product_cat","embeddable":true,"href":"https:\/\/nordicmart.andreevmaster.com\/fi\/wp-json\/wp\/v2\/product_cat?post=35123"},{"taxonomy":"product_tag","embeddable":true,"href":"https:\/\/nordicmart.andreevmaster.com\/fi\/wp-json\/wp\/v2\/product_tag?post=35123"}],"curies":[{"name":"wp","href":"https:\/\/api.w.org\/{rel}","templated":true}]}}