{"id":35114,"date":"2026-02-27T00:28:34","date_gmt":"2026-02-27T00:28:34","guid":{"rendered":"https:\/\/nordicmart.andreevmaster.com\/product\/songmics-sailytystilalla-varustettu-penkki-samettia-taitettava-sailytysarkku-sailytyslaatikko-kannella\/"},"modified":"2026-02-27T09:47:27","modified_gmt":"2026-02-27T09:47:27","slug":"songmics-sailytystilalla-varustettu-penkki-samettia-taitettava-sailytysarkku-sailytyslaatikko-kannella","status":"publish","type":"product","link":"https:\/\/nordicmart.andreevmaster.com\/fi\/tuote\/songmics-sailytystilalla-varustettu-penkki-samettia-taitettava-sailytysarkku-sailytyslaatikko-kannella\/","title":{"rendered":"SONGMICS s\u00e4ilytystilalla varustettu penkki, samettia, taitettava s\u00e4ilytysarkku, s\u00e4ilytyslaatikko kannella"},"content":{"rendered":"<p>S\u00e4ilytystilalla varustettu jakkara, pieni jalkapenkki, penkki, 38 x 38 x 38 cm, kantavuus 300 kg, olohuoneeseen, makuuhuoneeseen, makuusalin, kyyhkynharmaa<br \/>\nTuotetiedot:<br \/>\n&#8211; V\u00e4ri: musta<br \/>\n&#8211; Materiaali: MDF (keskitihe\u00e4 kuitulevy), sametti, vaahtomuovi<br \/>\n&#8211; Koko: 31 x 41 x 31 cm (S x L x K)<br \/>\n&#8211; Paino: 2,1 kg<br \/>\n&#8211; Maks. staattinen kantavuus: 130 kg<br \/>\n&#8211; Tilavuus: 32 litraa<\/p>\n<p>Toimitus sis\u00e4lt\u00e4\u00e4<br \/>\n&#8211; 1 x istuinkirstu<\/p>\n<p>Huomautukset:<br \/>\n&#8211; Peit\u00e4 penkki kokonaan kannella ennen kuin istut siihen.<br \/>\n&#8211; \u00c4l\u00e4 laita liian suuria esineit\u00e4 istuinkirstuun.<\/p>\n","protected":false},"excerpt":{"rendered":"<p>S\u00e4ilytystilalla varustettu jakkara, pieni jalkapenkki, penkki, 38 x 38 x 38 cm, kantavuus 300 kg, olohuoneeseen, makuuhuoneeseen, makuusalin, kyyhkynharmaa<\/p>\n","protected":false},"featured_media":43710,"comment_status":"open","ping_status":"closed","template":"","meta":[],"product_brand":[],"product_cat":[32],"product_tag":[],"class_list":{"0":"post-35114","1":"product","2":"type-product","3":"status-publish","4":"has-post-thumbnail","6":"product_cat-uncategorized-fi","8":"first","9":"instock","10":"shipping-taxable","11":"purchasable","12":"product-type-simple"},"_links":{"self":[{"href":"https:\/\/nordicmart.andreevmaster.com\/fi\/wp-json\/wp\/v2\/product\/35114","targetHints":{"allow":["GET"]}}],"collection":[{"href":"https:\/\/nordicmart.andreevmaster.com\/fi\/wp-json\/wp\/v2\/product"}],"about":[{"href":"https:\/\/nordicmart.andreevmaster.com\/fi\/wp-json\/wp\/v2\/types\/product"}],"replies":[{"embeddable":true,"href":"https:\/\/nordicmart.andreevmaster.com\/fi\/wp-json\/wp\/v2\/comments?post=35114"}],"wp:featuredmedia":[{"embeddable":true,"href":"https:\/\/nordicmart.andreevmaster.com\/fi\/wp-json\/wp\/v2\/media\/43710"}],"wp:attachment":[{"href":"https:\/\/nordicmart.andreevmaster.com\/fi\/wp-json\/wp\/v2\/media?parent=35114"}],"wp:term":[{"taxonomy":"product_brand","embeddable":true,"href":"https:\/\/nordicmart.andreevmaster.com\/fi\/wp-json\/wp\/v2\/product_brand?post=35114"},{"taxonomy":"product_cat","embeddable":true,"href":"https:\/\/nordicmart.andreevmaster.com\/fi\/wp-json\/wp\/v2\/product_cat?post=35114"},{"taxonomy":"product_tag","embeddable":true,"href":"https:\/\/nordicmart.andreevmaster.com\/fi\/wp-json\/wp\/v2\/product_tag?post=35114"}],"curies":[{"name":"wp","href":"https:\/\/api.w.org\/{rel}","templated":true}]}}