{"id":35103,"date":"2026-02-27T00:28:31","date_gmt":"2026-02-27T00:28:31","guid":{"rendered":"https:\/\/nordicmart.andreevmaster.com\/product\/songmics-penkki-sailytystilalla-taitettava-istuinkirstu-sailytyskirstu\/"},"modified":"2026-02-27T09:47:25","modified_gmt":"2026-02-27T09:47:25","slug":"songmics-penkki-sailytystilalla-taitettava-istuinkirstu-sailytyskirstu","status":"publish","type":"product","link":"https:\/\/nordicmart.andreevmaster.com\/fi\/tuote\/songmics-penkki-sailytystilalla-taitettava-istuinkirstu-sailytyskirstu\/","title":{"rendered":"SONGMICS penkki s\u00e4ilytystilalla, taitettava istuinkirstu, s\u00e4ilytyskirstu"},"content":{"rendered":"<p>SONGMICS penkki, taitettava, s\u00e4ilytysarkku, tilavuus 120 litraa, kantavuus 300 kg, 38 x 110 x 38 cm, kahvinruskea LSF075K01<br \/>\n&#8211; V\u00e4ri: vaalea tauri<br \/>\n&#8211; Materiaali: MDF (keskitihe\u00e4 kuitulevy), keinonahka, vaahtomuovipehmuste<br \/>\n&#8211; Koko: 38 x 110 x 38 cm (S x L x K)<br \/>\n&#8211; Paino: 8,8 kg<br \/>\n&#8211; Maks. staattinen kantavuus: 300 kg<br \/>\n&#8211; Tilavuus: 120 litraa<\/p>\n","protected":false},"excerpt":{"rendered":"<p>SONGMICS penkki, taitettava, s\u00e4ilytysarkku, tilavuus 120 litraa, kantavuus 300 kg, 38 x 110 x 38 cm, kahvinruskea LSF075K01<\/p>\n","protected":false},"featured_media":43699,"comment_status":"open","ping_status":"closed","template":"","meta":[],"product_brand":[],"product_cat":[32],"product_tag":[],"class_list":{"0":"post-35103","1":"product","2":"type-product","3":"status-publish","4":"has-post-thumbnail","6":"product_cat-uncategorized-fi","8":"first","9":"instock","10":"shipping-taxable","11":"purchasable","12":"product-type-simple"},"_links":{"self":[{"href":"https:\/\/nordicmart.andreevmaster.com\/fi\/wp-json\/wp\/v2\/product\/35103","targetHints":{"allow":["GET"]}}],"collection":[{"href":"https:\/\/nordicmart.andreevmaster.com\/fi\/wp-json\/wp\/v2\/product"}],"about":[{"href":"https:\/\/nordicmart.andreevmaster.com\/fi\/wp-json\/wp\/v2\/types\/product"}],"replies":[{"embeddable":true,"href":"https:\/\/nordicmart.andreevmaster.com\/fi\/wp-json\/wp\/v2\/comments?post=35103"}],"wp:featuredmedia":[{"embeddable":true,"href":"https:\/\/nordicmart.andreevmaster.com\/fi\/wp-json\/wp\/v2\/media\/43699"}],"wp:attachment":[{"href":"https:\/\/nordicmart.andreevmaster.com\/fi\/wp-json\/wp\/v2\/media?parent=35103"}],"wp:term":[{"taxonomy":"product_brand","embeddable":true,"href":"https:\/\/nordicmart.andreevmaster.com\/fi\/wp-json\/wp\/v2\/product_brand?post=35103"},{"taxonomy":"product_cat","embeddable":true,"href":"https:\/\/nordicmart.andreevmaster.com\/fi\/wp-json\/wp\/v2\/product_cat?post=35103"},{"taxonomy":"product_tag","embeddable":true,"href":"https:\/\/nordicmart.andreevmaster.com\/fi\/wp-json\/wp\/v2\/product_tag?post=35103"}],"curies":[{"name":"wp","href":"https:\/\/api.w.org\/{rel}","templated":true}]}}