{"id":35099,"date":"2026-02-27T00:28:30","date_gmt":"2026-02-27T00:28:30","guid":{"rendered":"https:\/\/nordicmart.andreevmaster.com\/product\/songmics-penkki-sailytystilalla-taitettava-istuinkirstu-sailytyslaatikko\/"},"modified":"2026-02-27T09:47:24","modified_gmt":"2026-02-27T09:47:24","slug":"songmics-penkki-sailytystilalla-taitettava-istuinkirstu-sailytyslaatikko","status":"publish","type":"product","link":"https:\/\/nordicmart.andreevmaster.com\/fi\/tuote\/songmics-penkki-sailytystilalla-taitettava-istuinkirstu-sailytyslaatikko\/","title":{"rendered":"SONGMICS-penkki s\u00e4ilytystilalla, taitettava istuinkirstu, s\u00e4ilytyslaatikko"},"content":{"rendered":"<p>SONGMICS-penkki s\u00e4ilytystilalla, taitettava istuinkirstu, s\u00e4ilytyslaatikko, 38 x 76 x 38 cm, taitettava kansi, kantavuus 300 kg, k\u00e4ytett\u00e4v\u00e4ksi eteisess\u00e4, olohuoneessa, makuuhuoneessa<br \/>\nTekniset tiedot:<br \/>\n&#8211; Mitat: 38 x 76 x 38 cm (S x L x K)<br \/>\n&#8211; Paino: 6,1 kg<br \/>\n&#8211; Maks. staattinen kantavuus: 300 kg<br \/>\n&#8211; Tilavuus: 89 litraa<br \/>\n&#8211; Materiaali: MDF (keskitihe\u00e4 kuitulevy), keinokangas, vaahtomuovipehmuste<br \/>\n&#8211; V\u00e4ri: ruskea<\/p>\n","protected":false},"excerpt":{"rendered":"<p>SONGMICS-penkki s\u00e4ilytystilalla, taitettava istuinkirstu, s\u00e4ilytyslaatikko, 38 x 76 x 38 cm, taitettava kansi, kantavuus 300 kg, k\u00e4ytett\u00e4v\u00e4ksi eteisess\u00e4, olohuoneessa, makuuhuoneessa<\/p>\n","protected":false},"featured_media":43696,"comment_status":"open","ping_status":"closed","template":"","meta":[],"product_brand":[],"product_cat":[32],"product_tag":[],"class_list":{"0":"post-35099","1":"product","2":"type-product","3":"status-publish","4":"has-post-thumbnail","6":"product_cat-uncategorized-fi","8":"first","9":"instock","10":"shipping-taxable","11":"purchasable","12":"product-type-simple"},"_links":{"self":[{"href":"https:\/\/nordicmart.andreevmaster.com\/fi\/wp-json\/wp\/v2\/product\/35099","targetHints":{"allow":["GET"]}}],"collection":[{"href":"https:\/\/nordicmart.andreevmaster.com\/fi\/wp-json\/wp\/v2\/product"}],"about":[{"href":"https:\/\/nordicmart.andreevmaster.com\/fi\/wp-json\/wp\/v2\/types\/product"}],"replies":[{"embeddable":true,"href":"https:\/\/nordicmart.andreevmaster.com\/fi\/wp-json\/wp\/v2\/comments?post=35099"}],"wp:featuredmedia":[{"embeddable":true,"href":"https:\/\/nordicmart.andreevmaster.com\/fi\/wp-json\/wp\/v2\/media\/43696"}],"wp:attachment":[{"href":"https:\/\/nordicmart.andreevmaster.com\/fi\/wp-json\/wp\/v2\/media?parent=35099"}],"wp:term":[{"taxonomy":"product_brand","embeddable":true,"href":"https:\/\/nordicmart.andreevmaster.com\/fi\/wp-json\/wp\/v2\/product_brand?post=35099"},{"taxonomy":"product_cat","embeddable":true,"href":"https:\/\/nordicmart.andreevmaster.com\/fi\/wp-json\/wp\/v2\/product_cat?post=35099"},{"taxonomy":"product_tag","embeddable":true,"href":"https:\/\/nordicmart.andreevmaster.com\/fi\/wp-json\/wp\/v2\/product_tag?post=35099"}],"curies":[{"name":"wp","href":"https:\/\/api.w.org\/{rel}","templated":true}]}}