{"id":35089,"date":"2026-02-27T00:28:28","date_gmt":"2026-02-27T00:28:28","guid":{"rendered":"https:\/\/nordicmart.andreevmaster.com\/product\/songmics-jakkara-penkki-sailytystilalla-30-x-30-cm\/"},"modified":"2026-02-27T09:47:22","modified_gmt":"2026-02-27T09:47:22","slug":"songmics-jakkara-penkki-sailytystilalla-30-x-30-cm","status":"publish","type":"product","link":"https:\/\/nordicmart.andreevmaster.com\/fi\/tuote\/songmics-jakkara-penkki-sailytystilalla-30-x-30-cm\/","title":{"rendered":"SONGMICS-jakkara, penkki s\u00e4ilytystilalla, 30 x 30 cm"},"content":{"rendered":"<p>SONGMICS s\u00e4ilytystilalla varustettu istuintyyny, taitettava jakkara, jalkatuki, taitettava jakkara, istuintyyny olohuoneeseen, makuuhuoneeseen, 30 x 30 x 30 cm, tummanharmaa LSF028G01<br \/>\nTuotetiedot:<br \/>\n&#8211; V\u00e4ri: musta<br \/>\n&#8211; Materiaali: MDF (keskitihe\u00e4 kuitulevy), keinokangas, 25D eritt\u00e4in joustava vaahtomuovi<br \/>\n&#8211; Koko: 30 x 30 x 30 cm (S x L x K)<br \/>\n&#8211; Paino: 1,6 kg<br \/>\n&#8211; Maks. staattinen kantavuus: 130 kg<br \/>\n&#8211; Tilavuus: 22 litraa<\/p>\n<p>Toimitus sis\u00e4lt\u00e4\u00e4<br \/>\n&#8211; 1 x istuinkirstu<\/p>\n<p>Huomautukset:<br \/>\n&#8211; Peit\u00e4 penkki kokonaan kannella ennen kuin istut siihen.<br \/>\n&#8211; \u00c4l\u00e4 laita liian suuria esineit\u00e4 istuinkirstuun.<\/p>\n","protected":false},"excerpt":{"rendered":"<p>SONGMICS s\u00e4ilytystilalla varustettu istuintyyny, taitettava jakkara, jalkatuki, taitettava jakkara, istuintyyny olohuoneeseen, makuuhuoneeseen, 30 x 30 x 30 cm, tummanharmaa LSF028G01<\/p>\n","protected":false},"featured_media":43686,"comment_status":"open","ping_status":"closed","template":"","meta":[],"product_brand":[],"product_cat":[32],"product_tag":[],"class_list":{"0":"post-35089","1":"product","2":"type-product","3":"status-publish","4":"has-post-thumbnail","6":"product_cat-uncategorized-fi","8":"first","9":"instock","10":"shipping-taxable","11":"purchasable","12":"product-type-simple"},"_links":{"self":[{"href":"https:\/\/nordicmart.andreevmaster.com\/fi\/wp-json\/wp\/v2\/product\/35089","targetHints":{"allow":["GET"]}}],"collection":[{"href":"https:\/\/nordicmart.andreevmaster.com\/fi\/wp-json\/wp\/v2\/product"}],"about":[{"href":"https:\/\/nordicmart.andreevmaster.com\/fi\/wp-json\/wp\/v2\/types\/product"}],"replies":[{"embeddable":true,"href":"https:\/\/nordicmart.andreevmaster.com\/fi\/wp-json\/wp\/v2\/comments?post=35089"}],"wp:featuredmedia":[{"embeddable":true,"href":"https:\/\/nordicmart.andreevmaster.com\/fi\/wp-json\/wp\/v2\/media\/43686"}],"wp:attachment":[{"href":"https:\/\/nordicmart.andreevmaster.com\/fi\/wp-json\/wp\/v2\/media?parent=35089"}],"wp:term":[{"taxonomy":"product_brand","embeddable":true,"href":"https:\/\/nordicmart.andreevmaster.com\/fi\/wp-json\/wp\/v2\/product_brand?post=35089"},{"taxonomy":"product_cat","embeddable":true,"href":"https:\/\/nordicmart.andreevmaster.com\/fi\/wp-json\/wp\/v2\/product_cat?post=35089"},{"taxonomy":"product_tag","embeddable":true,"href":"https:\/\/nordicmart.andreevmaster.com\/fi\/wp-json\/wp\/v2\/product_tag?post=35089"}],"curies":[{"name":"wp","href":"https:\/\/api.w.org\/{rel}","templated":true}]}}