{"id":35086,"date":"2026-02-27T00:28:27","date_gmt":"2026-02-27T00:28:27","guid":{"rendered":"https:\/\/nordicmart.andreevmaster.com\/product\/songmics-istuintyyny-taitettava-penkki-sailytystilalla-jalat\/"},"modified":"2026-02-27T09:47:21","modified_gmt":"2026-02-27T09:47:21","slug":"songmics-istuintyyny-taitettava-penkki-sailytystilalla-jalat","status":"publish","type":"product","link":"https:\/\/nordicmart.andreevmaster.com\/fi\/tuote\/songmics-istuintyyny-taitettava-penkki-sailytystilalla-jalat\/","title":{"rendered":"SONGMICS istuintyyny, taitettava penkki s\u00e4ilytystilalla, jalat"},"content":{"rendered":"<p>Jalkatuoli, taitettava penkki s\u00e4ilytystilalla, jalat, 38 x 110 x 40 cm, kantavuus 300 kg, jalkatuki, s\u00e4ilytyslaatikko, liuskekivi harmaa<br \/>\nTuotetiedot:<br \/>\n&#8211; V\u00e4ri: liuskekivi<br \/>\n&#8211; Materiaali: MDF (keskitihe\u00e4 kuitulevy), keinokangas, 25D eritt\u00e4in joustava vaahtomuovi<br \/>\n&#8211; Koko: 38 x 110 x 40 cm (S x L x K)<br \/>\n&#8211; Paino: 10 kg<br \/>\n&#8211; Maks. staattinen kantavuus: 300 kg<br \/>\n&#8211; Tilavuus: 112 litraa<\/p>\n<p>Toimitus sis\u00e4lt\u00e4\u00e4:<br \/>\n&#8211; 1 x istuinkirstu<br \/>\n&#8211; 1 x lis\u00e4varustepaketti<br \/>\n&#8211; 1 x k\u00e4ytt\u00f6ohje<\/p>\n<p>Huomautukset:<br \/>\n&#8211; Peit\u00e4 penkki kokonaan kannella ennen kuin istut siihen.<br \/>\n&#8211; \u00c4l\u00e4 laita liian suuria esineit\u00e4 istuimen s\u00e4ilytyslokeroon.<\/p>\n","protected":false},"excerpt":{"rendered":"<p>Jalkatuoli, taitettava penkki s\u00e4ilytystilalla, jalat, 38 x 110 x 40 cm, kantavuus 300 kg, jalkatuki, s\u00e4ilytyslaatikko, liuskekivi harmaa<\/p>\n","protected":false},"featured_media":43683,"comment_status":"open","ping_status":"closed","template":"","meta":[],"product_brand":[],"product_cat":[32],"product_tag":[],"class_list":{"0":"post-35086","1":"product","2":"type-product","3":"status-publish","4":"has-post-thumbnail","6":"product_cat-uncategorized-fi","8":"first","9":"instock","10":"shipping-taxable","11":"purchasable","12":"product-type-simple"},"_links":{"self":[{"href":"https:\/\/nordicmart.andreevmaster.com\/fi\/wp-json\/wp\/v2\/product\/35086","targetHints":{"allow":["GET"]}}],"collection":[{"href":"https:\/\/nordicmart.andreevmaster.com\/fi\/wp-json\/wp\/v2\/product"}],"about":[{"href":"https:\/\/nordicmart.andreevmaster.com\/fi\/wp-json\/wp\/v2\/types\/product"}],"replies":[{"embeddable":true,"href":"https:\/\/nordicmart.andreevmaster.com\/fi\/wp-json\/wp\/v2\/comments?post=35086"}],"wp:featuredmedia":[{"embeddable":true,"href":"https:\/\/nordicmart.andreevmaster.com\/fi\/wp-json\/wp\/v2\/media\/43683"}],"wp:attachment":[{"href":"https:\/\/nordicmart.andreevmaster.com\/fi\/wp-json\/wp\/v2\/media?parent=35086"}],"wp:term":[{"taxonomy":"product_brand","embeddable":true,"href":"https:\/\/nordicmart.andreevmaster.com\/fi\/wp-json\/wp\/v2\/product_brand?post=35086"},{"taxonomy":"product_cat","embeddable":true,"href":"https:\/\/nordicmart.andreevmaster.com\/fi\/wp-json\/wp\/v2\/product_cat?post=35086"},{"taxonomy":"product_tag","embeddable":true,"href":"https:\/\/nordicmart.andreevmaster.com\/fi\/wp-json\/wp\/v2\/product_tag?post=35086"}],"curies":[{"name":"wp","href":"https:\/\/api.w.org\/{rel}","templated":true}]}}