{"id":35084,"date":"2026-02-27T00:28:26","date_gmt":"2026-02-27T00:28:26","guid":{"rendered":"https:\/\/nordicmart.andreevmaster.com\/product\/songmics-sailytystilalla-varustettu-istuintyyny-taitettava-penkki-jaloilla-sailytyslaatikko\/"},"modified":"2026-02-27T09:47:21","modified_gmt":"2026-02-27T09:47:21","slug":"songmics-sailytystilalla-varustettu-istuintyyny-taitettava-penkki-jaloilla-sailytyslaatikko","status":"publish","type":"product","link":"https:\/\/nordicmart.andreevmaster.com\/fi\/tuote\/songmics-sailytystilalla-varustettu-istuintyyny-taitettava-penkki-jaloilla-sailytyslaatikko\/","title":{"rendered":"SONGMICS s\u00e4ilytystilalla varustettu istuintyyny, taitettava penkki jaloilla, s\u00e4ilytyslaatikko"},"content":{"rendered":"<p>Jalkatuoli, taitettava penkki s\u00e4ilytystilalla, jalat, 38 x 110 x 40 cm, kantavuus 300 kg, jalkatuki, s\u00e4ilytyslaatikko, liuskekivi harmaa<br \/>\nTekniset tiedot:<br \/>\n&#8211; Mitat: 38,1 x 76,1 x 40,1 cm (S x L x K)<br \/>\n&#8211; Paino: 6,5 kg<br \/>\n&#8211; Maks. staattinen kantavuus: 300 kg<br \/>\n&#8211; Tilavuus: 77 litraa<br \/>\n&#8211; Materiaali: MDF (keskitihe\u00e4 kuitulevy), keinokangas, 25D eritt\u00e4in joustava vaahtomuovi<br \/>\n&#8211; V\u00e4ri: musta<\/p>\n","protected":false},"excerpt":{"rendered":"<p>Jalkatuoli, taitettava penkki s\u00e4ilytystilalla, jalat, 38 x 110 x 40 cm, kantavuus 300 kg, jalkatuki, s\u00e4ilytyslaatikko, liuskekivi harmaa<\/p>\n","protected":false},"featured_media":43681,"comment_status":"open","ping_status":"closed","template":"","meta":[],"product_brand":[],"product_cat":[32],"product_tag":[],"class_list":{"0":"post-35084","1":"product","2":"type-product","3":"status-publish","4":"has-post-thumbnail","6":"product_cat-uncategorized-fi","8":"first","9":"instock","10":"shipping-taxable","11":"purchasable","12":"product-type-simple"},"_links":{"self":[{"href":"https:\/\/nordicmart.andreevmaster.com\/fi\/wp-json\/wp\/v2\/product\/35084","targetHints":{"allow":["GET"]}}],"collection":[{"href":"https:\/\/nordicmart.andreevmaster.com\/fi\/wp-json\/wp\/v2\/product"}],"about":[{"href":"https:\/\/nordicmart.andreevmaster.com\/fi\/wp-json\/wp\/v2\/types\/product"}],"replies":[{"embeddable":true,"href":"https:\/\/nordicmart.andreevmaster.com\/fi\/wp-json\/wp\/v2\/comments?post=35084"}],"wp:featuredmedia":[{"embeddable":true,"href":"https:\/\/nordicmart.andreevmaster.com\/fi\/wp-json\/wp\/v2\/media\/43681"}],"wp:attachment":[{"href":"https:\/\/nordicmart.andreevmaster.com\/fi\/wp-json\/wp\/v2\/media?parent=35084"}],"wp:term":[{"taxonomy":"product_brand","embeddable":true,"href":"https:\/\/nordicmart.andreevmaster.com\/fi\/wp-json\/wp\/v2\/product_brand?post=35084"},{"taxonomy":"product_cat","embeddable":true,"href":"https:\/\/nordicmart.andreevmaster.com\/fi\/wp-json\/wp\/v2\/product_cat?post=35084"},{"taxonomy":"product_tag","embeddable":true,"href":"https:\/\/nordicmart.andreevmaster.com\/fi\/wp-json\/wp\/v2\/product_tag?post=35084"}],"curies":[{"name":"wp","href":"https:\/\/api.w.org\/{rel}","templated":true}]}}