{"id":35081,"date":"2026-02-27T00:28:26","date_gmt":"2026-02-27T00:28:26","guid":{"rendered":"https:\/\/nordicmart.andreevmaster.com\/product\/songmics-rahi-sailytystilalla-pieni-taitettava-penkki-38\/"},"modified":"2026-02-27T09:47:20","modified_gmt":"2026-02-27T09:47:20","slug":"songmics-rahi-sailytystilalla-pieni-taitettava-penkki-38","status":"publish","type":"product","link":"https:\/\/nordicmart.andreevmaster.com\/fi\/tuote\/songmics-rahi-sailytystilalla-pieni-taitettava-penkki-38\/","title":{"rendered":"SONGMICS-rahi s\u00e4ilytystilalla, pieni taitettava penkki, 38"},"content":{"rendered":"<p>S\u00e4ilytystilalla varustettu jakkara, pieni taitettava penkki, 38 x 38 x 40 cm, kantavuus 300 kg, s\u00e4ilytyslaatikko, olohuone, makuuhuone, liuskekivi harmaa<br \/>\nTekniset tiedot:<br \/>\n&#8211; Mitat: 38,1 x 38,1 x 40,1 cm (S x L x K)<br \/>\n&#8211; Paino: 3,5 kg<br \/>\n&#8211; Maks. staattinen kantavuus: 300 kg<br \/>\n&#8211; Tilavuus: 37 litraa<br \/>\n&#8211; Materiaali: MDF (keskitihe\u00e4 kuitulevy), keinokangas, 25D eritt\u00e4in joustava vaahtomuovi<br \/>\n&#8211; V\u00e4ri: vihre\u00e4<\/p>\n","protected":false},"excerpt":{"rendered":"<p>S\u00e4ilytystilalla varustettu jakkara, pieni taitettava penkki, 38 x 38 x 40 cm, kantavuus 300 kg, s\u00e4ilytyslaatikko, olohuone, makuuhuone, liuskekivi harmaa<\/p>\n","protected":false},"featured_media":43678,"comment_status":"open","ping_status":"closed","template":"","meta":[],"product_brand":[],"product_cat":[32],"product_tag":[],"class_list":{"0":"post-35081","1":"product","2":"type-product","3":"status-publish","4":"has-post-thumbnail","6":"product_cat-uncategorized-fi","8":"first","9":"instock","10":"shipping-taxable","11":"purchasable","12":"product-type-simple"},"_links":{"self":[{"href":"https:\/\/nordicmart.andreevmaster.com\/fi\/wp-json\/wp\/v2\/product\/35081","targetHints":{"allow":["GET"]}}],"collection":[{"href":"https:\/\/nordicmart.andreevmaster.com\/fi\/wp-json\/wp\/v2\/product"}],"about":[{"href":"https:\/\/nordicmart.andreevmaster.com\/fi\/wp-json\/wp\/v2\/types\/product"}],"replies":[{"embeddable":true,"href":"https:\/\/nordicmart.andreevmaster.com\/fi\/wp-json\/wp\/v2\/comments?post=35081"}],"wp:featuredmedia":[{"embeddable":true,"href":"https:\/\/nordicmart.andreevmaster.com\/fi\/wp-json\/wp\/v2\/media\/43678"}],"wp:attachment":[{"href":"https:\/\/nordicmart.andreevmaster.com\/fi\/wp-json\/wp\/v2\/media?parent=35081"}],"wp:term":[{"taxonomy":"product_brand","embeddable":true,"href":"https:\/\/nordicmart.andreevmaster.com\/fi\/wp-json\/wp\/v2\/product_brand?post=35081"},{"taxonomy":"product_cat","embeddable":true,"href":"https:\/\/nordicmart.andreevmaster.com\/fi\/wp-json\/wp\/v2\/product_cat?post=35081"},{"taxonomy":"product_tag","embeddable":true,"href":"https:\/\/nordicmart.andreevmaster.com\/fi\/wp-json\/wp\/v2\/product_tag?post=35081"}],"curies":[{"name":"wp","href":"https:\/\/api.w.org\/{rel}","templated":true}]}}