{"id":35072,"date":"2026-02-27T00:28:23","date_gmt":"2026-02-27T00:28:23","guid":{"rendered":"https:\/\/nordicmart.andreevmaster.com\/product\/songmics-vaatekaappi-kangaskaappi-kuitukankaalla-paallystetty\/"},"modified":"2026-02-27T09:47:18","modified_gmt":"2026-02-27T09:47:18","slug":"songmics-vaatekaappi-kangaskaappi-kuitukankaalla-paallystetty","status":"publish","type":"product","link":"https:\/\/nordicmart.andreevmaster.com\/fi\/tuote\/songmics-vaatekaappi-kangaskaappi-kuitukankaalla-paallystetty\/","title":{"rendered":"SONGMICS vaatekaappi, kangaskaappi, kuitukankaalla p\u00e4\u00e4llystetty"},"content":{"rendered":"<p>SONGMICS vaatekaappi, XXL-taitettava kaappi, kangaskaappi vaatetangolla ja 3 yl\u00f6srullattavalla ovella, retkeilykaappi, 175 x 150 x 45 cm, beige LSF03M<br \/>\n&#8211; V\u00e4ri: salviavihre\u00e4<br \/>\n&#8211; Materiaali: 120 g\/m\u00b2 kuitukangas, 16 mm metalliputki, PP-muovinen liitoskappale<br \/>\n&#8211; Koko: 45 x 150 x 175 cm (S x L x K)<br \/>\n&#8211; Paino: 5,3 kg<br \/>\n&#8211; Hyllyn maks. staattinen kantavuus: 5 kg<br \/>\n&#8211; Maks. staattinen kantavuus vaatetangolla: 15 kg<\/p>\n","protected":false},"excerpt":{"rendered":"<p>SONGMICS vaatekaappi, XXL-taitettava kaappi, kangaskaappi vaatetangolla ja 3 yl\u00f6srullattavalla ovella, retkeilykaappi, 175 x 150 x 45 cm, beige LSF03M<\/p>\n","protected":false},"featured_media":43669,"comment_status":"open","ping_status":"closed","template":"","meta":[],"product_brand":[],"product_cat":[32],"product_tag":[],"class_list":{"0":"post-35072","1":"product","2":"type-product","3":"status-publish","4":"has-post-thumbnail","6":"product_cat-uncategorized-fi","8":"first","9":"instock","10":"shipping-taxable","11":"purchasable","12":"product-type-simple"},"_links":{"self":[{"href":"https:\/\/nordicmart.andreevmaster.com\/fi\/wp-json\/wp\/v2\/product\/35072","targetHints":{"allow":["GET"]}}],"collection":[{"href":"https:\/\/nordicmart.andreevmaster.com\/fi\/wp-json\/wp\/v2\/product"}],"about":[{"href":"https:\/\/nordicmart.andreevmaster.com\/fi\/wp-json\/wp\/v2\/types\/product"}],"replies":[{"embeddable":true,"href":"https:\/\/nordicmart.andreevmaster.com\/fi\/wp-json\/wp\/v2\/comments?post=35072"}],"wp:featuredmedia":[{"embeddable":true,"href":"https:\/\/nordicmart.andreevmaster.com\/fi\/wp-json\/wp\/v2\/media\/43669"}],"wp:attachment":[{"href":"https:\/\/nordicmart.andreevmaster.com\/fi\/wp-json\/wp\/v2\/media?parent=35072"}],"wp:term":[{"taxonomy":"product_brand","embeddable":true,"href":"https:\/\/nordicmart.andreevmaster.com\/fi\/wp-json\/wp\/v2\/product_brand?post=35072"},{"taxonomy":"product_cat","embeddable":true,"href":"https:\/\/nordicmart.andreevmaster.com\/fi\/wp-json\/wp\/v2\/product_cat?post=35072"},{"taxonomy":"product_tag","embeddable":true,"href":"https:\/\/nordicmart.andreevmaster.com\/fi\/wp-json\/wp\/v2\/product_tag?post=35072"}],"curies":[{"name":"wp","href":"https:\/\/api.w.org\/{rel}","templated":true}]}}