{"id":35070,"date":"2026-02-27T00:28:23","date_gmt":"2026-02-27T00:28:23","guid":{"rendered":"https:\/\/nordicmart.andreevmaster.com\/product\/songmics-istuinlaatikko-istuintyyny-jakkara\/"},"modified":"2026-02-27T09:47:18","modified_gmt":"2026-02-27T09:47:18","slug":"songmics-istuinlaatikko-istuintyyny-jakkara","status":"publish","type":"product","link":"https:\/\/nordicmart.andreevmaster.com\/fi\/tuote\/songmics-istuinlaatikko-istuintyyny-jakkara\/","title":{"rendered":"SONGMICS Istuinlaatikko, istuintyyny, jakkara"},"content":{"rendered":"<p>Oma aarrearkku: T\u00e4ss\u00e4 arkussa ei ole kultaa, mutta sen ulkopinta on tyylik\u00e4s, napilla koristeltu keinolinakankaalla p\u00e4\u00e4llystetty ja sis\u00e4ll\u00e4 on tilava s\u00e4ilytystila (80 litraa) \u2013 ei hassumpi! &#8221;Lis\u00e4\u00e4 s\u00e4ilytystilaa&#8221; on kaksimerkityksinen: t\u00e4m\u00e4 penkki tarjoaa paljon s\u00e4ilytystilaa ja vie vain v\u00e4h\u00e4n tilaa. Kun et k\u00e4yt\u00e4 sit\u00e4, voit taittaa sen kokoon ja s\u00e4ilytt\u00e4\u00e4 tyhj\u00e4ss\u00e4 nurkassa \u2013 helppoa ja tilaa s\u00e4\u00e4st\u00e4v\u00e4\u00e4. Tuotetiedot: V\u00e4ri: tummanharmaa Materiaali: MDF (keskitihe\u00e4 kuitulevy), keinolinja, vaahtomuovi Koko: 76 x 38 x 38 cm (P x L x K) Paino: 6,1 kg Maks. staattinen kantavuus: 300 kg Toimitus sis\u00e4lt\u00e4\u00e4: 1 x penkki SONGMICS-ohjeet: Turvallisuussyist\u00e4 lapset eiv\u00e4t saa kiivet\u00e4 tuotteelle tai leikki\u00e4 sill\u00e4. \u00c4l\u00e4 nouse tuotteen p\u00e4\u00e4lle \u00e4l\u00e4k\u00e4 k\u00e4yt\u00e4 sit\u00e4 tikkaina tai kiipeilyapuna.<\/p>\n","protected":false},"excerpt":{"rendered":"<p>Istuinpenkki s\u00e4ilytystilalla, istuinkirstu, taitettava jakkara, 76 x 38 x 38 cm, keinotekoinen pellavap\u00e4\u00e4llinen, makuuhuoneeseen, eteiseen, vaaleanharmaa<\/p>\n","protected":false},"featured_media":43667,"comment_status":"open","ping_status":"closed","template":"","meta":[],"product_brand":[],"product_cat":[32],"product_tag":[],"class_list":{"0":"post-35070","1":"product","2":"type-product","3":"status-publish","4":"has-post-thumbnail","6":"product_cat-uncategorized-fi","8":"first","9":"instock","10":"shipping-taxable","11":"purchasable","12":"product-type-simple"},"_links":{"self":[{"href":"https:\/\/nordicmart.andreevmaster.com\/fi\/wp-json\/wp\/v2\/product\/35070","targetHints":{"allow":["GET"]}}],"collection":[{"href":"https:\/\/nordicmart.andreevmaster.com\/fi\/wp-json\/wp\/v2\/product"}],"about":[{"href":"https:\/\/nordicmart.andreevmaster.com\/fi\/wp-json\/wp\/v2\/types\/product"}],"replies":[{"embeddable":true,"href":"https:\/\/nordicmart.andreevmaster.com\/fi\/wp-json\/wp\/v2\/comments?post=35070"}],"wp:featuredmedia":[{"embeddable":true,"href":"https:\/\/nordicmart.andreevmaster.com\/fi\/wp-json\/wp\/v2\/media\/43667"}],"wp:attachment":[{"href":"https:\/\/nordicmart.andreevmaster.com\/fi\/wp-json\/wp\/v2\/media?parent=35070"}],"wp:term":[{"taxonomy":"product_brand","embeddable":true,"href":"https:\/\/nordicmart.andreevmaster.com\/fi\/wp-json\/wp\/v2\/product_brand?post=35070"},{"taxonomy":"product_cat","embeddable":true,"href":"https:\/\/nordicmart.andreevmaster.com\/fi\/wp-json\/wp\/v2\/product_cat?post=35070"},{"taxonomy":"product_tag","embeddable":true,"href":"https:\/\/nordicmart.andreevmaster.com\/fi\/wp-json\/wp\/v2\/product_tag?post=35070"}],"curies":[{"name":"wp","href":"https:\/\/api.w.org\/{rel}","templated":true}]}}