{"id":35069,"date":"2026-02-27T00:28:23","date_gmt":"2026-02-27T00:28:23","guid":{"rendered":"https:\/\/nordicmart.andreevmaster.com\/product\/songmics-istuinkirstu-110-cm-keinonahka-valkoinen\/"},"modified":"2026-02-27T09:47:18","modified_gmt":"2026-02-27T09:47:18","slug":"songmics-istuinkirstu-110-cm-keinonahka-valkoinen","status":"publish","type":"product","link":"https:\/\/nordicmart.andreevmaster.com\/fi\/tuote\/songmics-istuinkirstu-110-cm-keinonahka-valkoinen\/","title":{"rendered":"SONGMICS Istuinkirstu 110 cm keinonahka valkoinen"},"content":{"rendered":"<p>Tekniset tiedot: &#8211; V\u00e4ri: valkoinen &#8211; Materiaali: keinonahka, eritt\u00e4in joustava vaahtomuovi, MDF &#8211; Tuotteen koko: 110 x 38 x 38 cm (P x L x K) &#8211; Taitettuna: 110 x 38 x 5 cm (P x L x K) &#8211; Sis\u00e4mitat: 107 x 34 x 33,5 cm (P x L x K) &#8211; Sis\u00e4tilavuus: 120 litraa &#8211; Tuotteen paino: 9,4 kg &#8211; Maks. staattinen kantavuus: 300 kg Pakkauksen sis\u00e4lt\u00f6: &#8211; 1 x taitettava s\u00e4ilytysosman &#8211; 1 x ohjeet (EN, DE, FR, ES, IT) SONGMICS-ohjeet: &#8211; T\u00e4t\u00e4 tuotetta ei saa k\u00e4ytt\u00e4\u00e4 leluna. \u00c4l\u00e4 anna lasten kiivet\u00e4 tai leikki\u00e4 sen p\u00e4\u00e4ll\u00e4, jotta v\u00e4lt\u00e4t kaatumisen ja odottamattomat loukkaantumiset. &#8211; \u00c4l\u00e4 nouse tuotteen p\u00e4\u00e4lle \u00e4l\u00e4k\u00e4 k\u00e4yt\u00e4 sit\u00e4 tikkaana tai kiipeilyv\u00e4lineen\u00e4.<\/p>\n","protected":false},"excerpt":{"rendered":"<p>SONGMICS penkki, 120 litran s\u00e4ilytystila, taitettava, 3-istuttava, kantavuus 300 kg, valkoinen keinonahka, LSF89WT<\/p>\n","protected":false},"featured_media":43666,"comment_status":"open","ping_status":"closed","template":"","meta":[],"product_brand":[],"product_cat":[32],"product_tag":[],"class_list":{"0":"post-35069","1":"product","2":"type-product","3":"status-publish","4":"has-post-thumbnail","6":"product_cat-uncategorized-fi","8":"first","9":"instock","10":"shipping-taxable","11":"purchasable","12":"product-type-simple"},"_links":{"self":[{"href":"https:\/\/nordicmart.andreevmaster.com\/fi\/wp-json\/wp\/v2\/product\/35069","targetHints":{"allow":["GET"]}}],"collection":[{"href":"https:\/\/nordicmart.andreevmaster.com\/fi\/wp-json\/wp\/v2\/product"}],"about":[{"href":"https:\/\/nordicmart.andreevmaster.com\/fi\/wp-json\/wp\/v2\/types\/product"}],"replies":[{"embeddable":true,"href":"https:\/\/nordicmart.andreevmaster.com\/fi\/wp-json\/wp\/v2\/comments?post=35069"}],"wp:featuredmedia":[{"embeddable":true,"href":"https:\/\/nordicmart.andreevmaster.com\/fi\/wp-json\/wp\/v2\/media\/43666"}],"wp:attachment":[{"href":"https:\/\/nordicmart.andreevmaster.com\/fi\/wp-json\/wp\/v2\/media?parent=35069"}],"wp:term":[{"taxonomy":"product_brand","embeddable":true,"href":"https:\/\/nordicmart.andreevmaster.com\/fi\/wp-json\/wp\/v2\/product_brand?post=35069"},{"taxonomy":"product_cat","embeddable":true,"href":"https:\/\/nordicmart.andreevmaster.com\/fi\/wp-json\/wp\/v2\/product_cat?post=35069"},{"taxonomy":"product_tag","embeddable":true,"href":"https:\/\/nordicmart.andreevmaster.com\/fi\/wp-json\/wp\/v2\/product_tag?post=35069"}],"curies":[{"name":"wp","href":"https:\/\/api.w.org\/{rel}","templated":true}]}}