{"id":35062,"date":"2026-02-27T00:28:21","date_gmt":"2026-02-27T00:28:21","guid":{"rendered":"https:\/\/nordicmart.andreevmaster.com\/product\/songmics-tyotuoli-lannerangan-tuella\/"},"modified":"2026-02-27T09:47:16","modified_gmt":"2026-02-27T09:47:16","slug":"songmics-tyotuoli-lannerangan-tuella","status":"publish","type":"product","link":"https:\/\/nordicmart.andreevmaster.com\/fi\/tuote\/songmics-tyotuoli-lannerangan-tuella\/","title":{"rendered":"SONGMICS-ty\u00f6tuoli lannerangan tuella"},"content":{"rendered":"<p>Ergonominen muotoilu takaa optimaalisen mukavuuden S\u00e4\u00e4dett\u00e4v\u00e4n kulman omaava p\u00e4\u00e4ntuki tarjoaa optimaalisen tuen niskallesi. T\u00e4ydellisesti kaareva ja leve\u00e4 selk\u00e4noja mukautuu kehosi muotoihin ja sopii sek\u00e4 pitkille ett\u00e4 lyhyille k\u00e4ytt\u00e4jille. S\u00e4\u00e4dett\u00e4v\u00e4n lannerangan tuen ansiosta istut aina mukavasti, my\u00f6s pitk\u00e4\u00e4n istuessasi.  Ei en\u00e4\u00e4 &#8221;tarttumista&#8221; On todella vaikea keskitty\u00e4 ty\u00f6h\u00f6n, kun istuin on hikinen kes\u00e4p\u00e4ivin\u00e4. T\u00e4m\u00e4n SONGMICS-ty\u00f6tuolin avulla voit sanoa hyv\u00e4stit &#8221;tarttumiseen&#8221; kes\u00e4ll\u00e4 ja jatkaa tuottavaa ty\u00f6skentely\u00e4. Turvallinen k\u00e4ytt\u00e4\u00e4 Kaasujousi t\u00e4ytt\u00e4\u00e4 standardien DIN 4550:2004-12, luokka 3 ja SDHL1604005156FT-01 (raportin omistaja: toimittaja) vaatimukset ja takaa siten korkean vakauden ja pitk\u00e4n k\u00e4ytt\u00f6i\u00e4n. \u00c4l\u00e4 ep\u00e4r\u00f6i, vaan hanki t\u00e4m\u00e4 SONGMICS-ty\u00f6tuoli kotiisi tai toimistoosi; se sopii sinulle hyvin! Tuotetiedot: &#8211; V\u00e4ri: musta &#8211; Materiaali: Jalkarengas: nailon K\u00e4sinojat: PP-muovi Selk\u00e4noja: PP, polyesteriverkko Istuin: puulevy, vaahtomuovi, polyesterikangas Py\u00f6r\u00e4t: nailon Kaasujousi: ter\u00e4s Mekaniikka Pohjalevy: ter\u00e4s Tuotteen koko: Korkeus: 120\u2013133 cm Leveys: 69 cm Syvyys: 67,5 cm Istuinkorkeus: 45\u201355 cm Istuimen leveys: 53 cm Istuimen syvyys: 52 cm K\u00e4sinojien korkeus: 17\u201326 cm Selk\u00e4nojan korkeus: 77\u201381,5 cm Jalkaristikon halkaisija: 70 cm Rullien halkaisija: 60 mm Tapin halkaisija: 11 mm Tuotteen paino: Nettopaino: 14,6 kg Suurin kantavuus: 120 kg Toimitus sis\u00e4lt\u00e4\u00e4: &#8211; 1 x ty\u00f6tuoli &#8211; 1 x kuusiokoloavain &#8211; 1 x lis\u00e4varustepussi &#8211; 1 x ohjeet (DE, EN, FR, ES, IT) SONGMICS Huomautukset:- Kun asennat mekaniikan pohjalevy\u00e4, varmista, ett\u00e4 sivu \u201dFRONT\u201d on edess\u00e4.<\/p>\n","protected":false},"excerpt":{"rendered":"<p>SONGMICS 110 x 38 x 38 cm taitettava jakkara, kantavuus 300 kg, jalkatuki, penkki, s\u00e4ilytyslaatikko, pellava, tummanharmaa LSF80GYZ<\/p>\n","protected":false},"featured_media":43659,"comment_status":"open","ping_status":"closed","template":"","meta":[],"product_brand":[],"product_cat":[32],"product_tag":[],"class_list":{"0":"post-35062","1":"product","2":"type-product","3":"status-publish","4":"has-post-thumbnail","6":"product_cat-uncategorized-fi","8":"first","9":"instock","10":"shipping-taxable","11":"purchasable","12":"product-type-simple"},"_links":{"self":[{"href":"https:\/\/nordicmart.andreevmaster.com\/fi\/wp-json\/wp\/v2\/product\/35062","targetHints":{"allow":["GET"]}}],"collection":[{"href":"https:\/\/nordicmart.andreevmaster.com\/fi\/wp-json\/wp\/v2\/product"}],"about":[{"href":"https:\/\/nordicmart.andreevmaster.com\/fi\/wp-json\/wp\/v2\/types\/product"}],"replies":[{"embeddable":true,"href":"https:\/\/nordicmart.andreevmaster.com\/fi\/wp-json\/wp\/v2\/comments?post=35062"}],"wp:featuredmedia":[{"embeddable":true,"href":"https:\/\/nordicmart.andreevmaster.com\/fi\/wp-json\/wp\/v2\/media\/43659"}],"wp:attachment":[{"href":"https:\/\/nordicmart.andreevmaster.com\/fi\/wp-json\/wp\/v2\/media?parent=35062"}],"wp:term":[{"taxonomy":"product_brand","embeddable":true,"href":"https:\/\/nordicmart.andreevmaster.com\/fi\/wp-json\/wp\/v2\/product_brand?post=35062"},{"taxonomy":"product_cat","embeddable":true,"href":"https:\/\/nordicmart.andreevmaster.com\/fi\/wp-json\/wp\/v2\/product_cat?post=35062"},{"taxonomy":"product_tag","embeddable":true,"href":"https:\/\/nordicmart.andreevmaster.com\/fi\/wp-json\/wp\/v2\/product_tag?post=35062"}],"curies":[{"name":"wp","href":"https:\/\/api.w.org\/{rel}","templated":true}]}}