{"id":35061,"date":"2026-02-27T00:28:21","date_gmt":"2026-02-27T00:28:21","guid":{"rendered":"https:\/\/nordicmart.andreevmaster.com\/product\/songmics-penkki-sailytystilalla-istuinkotelo-sailytyslaatikko-kokoontaitettava-maks-staattinen-kantavuus-300-kg-metallisella-jakoverkolla-120-l-110-x-38-x-38-cm-imitoitu-pellava\/"},"modified":"2026-02-27T09:47:16","modified_gmt":"2026-02-27T09:47:16","slug":"songmics-penkki-sailytystilalla-istuinkotelo-sailytyslaatikko-kokoontaitettava-maks-staattinen-kantavuus-300-kg-metallisella-jakoverkolla-120-l-110-x-38-x-38-cm-imitoitu-pellava","status":"publish","type":"product","link":"https:\/\/nordicmart.andreevmaster.com\/fi\/tuote\/songmics-penkki-sailytystilalla-istuinkotelo-sailytyslaatikko-kokoontaitettava-maks-staattinen-kantavuus-300-kg-metallisella-jakoverkolla-120-l-110-x-38-x-38-cm-imitoitu-pellava\/","title":{"rendered":"Songmics-penkki s\u00e4ilytystilalla, istuinkotelo, s\u00e4ilytyslaatikko, kokoontaitettava, maks. staattinen kantavuus 300 kg, metallisella jakoverkolla, 120 l, 110 x 38 x 38 cm, imitoitu pellava"},"content":{"rendered":"<p>Vahva ja kest\u00e4v\u00e4 rakenne: valmistettu E1-standardin mukaisesta paksusta MDF-levyst\u00e4, korkealaatuisesta pellavakankaasta ja pehmustetusta tyynyst\u00e4, pehme\u00e4 ja kosteudenkest\u00e4v\u00e4. Ei muodonmuutoksia<\/p>\n<p>Piilotettu s\u00e4ilytystila: runsaasti s\u00e4ilytystilaa sis\u00e4ll\u00e4, kuten k\u00e4yt\u00e4nn\u00f6llinen s\u00e4ilytyslaatikko. Tilava 150 litran tila tavaroiden s\u00e4ilytt\u00e4miseen, vaatteiden, lelujen, lehtien, peittojen ja vuodevaatteiden s\u00e4ilytt\u00e4miseen<\/p>\n<p>Toimii my\u00f6s mukavana istuimena: pehmustettu tihe\u00e4ll\u00e4 vaahtomuovilla, pehme\u00e4 ja eritt\u00e4in vakaa istua. Enimm\u00e4iskantavuus on jopa 300 kg. <\/p>\n<p>Eritt\u00e4in helppo asentaa: Toimitetaan litte\u00e4n\u00e4 pakkauksena, kokoaminen vie vain muutaman sekunnin. Kokoontaitettava muotoilu mahdollistaa sen pakkaamisen, kun sit\u00e4 ei k\u00e4ytet\u00e4.<\/p>\n<p>Yksinkertainen ja koristeellinen ulkon\u00e4k\u00f6: herkk\u00e4 ja monipuolinen penkki, jota voi k\u00e4ytt\u00e4\u00e4 y\u00f6p\u00f6yt\u00e4n\u00e4, kirjahyllyn\u00e4 tai jalkapallona ja joka sopii t\u00e4ydellisesti olohuoneen tai makuuhuoneen kalusteisiin.<\/p>\n<p>Songmics-penkkikommodi on t\u00e4ydellinen lis\u00e4 kodin sisustukseen. Sen muotoilun ansiosta se t\u00e4ytt\u00e4\u00e4 useita tarkoituksia kerralla ja sopii erityisen hyvin pieniin huoneistoihin, joissa on rajoitetusti s\u00e4ilytystilaa. Se on my\u00f6s eritt\u00e4in vakaa. Vaikka sen p\u00e4\u00e4lle istuisi pitk\u00e4 ja painava henkil\u00f6, se kest\u00e4\u00e4 sen helposti. Pohja tarjoaa lis\u00e4suojaa kosteudelta. Huomautus: &#8211; Ei ole lelu! Vain pienten lasten k\u00e4ytett\u00e4v\u00e4ksi aikuisten valvonnassa. Tuotetiedot: &#8211; Mitat (ulkoiset): 110 x 38 x 38 cm (L x K x S) &#8211; Mitat (sis\u00e4iset): 107 x 34 x 33,5 cm (L x K x S) &#8211; Mitat (taitettuna): 110 x 38 x 7 cm &#8211; V\u00e4ri: Tummanharmaa &#8211; Materiaali: pellava + MDF-levy + vaahtomuovi &#8211; Nettopaino: 8,6 kg &#8211; Bruttopaino: 9,4 kg &#8211; Maks. Maks. kantavuus: 300 kg Toimitus sis\u00e4lt\u00e4\u00e4: &#8211; 1 x istuinkotelo<\/p>\n","protected":false},"excerpt":{"rendered":"<p>Vahva ja kest\u00e4v\u00e4 rakenne: valmistettu E1-standardin mukaisesta paksusta MDF-levyst\u00e4, korkealaatuisesta pellavakankaasta ja pehmustetusta tyynyst\u00e4, pehme\u00e4 ja kosteudenkest\u00e4v\u00e4. Ei muodonmuutoksia Piilotettu s\u00e4ilytystila: runsaasti s\u00e4ilytystilaa sis\u00e4ll\u00e4, kuten k\u00e4yt\u00e4nn\u00f6llinen s\u00e4ilytyslaatikko. Tilava 150 litran tila tavaroiden s\u00e4ilytt\u00e4miseen, vaatteiden, lelujen, lehtien, peittojen ja vuodevaatteiden s\u00e4ilytt\u00e4miseen Toimii my\u00f6s mukavana istuimena: pehmustettu tihe\u00e4ll\u00e4 vaahtomuovilla, pehme\u00e4 ja eritt\u00e4in vakaa istua. Enimm\u00e4iskantavuus on jopa [&hellip;]<\/p>\n","protected":false},"featured_media":0,"comment_status":"open","ping_status":"closed","template":"","meta":[],"product_brand":[],"product_cat":[32],"product_tag":[],"class_list":{"0":"post-35061","1":"product","2":"type-product","3":"status-publish","5":"product_cat-uncategorized-fi","7":"first","8":"instock","9":"shipping-taxable","10":"purchasable","11":"product-type-simple"},"_links":{"self":[{"href":"https:\/\/nordicmart.andreevmaster.com\/fi\/wp-json\/wp\/v2\/product\/35061","targetHints":{"allow":["GET"]}}],"collection":[{"href":"https:\/\/nordicmart.andreevmaster.com\/fi\/wp-json\/wp\/v2\/product"}],"about":[{"href":"https:\/\/nordicmart.andreevmaster.com\/fi\/wp-json\/wp\/v2\/types\/product"}],"replies":[{"embeddable":true,"href":"https:\/\/nordicmart.andreevmaster.com\/fi\/wp-json\/wp\/v2\/comments?post=35061"}],"wp:attachment":[{"href":"https:\/\/nordicmart.andreevmaster.com\/fi\/wp-json\/wp\/v2\/media?parent=35061"}],"wp:term":[{"taxonomy":"product_brand","embeddable":true,"href":"https:\/\/nordicmart.andreevmaster.com\/fi\/wp-json\/wp\/v2\/product_brand?post=35061"},{"taxonomy":"product_cat","embeddable":true,"href":"https:\/\/nordicmart.andreevmaster.com\/fi\/wp-json\/wp\/v2\/product_cat?post=35061"},{"taxonomy":"product_tag","embeddable":true,"href":"https:\/\/nordicmart.andreevmaster.com\/fi\/wp-json\/wp\/v2\/product_tag?post=35061"}],"curies":[{"name":"wp","href":"https:\/\/api.w.org\/{rel}","templated":true}]}}