{"id":35057,"date":"2026-02-27T00:28:20","date_gmt":"2026-02-27T00:28:20","guid":{"rendered":"https:\/\/nordicmart.andreevmaster.com\/product\/songmics-penkki-jossa-on-taitettava-kansi-110-cm-tummanharmaa\/"},"modified":"2026-02-27T09:47:15","modified_gmt":"2026-02-27T09:47:15","slug":"songmics-penkki-jossa-on-taitettava-kansi-110-cm-tummanharmaa","status":"publish","type":"product","link":"https:\/\/nordicmart.andreevmaster.com\/fi\/tuote\/songmics-penkki-jossa-on-taitettava-kansi-110-cm-tummanharmaa\/","title":{"rendered":"SONGMICS penkki, jossa on taitettava kansi, 110 cm, tummanharmaa"},"content":{"rendered":"<p>Tuotetiedot: &#8211; V\u00e4ri: tummanharmaa &#8211; Materiaali: keinokangas, vaahtomuovi, MDF (keskitihe\u00e4 kuitulevy) &#8211; Koko: 110 x 38 x 38 cm &#8211; Sis\u00e4mitat: 107 x 34 x 33,5 cm &#8211; Paino: 8,8 kg &#8211; Maks. staattinen kantavuus: 300 kg Toimitus sis\u00e4lt\u00e4\u00e4:- 1 x istuinkirstu &#8211; 1 x ohjeet SONGMICS Huomautukset: &#8211; Turvallisuussyist\u00e4 lapset eiv\u00e4t saa kiivet\u00e4 tuotteen p\u00e4\u00e4lle tai leikki\u00e4 sill\u00e4. &#8211; \u00c4l\u00e4 nouse t\u00e4m\u00e4n tuotteen p\u00e4\u00e4lle. \u00c4l\u00e4 my\u00f6sk\u00e4\u00e4n k\u00e4yt\u00e4 sit\u00e4 tikkaina tai kiipeilyapuna.<\/p>\n","protected":false},"excerpt":{"rendered":"<p>SONGMICS Istuinkirstu 110 cm, pehmustettu penkki, jakkara, s\u00e4ngynkirstu, taitettava kenk\u00e4penkki keinonahasta, yl\u00f6s nostettava kansi, kantavuus 300 kg, tummanharmaa LSF76GYZ<\/p>\n","protected":false},"featured_media":43655,"comment_status":"open","ping_status":"closed","template":"","meta":[],"product_brand":[],"product_cat":[32],"product_tag":[],"class_list":{"0":"post-35057","1":"product","2":"type-product","3":"status-publish","4":"has-post-thumbnail","6":"product_cat-uncategorized-fi","8":"first","9":"instock","10":"shipping-taxable","11":"purchasable","12":"product-type-simple"},"_links":{"self":[{"href":"https:\/\/nordicmart.andreevmaster.com\/fi\/wp-json\/wp\/v2\/product\/35057","targetHints":{"allow":["GET"]}}],"collection":[{"href":"https:\/\/nordicmart.andreevmaster.com\/fi\/wp-json\/wp\/v2\/product"}],"about":[{"href":"https:\/\/nordicmart.andreevmaster.com\/fi\/wp-json\/wp\/v2\/types\/product"}],"replies":[{"embeddable":true,"href":"https:\/\/nordicmart.andreevmaster.com\/fi\/wp-json\/wp\/v2\/comments?post=35057"}],"wp:featuredmedia":[{"embeddable":true,"href":"https:\/\/nordicmart.andreevmaster.com\/fi\/wp-json\/wp\/v2\/media\/43655"}],"wp:attachment":[{"href":"https:\/\/nordicmart.andreevmaster.com\/fi\/wp-json\/wp\/v2\/media?parent=35057"}],"wp:term":[{"taxonomy":"product_brand","embeddable":true,"href":"https:\/\/nordicmart.andreevmaster.com\/fi\/wp-json\/wp\/v2\/product_brand?post=35057"},{"taxonomy":"product_cat","embeddable":true,"href":"https:\/\/nordicmart.andreevmaster.com\/fi\/wp-json\/wp\/v2\/product_cat?post=35057"},{"taxonomy":"product_tag","embeddable":true,"href":"https:\/\/nordicmart.andreevmaster.com\/fi\/wp-json\/wp\/v2\/product_tag?post=35057"}],"curies":[{"name":"wp","href":"https:\/\/api.w.org\/{rel}","templated":true}]}}