{"id":35055,"date":"2026-02-27T00:28:19","date_gmt":"2026-02-27T00:28:19","guid":{"rendered":"https:\/\/nordicmart.andreevmaster.com\/product\/songmics-penkki-110-cm-keinonahka-taitettava-kansi-musta\/"},"modified":"2026-02-27T09:47:14","modified_gmt":"2026-02-27T09:47:14","slug":"songmics-penkki-110-cm-keinonahka-taitettava-kansi-musta","status":"publish","type":"product","link":"https:\/\/nordicmart.andreevmaster.com\/fi\/tuote\/songmics-penkki-110-cm-keinonahka-taitettava-kansi-musta\/","title":{"rendered":"SONGMICS penkki 110 cm keinonahka, taitettava kansi musta"},"content":{"rendered":"<p>Tuotetiedot: &#8211; V\u00e4ri: musta &#8211; Materiaali: PVC-p\u00e4\u00e4llinen, vaahtomuovi, MDF-levy, rautakehys &#8211; Maks. kantavuus: 300 kg &#8211; Mitat (ulkoiset): 110 x 38 x 38 cm (L x K x S) &#8211; Mitat (sis\u00e4iset): 107 x 34 x 33,5 cm (L x K x S) &#8211; Nettopaino: 8,8 kg &#8211; Bruttopaino: 9,7 kg Toimitus sis\u00e4lt\u00e4\u00e4: &#8211; 1 x penkki &#8211; 1 x ohjeet (DE, EN, FR, IT, ES) Huomautukset: &#8211; Tuote ei ole lelu! \u00c4l\u00e4 anna lasten kiivet\u00e4 penkille tai leikki\u00e4 sill\u00e4, jotta v\u00e4lt\u00e4t loukkaantumiset. &#8211; \u00c4l\u00e4 koskaan kiipe\u00e4 penkille, \u00e4l\u00e4k\u00e4 k\u00e4yt\u00e4 sit\u00e4 tikkaana tai kiipeilyapuna.<\/p>\n","protected":false},"excerpt":{"rendered":"<p>SONGMICS Taitettava istuintyyny, penkki 120 litran s\u00e4ilytystilalla, kantavuus 300 kg, keinonahka, LSF75WT<\/p>\n","protected":false},"featured_media":43653,"comment_status":"open","ping_status":"closed","template":"","meta":[],"product_brand":[],"product_cat":[32],"product_tag":[],"class_list":{"0":"post-35055","1":"product","2":"type-product","3":"status-publish","4":"has-post-thumbnail","6":"product_cat-uncategorized-fi","8":"first","9":"instock","10":"shipping-taxable","11":"purchasable","12":"product-type-simple"},"_links":{"self":[{"href":"https:\/\/nordicmart.andreevmaster.com\/fi\/wp-json\/wp\/v2\/product\/35055","targetHints":{"allow":["GET"]}}],"collection":[{"href":"https:\/\/nordicmart.andreevmaster.com\/fi\/wp-json\/wp\/v2\/product"}],"about":[{"href":"https:\/\/nordicmart.andreevmaster.com\/fi\/wp-json\/wp\/v2\/types\/product"}],"replies":[{"embeddable":true,"href":"https:\/\/nordicmart.andreevmaster.com\/fi\/wp-json\/wp\/v2\/comments?post=35055"}],"wp:featuredmedia":[{"embeddable":true,"href":"https:\/\/nordicmart.andreevmaster.com\/fi\/wp-json\/wp\/v2\/media\/43653"}],"wp:attachment":[{"href":"https:\/\/nordicmart.andreevmaster.com\/fi\/wp-json\/wp\/v2\/media?parent=35055"}],"wp:term":[{"taxonomy":"product_brand","embeddable":true,"href":"https:\/\/nordicmart.andreevmaster.com\/fi\/wp-json\/wp\/v2\/product_brand?post=35055"},{"taxonomy":"product_cat","embeddable":true,"href":"https:\/\/nordicmart.andreevmaster.com\/fi\/wp-json\/wp\/v2\/product_cat?post=35055"},{"taxonomy":"product_tag","embeddable":true,"href":"https:\/\/nordicmart.andreevmaster.com\/fi\/wp-json\/wp\/v2\/product_tag?post=35055"}],"curies":[{"name":"wp","href":"https:\/\/api.w.org\/{rel}","templated":true}]}}