{"id":35053,"date":"2026-02-27T00:28:19","date_gmt":"2026-02-27T00:28:19","guid":{"rendered":"https:\/\/nordicmart.andreevmaster.com\/product\/songmics-penkki-jossa-on-taitettava-kansi-110-cm-vaaleanharmaa\/"},"modified":"2026-02-27T09:47:14","modified_gmt":"2026-02-27T09:47:14","slug":"songmics-penkki-jossa-on-taitettava-kansi-110-cm-vaaleanharmaa","status":"publish","type":"product","link":"https:\/\/nordicmart.andreevmaster.com\/fi\/tuote\/songmics-penkki-jossa-on-taitettava-kansi-110-cm-vaaleanharmaa\/","title":{"rendered":"SONGMICS penkki, jossa on taitettava kansi, 110 cm, vaaleanharmaa"},"content":{"rendered":"<p>T\u00e4m\u00e4 penkki on valmistettu parhaassa Chesterfield-tyyliss\u00e4 tyypillisill\u00e4 kangaslaskosilla, ja se on edullinen vaihtoehto kuuluisille englantilaisille esikuville. Vaaleanharmaa keinokangasverhoilu lis\u00e4\u00e4 huonekalun vieh\u00e4tysvoimaa ja tekee siit\u00e4 erityisen kest\u00e4v\u00e4n.  S\u00e4\u00e4st\u00e4\u00e4 tilaa enemm\u00e4n kuin sohva tai vaatekaappi Sen sijaan, ett\u00e4 ostaisit uuden sohvan lis\u00e4\u00e4m\u00e4\u00e4n istumapaikkoja olohuoneeseen tai uuden vaatekaapin lis\u00e4\u00e4m\u00e4\u00e4n s\u00e4ilytystilaa makuuhuoneeseen, voit valita t\u00e4m\u00e4n penkin, joka on &#8221;yksi koko pienempi&#8221;. Sijoita se sohvan vastap\u00e4\u00e4t\u00e4 tai aseta mukava verhoiltu huonekalu s\u00e4ngyn jalkop\u00e4\u00e4h\u00e4n ja s\u00e4ilyt\u00e4 siin\u00e4 vuodevaatteita tai pyjamaa. Saranoilla varustettu tyylik\u00e4s laatikko on helppo avata ja sulkea. MDF-rakenne takaa my\u00f6s vakaan tuen, joten jopa kaksi tai kolme henkil\u00f6\u00e4, joiden paino on yhteens\u00e4 enint\u00e4\u00e4n 300 kg (staattinen kantavuus), voi istua samanaikaisesti penkill\u00e4. SONGMICS tarjoaa sinulle monia muita edullisia ja fiksuja sisustusideoita: katselu on ehdottomasti sallittua!  Tuotetiedot: &#8211; V\u00e4ri: vaaleanharmaa &#8211; Materiaali: keinokangas, MDF (keskitihe\u00e4 kuitulevy), vaahtomuovi &#8211; Koko: 110 x 38 x 38 cm (L x S x K) &#8211; Paino: 9,7 kg &#8211; Maks. kantavuus: 300 kg (staattinen kantavuus)  Toimitus sis\u00e4lt\u00e4\u00e4: &#8211; 1 x penkki<\/p>\n","protected":false},"excerpt":{"rendered":"<p>SONGMICS 110 x 38 x 38 cm taitettava istuintyyny 3-paikkainen, kantavuus 300 kg, jalkapenkki, kenk\u00e4penkki, askelma, pellava, vaaleanharmaa LSF71G<\/p>\n","protected":false},"featured_media":43651,"comment_status":"open","ping_status":"closed","template":"","meta":[],"product_brand":[],"product_cat":[32],"product_tag":[],"class_list":{"0":"post-35053","1":"product","2":"type-product","3":"status-publish","4":"has-post-thumbnail","6":"product_cat-uncategorized-fi","8":"first","9":"instock","10":"shipping-taxable","11":"purchasable","12":"product-type-simple"},"_links":{"self":[{"href":"https:\/\/nordicmart.andreevmaster.com\/fi\/wp-json\/wp\/v2\/product\/35053","targetHints":{"allow":["GET"]}}],"collection":[{"href":"https:\/\/nordicmart.andreevmaster.com\/fi\/wp-json\/wp\/v2\/product"}],"about":[{"href":"https:\/\/nordicmart.andreevmaster.com\/fi\/wp-json\/wp\/v2\/types\/product"}],"replies":[{"embeddable":true,"href":"https:\/\/nordicmart.andreevmaster.com\/fi\/wp-json\/wp\/v2\/comments?post=35053"}],"wp:featuredmedia":[{"embeddable":true,"href":"https:\/\/nordicmart.andreevmaster.com\/fi\/wp-json\/wp\/v2\/media\/43651"}],"wp:attachment":[{"href":"https:\/\/nordicmart.andreevmaster.com\/fi\/wp-json\/wp\/v2\/media?parent=35053"}],"wp:term":[{"taxonomy":"product_brand","embeddable":true,"href":"https:\/\/nordicmart.andreevmaster.com\/fi\/wp-json\/wp\/v2\/product_brand?post=35053"},{"taxonomy":"product_cat","embeddable":true,"href":"https:\/\/nordicmart.andreevmaster.com\/fi\/wp-json\/wp\/v2\/product_cat?post=35053"},{"taxonomy":"product_tag","embeddable":true,"href":"https:\/\/nordicmart.andreevmaster.com\/fi\/wp-json\/wp\/v2\/product_tag?post=35053"}],"curies":[{"name":"wp","href":"https:\/\/api.w.org\/{rel}","templated":true}]}}