{"id":35051,"date":"2026-02-27T00:28:18","date_gmt":"2026-02-27T00:28:18","guid":{"rendered":"https:\/\/nordicmart.andreevmaster.com\/product\/songmics-istuinlaatikko-sailytystilalla-pituus-110-cm\/"},"modified":"2026-02-27T09:47:14","modified_gmt":"2026-02-27T09:47:14","slug":"songmics-istuinlaatikko-sailytystilalla-pituus-110-cm","status":"publish","type":"product","link":"https:\/\/nordicmart.andreevmaster.com\/fi\/tuote\/songmics-istuinlaatikko-sailytystilalla-pituus-110-cm\/","title":{"rendered":"SONGMICS-istuinlaatikko s\u00e4ilytystilalla, pituus 110 cm"},"content":{"rendered":"<p>T\u00e4m\u00e4 penkki on parhaimmillaan Chesterfield-tyylinen ja optimaalinen versio kuuluisista englantilaisista esikuvistaan. Harmaa keinonahkaverhoilu lis\u00e4\u00e4 huonekalun vieh\u00e4tysvoimaa ja varmistaa sen erityisen kest\u00e4vyyden. Tilaa s\u00e4\u00e4st\u00e4v\u00e4mpi kuin sohva tai vaatekaappi Sen sijaan, ett\u00e4 ostaisit uuden sohvan olohuoneeseen lis\u00e4istumapaikkoja varten tai uuden vaatekaapin makuuhuoneeseen lis\u00e4\u00e4 s\u00e4ilytystilaa varten, voit valita t\u00e4m\u00e4n penkin, joka on &#8221;yksi koko pienempi&#8221;. Aseta se sohvan vastap\u00e4\u00e4t\u00e4 tai sijoita mukava verhoiltu huonekalu s\u00e4ngyn jalkop\u00e4\u00e4h\u00e4n ja s\u00e4ilyt\u00e4 siin\u00e4 vuodevaatteita tai pyjamaa. Tyylik\u00e4s laatikko on helppo avata, sulkea ja taittaa kokoon. MDF-rakenne takaa my\u00f6s vakaan tuen, joten jopa kaksi henkil\u00f6\u00e4, joiden paino on yhteens\u00e4 enint\u00e4\u00e4n 300 kg (staattinen kantavuus), voi istua samanaikaisesti penkill\u00e4. SONGMICS tarjoaa sinulle monia muita fiksuja sisustusideoita: katselu on nimenomaan sallittua! Tuotetiedot:- V\u00e4ri: harmaa &#8211; Materiaali: PVC, MDF (keskitihe\u00e4 kuitulevy), vaahtomuovi &#8211; Koko: 110 x 38 x 38 cm (P x L x K) &#8211; Paino: 8,8 kg &#8211; Maks. staattinen kantavuus: 300 kg Toimitus sis\u00e4lt\u00e4\u00e4: &#8211; 1 x penkki Tuotekuvaus<\/p>\n","protected":false},"excerpt":{"rendered":"<p>SONGMICS taitettava s\u00e4ilytystilalla varustettu 3-paikkainen istuinpenkki, kantavuus 300 kg, keinonahka, beige, 110 x 38 x 38 cm, LSF70M<\/p>\n","protected":false},"featured_media":43649,"comment_status":"open","ping_status":"closed","template":"","meta":[],"product_brand":[],"product_cat":[32],"product_tag":[],"class_list":{"0":"post-35051","1":"product","2":"type-product","3":"status-publish","4":"has-post-thumbnail","6":"product_cat-uncategorized-fi","8":"first","9":"instock","10":"shipping-taxable","11":"purchasable","12":"product-type-simple"},"_links":{"self":[{"href":"https:\/\/nordicmart.andreevmaster.com\/fi\/wp-json\/wp\/v2\/product\/35051","targetHints":{"allow":["GET"]}}],"collection":[{"href":"https:\/\/nordicmart.andreevmaster.com\/fi\/wp-json\/wp\/v2\/product"}],"about":[{"href":"https:\/\/nordicmart.andreevmaster.com\/fi\/wp-json\/wp\/v2\/types\/product"}],"replies":[{"embeddable":true,"href":"https:\/\/nordicmart.andreevmaster.com\/fi\/wp-json\/wp\/v2\/comments?post=35051"}],"wp:featuredmedia":[{"embeddable":true,"href":"https:\/\/nordicmart.andreevmaster.com\/fi\/wp-json\/wp\/v2\/media\/43649"}],"wp:attachment":[{"href":"https:\/\/nordicmart.andreevmaster.com\/fi\/wp-json\/wp\/v2\/media?parent=35051"}],"wp:term":[{"taxonomy":"product_brand","embeddable":true,"href":"https:\/\/nordicmart.andreevmaster.com\/fi\/wp-json\/wp\/v2\/product_brand?post=35051"},{"taxonomy":"product_cat","embeddable":true,"href":"https:\/\/nordicmart.andreevmaster.com\/fi\/wp-json\/wp\/v2\/product_cat?post=35051"},{"taxonomy":"product_tag","embeddable":true,"href":"https:\/\/nordicmart.andreevmaster.com\/fi\/wp-json\/wp\/v2\/product_tag?post=35051"}],"curies":[{"name":"wp","href":"https:\/\/api.w.org\/{rel}","templated":true}]}}