{"id":35044,"date":"2026-02-27T00:28:16","date_gmt":"2026-02-27T00:28:16","guid":{"rendered":"https:\/\/nordicmart.andreevmaster.com\/product\/songmics-pyorea-sailytystilaa-sisaltava-jakkara-irrotettavalla-kannella\/"},"modified":"2026-02-27T09:47:12","modified_gmt":"2026-02-27T09:47:12","slug":"songmics-pyorea-sailytystilaa-sisaltava-jakkara-irrotettavalla-kannella","status":"publish","type":"product","link":"https:\/\/nordicmart.andreevmaster.com\/fi\/tuote\/songmics-pyorea-sailytystilaa-sisaltava-jakkara-irrotettavalla-kannella\/","title":{"rendered":"SONGMICS Py\u00f6re\u00e4 s\u00e4ilytystilaa sis\u00e4lt\u00e4v\u00e4 jakkara irrotettavalla kannella"},"content":{"rendered":"<p>SONGMICS Mazie -kokoelma \u2013 py\u00f6re\u00e4 jakkara, jalkapalloteline s\u00e4ilytystilalla, taitettava jakkara irrotettavalla kannella, helppo asentaa, fleece, asuntola, makuuhuone, olohuone, pastellinpunainen LSF606R01<br \/>\nV\u00e4ri: pastellinpunainen<br \/>\nMateriaali: MDF (keskitihe\u00e4 kuitulevy), fleece, vaahtomuovi, ter\u00e4s<br \/>\nKoko: 46 cm (halkaisija), 45 cm (korkeus)<br \/>\nPaino: 4 kg<br \/>\nMaks. staattinen kantavuus: 200 kg<br \/>\nTilavuus: 65 l<\/p>\n","protected":false},"excerpt":{"rendered":"<p>SONGMICS Mazie -kokoelma \u2013 py\u00f6re\u00e4 jakkara, jalkapalloteline s\u00e4ilytystilalla, taitettava jakkara irrotettavalla kannella, helppo asentaa, fleece, asuntola, makuuhuone, olohuone, pastellinpunainen LSF606R01<\/p>\n","protected":false},"featured_media":43642,"comment_status":"open","ping_status":"closed","template":"","meta":[],"product_brand":[],"product_cat":[32],"product_tag":[],"class_list":{"0":"post-35044","1":"product","2":"type-product","3":"status-publish","4":"has-post-thumbnail","6":"product_cat-uncategorized-fi","8":"first","9":"instock","10":"shipping-taxable","11":"purchasable","12":"product-type-simple"},"_links":{"self":[{"href":"https:\/\/nordicmart.andreevmaster.com\/fi\/wp-json\/wp\/v2\/product\/35044","targetHints":{"allow":["GET"]}}],"collection":[{"href":"https:\/\/nordicmart.andreevmaster.com\/fi\/wp-json\/wp\/v2\/product"}],"about":[{"href":"https:\/\/nordicmart.andreevmaster.com\/fi\/wp-json\/wp\/v2\/types\/product"}],"replies":[{"embeddable":true,"href":"https:\/\/nordicmart.andreevmaster.com\/fi\/wp-json\/wp\/v2\/comments?post=35044"}],"wp:featuredmedia":[{"embeddable":true,"href":"https:\/\/nordicmart.andreevmaster.com\/fi\/wp-json\/wp\/v2\/media\/43642"}],"wp:attachment":[{"href":"https:\/\/nordicmart.andreevmaster.com\/fi\/wp-json\/wp\/v2\/media?parent=35044"}],"wp:term":[{"taxonomy":"product_brand","embeddable":true,"href":"https:\/\/nordicmart.andreevmaster.com\/fi\/wp-json\/wp\/v2\/product_brand?post=35044"},{"taxonomy":"product_cat","embeddable":true,"href":"https:\/\/nordicmart.andreevmaster.com\/fi\/wp-json\/wp\/v2\/product_cat?post=35044"},{"taxonomy":"product_tag","embeddable":true,"href":"https:\/\/nordicmart.andreevmaster.com\/fi\/wp-json\/wp\/v2\/product_tag?post=35044"}],"curies":[{"name":"wp","href":"https:\/\/api.w.org\/{rel}","templated":true}]}}