{"id":35039,"date":"2026-02-27T00:28:15","date_gmt":"2026-02-27T00:28:15","guid":{"rendered":"https:\/\/nordicmart.andreevmaster.com\/product\/songmics-istuinkontti-sailytystilalla-punainen\/"},"modified":"2026-02-27T09:47:11","modified_gmt":"2026-02-27T09:47:11","slug":"songmics-istuinkontti-sailytystilalla-punainen","status":"publish","type":"product","link":"https:\/\/nordicmart.andreevmaster.com\/fi\/tuote\/songmics-istuinkontti-sailytystilalla-punainen\/","title":{"rendered":"SONGMICS istuinkontti s\u00e4ilytystilalla, punainen"},"content":{"rendered":"<p>T\u00e4m\u00e4 SONGMICS-istuinarkku on t\u00e4ydellinen lis\u00e4 kotisi sisustukseen. \u00c4lykk\u00e4\u00e4n muotoilunsa ansiosta arkku sopii useisiin k\u00e4ytt\u00f6tarkoituksiin ja toimii erityisesti pieniss\u00e4 asunnoissa k\u00e4yt\u00e4nn\u00f6llisen\u00e4 kenk\u00e4arkuna, s\u00e4ngynarkuna tai ylim\u00e4\u00e4r\u00e4isen\u00e4 istuimena olohuoneessa.  Istu mukavasti pehme\u00e4lle penkille ja silit\u00e4 k\u00e4dell\u00e4si miellytt\u00e4v\u00e4\u00e4 keinolinakankaista p\u00e4\u00e4llist\u00e4. Paitsi ett\u00e4 verhoilu on eritt\u00e4in kest\u00e4v\u00e4, my\u00f6s koko rakenne on valmistettu korkealaatuisesta MDF-levyst\u00e4, jonka ansiosta sen staattinen kantavuus on jopa 300 kg. Tuotetiedot: &#8211; V\u00e4ri: punainen &#8211; Materiaali: keinolinane, vaahtomuovi, MDF (keskitihe\u00e4 kuitulevy) &#8211; Mitat (ulkoiset): 76 x 38 x 38 cm (P x L x K) &#8211; Mitat (sis\u00e4puolella): 73 x 33,5 x 34 cm (P x L x K) &#8211; Paino: 6,0 kg &#8211; Maks. staattinen kantavuus: 300 kg Toimitus sis\u00e4lt\u00e4\u00e4: &#8211; 1 x istuinkirstu SONGMICS Huomautukset: &#8211; Kirstu ei ole lelu! Pikkulasten saa k\u00e4ytt\u00e4\u00e4 sit\u00e4 vain aikuisen v\u00e4litt\u00f6m\u00e4ss\u00e4 valvonnassa. &#8211; \u00c4l\u00e4 nouse tuotteen p\u00e4\u00e4lle \u00e4l\u00e4k\u00e4 k\u00e4yt\u00e4 sit\u00e4 tikkaana tai kiipeilyapuna.<\/p>\n","protected":false},"excerpt":{"rendered":"<p>SONGMICS penkki s\u00e4ilytystilalla, istuinkirstu, istuintyyny, s\u00e4ilytyslaatikko, jalkatuki, taitettava, kantavuus 300 kg, 80 l, 76 x 38 x 38 cm, keinokangas, vaaleanharmaa LSF47G<\/p>\n","protected":false},"featured_media":43637,"comment_status":"open","ping_status":"closed","template":"","meta":[],"product_brand":[],"product_cat":[32],"product_tag":[],"class_list":{"0":"post-35039","1":"product","2":"type-product","3":"status-publish","4":"has-post-thumbnail","6":"product_cat-uncategorized-fi","8":"first","9":"instock","10":"shipping-taxable","11":"purchasable","12":"product-type-simple"},"_links":{"self":[{"href":"https:\/\/nordicmart.andreevmaster.com\/fi\/wp-json\/wp\/v2\/product\/35039","targetHints":{"allow":["GET"]}}],"collection":[{"href":"https:\/\/nordicmart.andreevmaster.com\/fi\/wp-json\/wp\/v2\/product"}],"about":[{"href":"https:\/\/nordicmart.andreevmaster.com\/fi\/wp-json\/wp\/v2\/types\/product"}],"replies":[{"embeddable":true,"href":"https:\/\/nordicmart.andreevmaster.com\/fi\/wp-json\/wp\/v2\/comments?post=35039"}],"wp:featuredmedia":[{"embeddable":true,"href":"https:\/\/nordicmart.andreevmaster.com\/fi\/wp-json\/wp\/v2\/media\/43637"}],"wp:attachment":[{"href":"https:\/\/nordicmart.andreevmaster.com\/fi\/wp-json\/wp\/v2\/media?parent=35039"}],"wp:term":[{"taxonomy":"product_brand","embeddable":true,"href":"https:\/\/nordicmart.andreevmaster.com\/fi\/wp-json\/wp\/v2\/product_brand?post=35039"},{"taxonomy":"product_cat","embeddable":true,"href":"https:\/\/nordicmart.andreevmaster.com\/fi\/wp-json\/wp\/v2\/product_cat?post=35039"},{"taxonomy":"product_tag","embeddable":true,"href":"https:\/\/nordicmart.andreevmaster.com\/fi\/wp-json\/wp\/v2\/product_tag?post=35039"}],"curies":[{"name":"wp","href":"https:\/\/api.w.org\/{rel}","templated":true}]}}