{"id":35038,"date":"2026-02-27T00:28:15","date_gmt":"2026-02-27T00:28:15","guid":{"rendered":"https:\/\/nordicmart.andreevmaster.com\/product\/songmics-istuinkirstu-80-l-suklaanruskea\/"},"modified":"2026-02-27T09:47:11","modified_gmt":"2026-02-27T09:47:11","slug":"songmics-istuinkirstu-80-l-suklaanruskea","status":"publish","type":"product","link":"https:\/\/nordicmart.andreevmaster.com\/fi\/tuote\/songmics-istuinkirstu-80-l-suklaanruskea\/","title":{"rendered":"SONGMICS istuinkirstu 80 L suklaanruskea"},"content":{"rendered":"<p>T\u00e4m\u00e4 tyylik\u00e4s istuinkirstu on todellinen katseenvangitsija miss\u00e4 tahansa huoneessa ja ihanteellinen ratkaisu kodin ymp\u00e4ri lojuvien ja seisovien esineiden s\u00e4ilytykseen! Istuinosa on valmistettu erityisen paksusta vaahtomuovista, mik\u00e4 takaa miellytt\u00e4v\u00e4n istumamukavuuden. Erityisen paksulla pohjalevyll\u00e4 ja kansilevyll\u00e4. Vakaan rakenteensa ansiosta istuinkotelo ei muutu helposti muodoltaan. Irrotettavan kannen ansiosta t\u00e4m\u00e4 istuinkotelo sopii erinomaisesti peittojen, lehtien, CD-\/DVD-levyjen, kirjojen jne. s\u00e4ilytykseen. Songmicsin istuinkotelo sopii erinomaisesti ruokailuhuoneeseen, olohuoneeseen, lastenhuoneeseen, makuuhuoneeseen jne. ja n\u00e4ytt\u00e4\u00e4 hyv\u00e4lt\u00e4 miss\u00e4 tahansa!Tuotetiedot: Materiaali: MDF-levy + keinonahka Mitat: noin 76 x 38 x 38 cm (L x K x S) Sis\u00e4mitat: 73 x 34 x 33,5 cm (L x K x S) V\u00e4ri: suklaanruskea Yksitt\u00e4inen paino: 6,62 kg Toimitus sis\u00e4lt\u00e4\u00e4: 1 x taitettava istuintyyny<\/p>\n","protected":false},"excerpt":{"rendered":"<p>SONGMICS penkki s\u00e4ilytystilalla, istuinkirstu, jossa on kansi, s\u00e4ilytyslaatikko, taitettava, maks. staattinen kantavuus 300 kg, 80 l, 76 x 38 x 38 cm, keinokangas, vaaleanharmaa melange LSF41G<\/p>\n","protected":false},"featured_media":43636,"comment_status":"open","ping_status":"closed","template":"","meta":[],"product_brand":[],"product_cat":[32],"product_tag":[],"class_list":{"0":"post-35038","1":"product","2":"type-product","3":"status-publish","4":"has-post-thumbnail","6":"product_cat-uncategorized-fi","8":"first","9":"instock","10":"shipping-taxable","11":"purchasable","12":"product-type-simple"},"_links":{"self":[{"href":"https:\/\/nordicmart.andreevmaster.com\/fi\/wp-json\/wp\/v2\/product\/35038","targetHints":{"allow":["GET"]}}],"collection":[{"href":"https:\/\/nordicmart.andreevmaster.com\/fi\/wp-json\/wp\/v2\/product"}],"about":[{"href":"https:\/\/nordicmart.andreevmaster.com\/fi\/wp-json\/wp\/v2\/types\/product"}],"replies":[{"embeddable":true,"href":"https:\/\/nordicmart.andreevmaster.com\/fi\/wp-json\/wp\/v2\/comments?post=35038"}],"wp:featuredmedia":[{"embeddable":true,"href":"https:\/\/nordicmart.andreevmaster.com\/fi\/wp-json\/wp\/v2\/media\/43636"}],"wp:attachment":[{"href":"https:\/\/nordicmart.andreevmaster.com\/fi\/wp-json\/wp\/v2\/media?parent=35038"}],"wp:term":[{"taxonomy":"product_brand","embeddable":true,"href":"https:\/\/nordicmart.andreevmaster.com\/fi\/wp-json\/wp\/v2\/product_brand?post=35038"},{"taxonomy":"product_cat","embeddable":true,"href":"https:\/\/nordicmart.andreevmaster.com\/fi\/wp-json\/wp\/v2\/product_cat?post=35038"},{"taxonomy":"product_tag","embeddable":true,"href":"https:\/\/nordicmart.andreevmaster.com\/fi\/wp-json\/wp\/v2\/product_tag?post=35038"}],"curies":[{"name":"wp","href":"https:\/\/api.w.org\/{rel}","templated":true}]}}