{"id":35037,"date":"2026-02-27T00:28:14","date_gmt":"2026-02-27T00:28:14","guid":{"rendered":"https:\/\/nordicmart.andreevmaster.com\/product\/songmics-penkki-sailytystilalla-76-cm-tummanharmaa\/"},"modified":"2026-02-27T09:47:11","modified_gmt":"2026-02-27T09:47:11","slug":"songmics-penkki-sailytystilalla-76-cm-tummanharmaa","status":"publish","type":"product","link":"https:\/\/nordicmart.andreevmaster.com\/fi\/tuote\/songmics-penkki-sailytystilalla-76-cm-tummanharmaa\/","title":{"rendered":"SONGMICS-penkki s\u00e4ilytystilalla 76 cm tummanharmaa"},"content":{"rendered":"<p>Tuotekuvaus:  &#8211; Py\u00f6ristetyt kulmat, huolellinen viimeistely, yksinkertainen muotoilu, ymp\u00e4rist\u00f6yst\u00e4v\u00e4llinen, kest\u00e4v\u00e4 ja kulutusta kest\u00e4v\u00e4.  &#8211; Sopii helposti haluttuun ymp\u00e4rist\u00f6\u00f6n ja saatavana eri v\u00e4reiss\u00e4 ja kooissa.  &#8211; Sopii s\u00e4ilytystilaksi, mutta sit\u00e4 voi k\u00e4ytt\u00e4\u00e4 my\u00f6s istuimena, kenk\u00e4penkkin\u00e4, jalkapenkkin\u00e4, y\u00f6p\u00f6yt\u00e4n\u00e4 jne.  Toimitus sis\u00e4lt\u00e4\u00e4:  &#8211; 1 x taitettava istuinkirstu<\/p>\n","protected":false},"excerpt":{"rendered":"<p>SONGMICS penkki s\u00e4ilytystilalla, istuinkirstu, istuintyyny, s\u00e4ilytyslaatikko, jalkatuki, taitettava, kantavuus 300 kg, 80 l, 76 x 38 x 38 cm, keinokangas, vaaleanharmaa LSF47G<\/p>\n","protected":false},"featured_media":43635,"comment_status":"open","ping_status":"closed","template":"","meta":[],"product_brand":[],"product_cat":[32],"product_tag":[],"class_list":{"0":"post-35037","1":"product","2":"type-product","3":"status-publish","4":"has-post-thumbnail","6":"product_cat-uncategorized-fi","8":"first","9":"instock","10":"shipping-taxable","11":"purchasable","12":"product-type-simple"},"_links":{"self":[{"href":"https:\/\/nordicmart.andreevmaster.com\/fi\/wp-json\/wp\/v2\/product\/35037","targetHints":{"allow":["GET"]}}],"collection":[{"href":"https:\/\/nordicmart.andreevmaster.com\/fi\/wp-json\/wp\/v2\/product"}],"about":[{"href":"https:\/\/nordicmart.andreevmaster.com\/fi\/wp-json\/wp\/v2\/types\/product"}],"replies":[{"embeddable":true,"href":"https:\/\/nordicmart.andreevmaster.com\/fi\/wp-json\/wp\/v2\/comments?post=35037"}],"wp:featuredmedia":[{"embeddable":true,"href":"https:\/\/nordicmart.andreevmaster.com\/fi\/wp-json\/wp\/v2\/media\/43635"}],"wp:attachment":[{"href":"https:\/\/nordicmart.andreevmaster.com\/fi\/wp-json\/wp\/v2\/media?parent=35037"}],"wp:term":[{"taxonomy":"product_brand","embeddable":true,"href":"https:\/\/nordicmart.andreevmaster.com\/fi\/wp-json\/wp\/v2\/product_brand?post=35037"},{"taxonomy":"product_cat","embeddable":true,"href":"https:\/\/nordicmart.andreevmaster.com\/fi\/wp-json\/wp\/v2\/product_cat?post=35037"},{"taxonomy":"product_tag","embeddable":true,"href":"https:\/\/nordicmart.andreevmaster.com\/fi\/wp-json\/wp\/v2\/product_tag?post=35037"}],"curies":[{"name":"wp","href":"https:\/\/api.w.org\/{rel}","templated":true}]}}