{"id":35036,"date":"2026-02-27T00:28:14","date_gmt":"2026-02-27T00:28:14","guid":{"rendered":"https:\/\/nordicmart.andreevmaster.com\/product\/songmics-istuinkirstu-76-cm-tummansininen\/"},"modified":"2026-02-27T09:47:11","modified_gmt":"2026-02-27T09:47:11","slug":"songmics-istuinkirstu-76-cm-tummansininen","status":"publish","type":"product","link":"https:\/\/nordicmart.andreevmaster.com\/fi\/tuote\/songmics-istuinkirstu-76-cm-tummansininen\/","title":{"rendered":"SONGMICS istuinkirstu 76 cm, tummansininen"},"content":{"rendered":"<p>T\u00e4m\u00e4 penkki on valmistettu parhaassa Chesterfield-tyyliss\u00e4 tyypillisill\u00e4 kangaslaskosilla ja on edullinen vaihtoehto kuuluisille englantilaisille esikuville. Tummansininen keinolinakankaan p\u00e4\u00e4llinen lis\u00e4\u00e4 huonekalun charmia ja tekee siit\u00e4 erityisen kest\u00e4v\u00e4n.  S\u00e4\u00e4st\u00e4\u00e4 tilaa enemm\u00e4n kuin sohva tai vaatekaappi Sen sijaan, ett\u00e4 ostaisit uuden sohvan olohuoneeseen lis\u00e4istumapaikkoja varten tai uuden vaatekaapin makuuhuoneeseen lis\u00e4\u00e4 s\u00e4ilytystilaa varten, voit valita t\u00e4m\u00e4n penkin, joka on &#8221;yksi koko pienempi&#8221;. Sijoita se sohvan vastap\u00e4\u00e4t\u00e4 tai aseta mukava verhoiltu huonekalu s\u00e4ngyn jalkop\u00e4\u00e4h\u00e4n ja s\u00e4ilyt\u00e4 siin\u00e4 vuodevaatteita tai pyjamaa. Tyylik\u00e4s laatikko on helppo avata, sulkea ja taittaa kokoon. MDF-rakenne takaa my\u00f6s vakaan tuen, joten jopa kaksi henkil\u00f6\u00e4, joiden paino on yhteens\u00e4 enint\u00e4\u00e4n 300 kg (staattinen kantavuus), voi istua samanaikaisesti penkill\u00e4. SONGMICS tarjoaa sinulle monia muita edullisia ja fiksuja sisustusideoita: katselu on ehdottomasti sallittua!  Tuotetiedot: &#8211; V\u00e4ri: tummansininen &#8211; Materiaali: keinolinne, MDF (keskitihe\u00e4 kuitulevy), vaahtomuovi &#8211; Koko: 76 x 38 x 38 cm (L x S x K) &#8211; Paino: 6,4 kg &#8211; Maks. kantavuus: 300 kg (staattinen kantavuus)  Toimitus sis\u00e4lt\u00e4\u00e4: &#8211; 1 x penkki<\/p>\n","protected":false},"excerpt":{"rendered":"<p>SONGMICS penkki s\u00e4ilytystilalla, istuinkirstu, istuintyyny, s\u00e4ilytyslaatikko, jalkatuki, taitettava, kantavuus 300 kg, 80 l, 76 x 38 x 38 cm, keinokangas, vaaleanharmaa LSF47G<\/p>\n","protected":false},"featured_media":43634,"comment_status":"open","ping_status":"closed","template":"","meta":[],"product_brand":[],"product_cat":[32],"product_tag":[],"class_list":{"0":"post-35036","1":"product","2":"type-product","3":"status-publish","4":"has-post-thumbnail","6":"product_cat-uncategorized-fi","8":"first","9":"instock","10":"shipping-taxable","11":"purchasable","12":"product-type-simple"},"_links":{"self":[{"href":"https:\/\/nordicmart.andreevmaster.com\/fi\/wp-json\/wp\/v2\/product\/35036","targetHints":{"allow":["GET"]}}],"collection":[{"href":"https:\/\/nordicmart.andreevmaster.com\/fi\/wp-json\/wp\/v2\/product"}],"about":[{"href":"https:\/\/nordicmart.andreevmaster.com\/fi\/wp-json\/wp\/v2\/types\/product"}],"replies":[{"embeddable":true,"href":"https:\/\/nordicmart.andreevmaster.com\/fi\/wp-json\/wp\/v2\/comments?post=35036"}],"wp:featuredmedia":[{"embeddable":true,"href":"https:\/\/nordicmart.andreevmaster.com\/fi\/wp-json\/wp\/v2\/media\/43634"}],"wp:attachment":[{"href":"https:\/\/nordicmart.andreevmaster.com\/fi\/wp-json\/wp\/v2\/media?parent=35036"}],"wp:term":[{"taxonomy":"product_brand","embeddable":true,"href":"https:\/\/nordicmart.andreevmaster.com\/fi\/wp-json\/wp\/v2\/product_brand?post=35036"},{"taxonomy":"product_cat","embeddable":true,"href":"https:\/\/nordicmart.andreevmaster.com\/fi\/wp-json\/wp\/v2\/product_cat?post=35036"},{"taxonomy":"product_tag","embeddable":true,"href":"https:\/\/nordicmart.andreevmaster.com\/fi\/wp-json\/wp\/v2\/product_tag?post=35036"}],"curies":[{"name":"wp","href":"https:\/\/api.w.org\/{rel}","templated":true}]}}