{"id":35034,"date":"2026-02-27T00:28:13","date_gmt":"2026-02-27T00:28:13","guid":{"rendered":"https:\/\/nordicmart.andreevmaster.com\/product\/songmics-istuinkirstu-80-l-keinotekoinen-pellava-beige\/"},"modified":"2026-02-27T09:47:10","modified_gmt":"2026-02-27T09:47:10","slug":"songmics-istuinkirstu-80-l-keinotekoinen-pellava-beige","status":"publish","type":"product","link":"https:\/\/nordicmart.andreevmaster.com\/fi\/tuote\/songmics-istuinkirstu-80-l-keinotekoinen-pellava-beige\/","title":{"rendered":"SONGMICS istuinkirstu 80 L, keinotekoinen pellava, beige"},"content":{"rendered":"<p>T\u00e4m\u00e4 SONGMICS-istuinarkku on t\u00e4ydellinen lis\u00e4 kodin sisustukseen. \u00c4lykk\u00e4\u00e4n muotoilunsa ansiosta arkku sopii useisiin k\u00e4ytt\u00f6tarkoituksiin ja toimii erityisesti pieniss\u00e4 asunnoissa k\u00e4yt\u00e4nn\u00f6llisen\u00e4 kenk\u00e4penkkin\u00e4, s\u00e4ngynarkkuna tai ylim\u00e4\u00e4r\u00e4isen\u00e4 istuimena olohuoneessa. Istu mukavasti penkin pehme\u00e4lle verhoilulle ja silit\u00e4 k\u00e4tt\u00e4si miellytt\u00e4v\u00e4n keinolinakankaan p\u00e4\u00e4ll\u00e4. Kangas on eritt\u00e4in kest\u00e4v\u00e4, samoin kuin koko korkealaatuisesta MDF-levyst\u00e4 valmistettu rakenne, jonka maksimaalinen staattinen kantavuus on 300 kg. Tuotetiedot: V\u00e4ri: beige Materiaali: keinolinane, vaahtomuovi, MDF (keskitihe\u00e4 kuitulevy)Mitat (ulkoiset): 76 x 38 x 38 cm (P x L x K) Mitat (sis\u00e4iset): 73 x 33,5 x 34 cm (P x L x K) Paino: 6,0 kg Maks. staattinen kantavuus: 300 kg Toimitus sis\u00e4lt\u00e4\u00e4: 1 x istuinkirstu Huomautukset: Kirstu ei ole lelu! Pikkulasten k\u00e4ytt\u00f6 sallittu vain aikuisen v\u00e4litt\u00f6m\u00e4ss\u00e4 valvonnassa. \u00c4l\u00e4 nouse tuotteen p\u00e4\u00e4lle \u00e4l\u00e4k\u00e4 k\u00e4yt\u00e4 sit\u00e4 tikkaana tai kiipeilyapuna.<\/p>\n","protected":false},"excerpt":{"rendered":"<p>SONGMICS penkki s\u00e4ilytystilalla, istuinkirstu, istuintyyny, s\u00e4ilytyslaatikko, jalkatuki, taitettava, kantavuus 300 kg, 80 l, 76 x 38 x 38 cm, keinokangas, vaaleanharmaa LSF47G<\/p>\n","protected":false},"featured_media":43632,"comment_status":"open","ping_status":"closed","template":"","meta":[],"product_brand":[],"product_cat":[32],"product_tag":[],"class_list":{"0":"post-35034","1":"product","2":"type-product","3":"status-publish","4":"has-post-thumbnail","6":"product_cat-uncategorized-fi","8":"first","9":"instock","10":"shipping-taxable","11":"purchasable","12":"product-type-simple"},"_links":{"self":[{"href":"https:\/\/nordicmart.andreevmaster.com\/fi\/wp-json\/wp\/v2\/product\/35034","targetHints":{"allow":["GET"]}}],"collection":[{"href":"https:\/\/nordicmart.andreevmaster.com\/fi\/wp-json\/wp\/v2\/product"}],"about":[{"href":"https:\/\/nordicmart.andreevmaster.com\/fi\/wp-json\/wp\/v2\/types\/product"}],"replies":[{"embeddable":true,"href":"https:\/\/nordicmart.andreevmaster.com\/fi\/wp-json\/wp\/v2\/comments?post=35034"}],"wp:featuredmedia":[{"embeddable":true,"href":"https:\/\/nordicmart.andreevmaster.com\/fi\/wp-json\/wp\/v2\/media\/43632"}],"wp:attachment":[{"href":"https:\/\/nordicmart.andreevmaster.com\/fi\/wp-json\/wp\/v2\/media?parent=35034"}],"wp:term":[{"taxonomy":"product_brand","embeddable":true,"href":"https:\/\/nordicmart.andreevmaster.com\/fi\/wp-json\/wp\/v2\/product_brand?post=35034"},{"taxonomy":"product_cat","embeddable":true,"href":"https:\/\/nordicmart.andreevmaster.com\/fi\/wp-json\/wp\/v2\/product_cat?post=35034"},{"taxonomy":"product_tag","embeddable":true,"href":"https:\/\/nordicmart.andreevmaster.com\/fi\/wp-json\/wp\/v2\/product_tag?post=35034"}],"curies":[{"name":"wp","href":"https:\/\/api.w.org\/{rel}","templated":true}]}}